{"id":1205,"date":"2021-02-27T20:13:03","date_gmt":"2021-02-27T19:13:03","guid":{"rendered":"http:\/\/a.a.p.p.les2truites.fr\/?page_id=1205"},"modified":"2024-02-05T11:43:33","modified_gmt":"2024-02-05T10:43:33","slug":"news-2","status":"publish","type":"page","link":"http:\/\/a.a.p.p.les2truites.fr\/?page_id=1205","title":{"rendered":"News 2023"},"content":{"rendered":"<p>Dans cette rubrique figureront toutes les \u00ab\u00a0news\u00a0\u00bb de l\u2019association, du site,\u2026 En clair, tout ce qui concerne l\u2019A.A.P.P. les 2 truites.<\/p>\n<p><strong><em>mars 2023 :<\/em><\/strong> Publication du <strong><a href=\"http:\/\/a.a.p.p.les2truites.fr\/?page_id=1209\">Comit\u00e9 2023<\/a><\/strong>.<\/p>\n<p><strong><em>mars 2023 :<\/em><\/strong> Publication des <strong><a href=\"http:\/\/a.a.p.p.les2truites.fr\/?page_id=1212\">Dates des concours 2023<\/a><\/strong>.<\/p>\n<p><em><strong>mars 2023 :<\/strong><\/em> Mise \u00e0 jour de la <a href=\"http:\/\/a.a.p.p.les2truites.fr\/wp-content\/uploads\/2023\/03\/fiche_de_renseignements_2023.pdf\" target=\"_blank\" rel=\"noopener\"><strong>Fiche de renseignements 2023<\/strong><\/a><strong>.<\/strong><\/p>\n<p><strong><em>mars 2023 : <\/em><\/strong>Mise \u00e0 jour des <strong><a href=\"http:\/\/a.a.p.p.les2truites.fr\/?page_id=1196\">Tarifs des cartes de p\u00eache 2023<\/a>.<\/strong><\/p>\n<p><strong><em>mars 2023 :<\/em><\/strong>\u00a0Publication du <strong><a href=\"http:\/\/a.a.p.p.les2truites.fr\/?page_id=1407\">R\u00e8glement 2023<\/a>.<\/strong><\/p>\n<p><strong><em>janvier 2023 :<\/em><\/strong> Passage du site internet en version 10.23 suite \u00e0 la nouvelle ann\u00e9e qui commence.<\/p>\n<p>Les <strong><a href=\"http:\/\/a.a.p.p.les2truites.fr\/?page_id=1212\" target=\"_blank\" rel=\"noopener\">Dates des concours<\/a><\/strong> n&rsquo;ont pas encore \u00e9t\u00e9 arr\u00eat\u00e9es pour l\u2019ann\u00e9e 2023.<\/p>\n<p>Les\u00a0<a href=\"http:\/\/a.a.p.p.les2truites.fr\/?page_id=1222\"><strong>Dates des travaux du comit\u00e9<\/strong><\/a> ne sont pas encore arr\u00eat\u00e9es pour l\u2019ann\u00e9e 2023.<\/p>\n","protected":false},"excerpt":{"rendered":"<p>Dans cette rubrique figureront toutes les \u00ab\u00a0news\u00a0\u00bb de l\u2019association, du site,\u2026 En clair, tout ce qui concerne l\u2019A.A.P.P. les 2 truites. mars 2023 : Publication du Comit\u00e9 2023. mars 2023 : Publication des Dates des concours 2023. mars 2023 : Mise \u00e0 jour de la Fiche de renseignements 2023. mars \u2026 <a class=\"continue-reading-link\" href=\"http:\/\/a.a.p.p.les2truites.fr\/?page_id=1205\"> Continue reading <span class=\"meta-nav\">&rarr; <\/span><\/a><\/p>\n","protected":false},"author":1,"featured_media":0,"parent":1516,"menu_order":1,"comment_status":"closed","ping_status":"closed","template":"","meta":{"_monsterinsights_skip_tracking":false,"_monsterinsights_sitenote_active":false,"_monsterinsights_sitenote_note":"","_monsterinsights_sitenote_category":0,"footnotes":""},"class_list":["post-1205","page","type-page","status-publish","hentry"],"yoast_head":"<!-- This site is optimized with the Yoast SEO plugin v27.3 - https:\/\/yoast.com\/product\/yoast-seo-wordpress\/ -->\n<title>News 2023 - AAPP les 2 truites<\/title>\n<meta name=\"robots\" content=\"index, follow, max-snippet:-1, max-image-preview:large, max-video-preview:-1\" \/>\n<link rel=\"canonical\" href=\"http:\/\/a.a.p.p.les2truites.fr\/?page_id=1205\" \/>\n<meta property=\"og:locale\" content=\"fr_FR\" \/>\n<meta property=\"og:type\" content=\"article\" \/>\n<meta property=\"og:title\" content=\"News 2023 - AAPP les 2 truites\" \/>\n<meta property=\"og:description\" content=\"Dans cette rubrique figureront toutes les \u00ab\u00a0news\u00a0\u00bb de l\u2019association, du site,\u2026 En clair, tout ce qui concerne l\u2019A.A.P.P. les 2 truites. mars 2023 : Publication du Comit\u00e9 2023. mars 2023 : Publication des Dates des concours 2023. mars 2023 : Mise \u00e0 jour de la Fiche de renseignements 2023. mars \u2026 Continue reading &rarr;\" \/>\n<meta property=\"og:url\" content=\"http:\/\/a.a.p.p.les2truites.fr\/?page_id=1205\" \/>\n<meta property=\"og:site_name\" content=\"AAPP les 2 truites\" \/>\n<meta property=\"article:modified_time\" content=\"2024-02-05T10:43:33+00:00\" \/>\n<meta name=\"twitter:label1\" content=\"Dur\u00e9e de lecture estim\u00e9e\" \/>\n\t<meta name=\"twitter:data1\" content=\"1 minute\" \/>\n<script type=\"application\/ld+json\" class=\"yoast-schema-graph\">{\"@context\":\"https:\\\/\\\/schema.org\",\"@graph\":[{\"@type\":\"WebPage\",\"@id\":\"http:\\\/\\\/a.a.p.p.les2truites.fr\\\/?page_id=1205\",\"url\":\"http:\\\/\\\/a.a.p.p.les2truites.fr\\\/?page_id=1205\",\"name\":\"News 2023 - AAPP les 2 truites\",\"isPartOf\":{\"@id\":\"https:\\\/\\\/a.a.p.p.les2truites.fr\\\/#website\"},\"datePublished\":\"2021-02-27T19:13:03+00:00\",\"dateModified\":\"2024-02-05T10:43:33+00:00\",\"breadcrumb\":{\"@id\":\"http:\\\/\\\/a.a.p.p.les2truites.fr\\\/?page_id=1205#breadcrumb\"},\"inLanguage\":\"fr-FR\",\"potentialAction\":[{\"@type\":\"ReadAction\",\"target\":[\"http:\\\/\\\/a.a.p.p.les2truites.fr\\\/?page_id=1205\"]}]},{\"@type\":\"BreadcrumbList\",\"@id\":\"http:\\\/\\\/a.a.p.p.les2truites.fr\\\/?page_id=1205#breadcrumb\",\"itemListElement\":[{\"@type\":\"ListItem\",\"position\":1,\"name\":\"Archives\",\"item\":\"http:\\\/\\\/a.a.p.p.les2truites.fr\\\/?page_id=356\"},{\"@type\":\"ListItem\",\"position\":2,\"name\":\"2023\",\"item\":\"https:\\\/\\\/a.a.p.p.les2truites.fr\\\/?page_id=1516\"},{\"@type\":\"ListItem\",\"position\":3,\"name\":\"News 2023\"}]},{\"@type\":\"WebSite\",\"@id\":\"https:\\\/\\\/a.a.p.p.les2truites.fr\\\/#website\",\"url\":\"https:\\\/\\\/a.a.p.p.les2truites.fr\\\/\",\"name\":\"AAPP les 2 truites\",\"description\":\"Tous droits r\u00e9serv\u00e9s \u00a9 2011-2025\",\"potentialAction\":[{\"@type\":\"SearchAction\",\"target\":{\"@type\":\"EntryPoint\",\"urlTemplate\":\"https:\\\/\\\/a.a.p.p.les2truites.fr\\\/?s={search_term_string}\"},\"query-input\":{\"@type\":\"PropertyValueSpecification\",\"valueRequired\":true,\"valueName\":\"search_term_string\"}}],\"inLanguage\":\"fr-FR\"}]}<\/script>\n<!-- \/ Yoast SEO plugin. -->","yoast_head_json":{"title":"News 2023 - AAPP les 2 truites","robots":{"index":"index","follow":"follow","max-snippet":"max-snippet:-1","max-image-preview":"max-image-preview:large","max-video-preview":"max-video-preview:-1"},"canonical":"http:\/\/a.a.p.p.les2truites.fr\/?page_id=1205","og_locale":"fr_FR","og_type":"article","og_title":"News 2023 - AAPP les 2 truites","og_description":"Dans cette rubrique figureront toutes les \u00ab\u00a0news\u00a0\u00bb de l\u2019association, du site,\u2026 En clair, tout ce qui concerne l\u2019A.A.P.P. les 2 truites. mars 2023 : Publication du Comit\u00e9 2023. mars 2023 : Publication des Dates des concours 2023. mars 2023 : Mise \u00e0 jour de la Fiche de renseignements 2023. mars \u2026 Continue reading &rarr;","og_url":"http:\/\/a.a.p.p.les2truites.fr\/?page_id=1205","og_site_name":"AAPP les 2 truites","article_modified_time":"2024-02-05T10:43:33+00:00","twitter_misc":{"Dur\u00e9e de lecture estim\u00e9e":"1 minute"},"schema":{"@context":"https:\/\/schema.org","@graph":[{"@type":"WebPage","@id":"http:\/\/a.a.p.p.les2truites.fr\/?page_id=1205","url":"http:\/\/a.a.p.p.les2truites.fr\/?page_id=1205","name":"News 2023 - AAPP les 2 truites","isPartOf":{"@id":"https:\/\/a.a.p.p.les2truites.fr\/#website"},"datePublished":"2021-02-27T19:13:03+00:00","dateModified":"2024-02-05T10:43:33+00:00","breadcrumb":{"@id":"http:\/\/a.a.p.p.les2truites.fr\/?page_id=1205#breadcrumb"},"inLanguage":"fr-FR","potentialAction":[{"@type":"ReadAction","target":["http:\/\/a.a.p.p.les2truites.fr\/?page_id=1205"]}]},{"@type":"BreadcrumbList","@id":"http:\/\/a.a.p.p.les2truites.fr\/?page_id=1205#breadcrumb","itemListElement":[{"@type":"ListItem","position":1,"name":"Archives","item":"http:\/\/a.a.p.p.les2truites.fr\/?page_id=356"},{"@type":"ListItem","position":2,"name":"2023","item":"https:\/\/a.a.p.p.les2truites.fr\/?page_id=1516"},{"@type":"ListItem","position":3,"name":"News 2023"}]},{"@type":"WebSite","@id":"https:\/\/a.a.p.p.les2truites.fr\/#website","url":"https:\/\/a.a.p.p.les2truites.fr\/","name":"AAPP les 2 truites","description":"Tous droits r\u00e9serv\u00e9s \u00a9 2011-2025","potentialAction":[{"@type":"SearchAction","target":{"@type":"EntryPoint","urlTemplate":"https:\/\/a.a.p.p.les2truites.fr\/?s={search_term_string}"},"query-input":{"@type":"PropertyValueSpecification","valueRequired":true,"valueName":"search_term_string"}}],"inLanguage":"fr-FR"}]}},"_links":{"self":[{"href":"http:\/\/a.a.p.p.les2truites.fr\/index.php?rest_route=\/wp\/v2\/pages\/1205","targetHints":{"allow":["GET"]}}],"collection":[{"href":"http:\/\/a.a.p.p.les2truites.fr\/index.php?rest_route=\/wp\/v2\/pages"}],"about":[{"href":"http:\/\/a.a.p.p.les2truites.fr\/index.php?rest_route=\/wp\/v2\/types\/page"}],"author":[{"embeddable":true,"href":"http:\/\/a.a.p.p.les2truites.fr\/index.php?rest_route=\/wp\/v2\/users\/1"}],"replies":[{"embeddable":true,"href":"http:\/\/a.a.p.p.les2truites.fr\/index.php?rest_route=%2Fwp%2Fv2%2Fcomments&post=1205"}],"version-history":[{"count":5,"href":"http:\/\/a.a.p.p.les2truites.fr\/index.php?rest_route=\/wp\/v2\/pages\/1205\/revisions"}],"predecessor-version":[{"id":1483,"href":"http:\/\/a.a.p.p.les2truites.fr\/index.php?rest_route=\/wp\/v2\/pages\/1205\/revisions\/1483"}],"up":[{"embeddable":true,"href":"http:\/\/a.a.p.p.les2truites.fr\/index.php?rest_route=\/wp\/v2\/pages\/1516"}],"wp:attachment":[{"href":"http:\/\/a.a.p.p.les2truites.fr\/index.php?rest_route=%2Fwp%2Fv2%2Fmedia&parent=1205"}],"curies":[{"name":"wp","href":"https:\/\/api.w.org\/{rel}","templated":true}]}}