{"id":1262,"date":"2023-02-25T11:44:04","date_gmt":"2023-02-25T10:44:04","guid":{"rendered":"http:\/\/a.a.p.p.les2truites.fr\/?page_id=1262"},"modified":"2023-02-25T11:44:04","modified_gmt":"2023-02-25T10:44:04","slug":"tarifdes-cartes-de-peches-2014-2-2-2","status":"publish","type":"page","link":"http:\/\/a.a.p.p.les2truites.fr\/?page_id=1262","title":{"rendered":"Tarifs des cartes de p\u00eache 2021"},"content":{"rendered":"<p><a href=\"http:\/\/a.a.p.p.les2truites.fr\/wp-content\/uploads\/2021\/02\/tarifs_des_cartes_de_peche_2021.jpg\"><img loading=\"lazy\" decoding=\"async\" class=\"aligncenter size-full wp-image-1200\" src=\"http:\/\/a.a.p.p.les2truites.fr\/wp-content\/uploads\/2021\/02\/tarifs_des_cartes_de_peche_2021.jpg\" alt=\"\" width=\"946\" height=\"651\" srcset=\"http:\/\/a.a.p.p.les2truites.fr\/wp-content\/uploads\/2021\/02\/tarifs_des_cartes_de_peche_2021.jpg 946w, http:\/\/a.a.p.p.les2truites.fr\/wp-content\/uploads\/2021\/02\/tarifs_des_cartes_de_peche_2021-300x206.jpg 300w, http:\/\/a.a.p.p.les2truites.fr\/wp-content\/uploads\/2021\/02\/tarifs_des_cartes_de_peche_2021-768x529.jpg 768w, http:\/\/a.a.p.p.les2truites.fr\/wp-content\/uploads\/2021\/02\/tarifs_des_cartes_de_peche_2021-600x413.jpg 600w, http:\/\/a.a.p.p.les2truites.fr\/wp-content\/uploads\/2021\/02\/tarifs_des_cartes_de_peche_2021-150x103.jpg 150w, http:\/\/a.a.p.p.les2truites.fr\/wp-content\/uploads\/2021\/02\/tarifs_des_cartes_de_peche_2021-218x150.jpg 218w\" sizes=\"auto, (max-width: 946px) 100vw, 946px\" \/><\/a><\/p>\n<p style=\"text-align: center;\">Pour obtenir votre carte de p\u00eache, remplissez et renvoyez \u00e0 David, par courrier interne CONSTELLIUM, le document joint \u00e0 cet article :<\/p>\n<p style=\"text-align: center;\">David LEROY<br \/>\nSecteur Fonderie equipe 3<\/p>\n<p style=\"text-align: center;\">O\u00f9, \u00e0 remettre \u00e0 l&rsquo;un des membres du comit\u00e9.<\/p>\n<p style=\"text-align: center;\"><a href=\"http:\/\/a.a.p.p.les2truites.fr\/wp-content\/uploads\/2021\/02\/fiche_de_renseignements_2021.pdf\" target=\"_blank\" rel=\"noopener noreferrer\"><img loading=\"lazy\" decoding=\"async\" class=\"aligncenter wp-image-65 size-full\" src=\"http:\/\/a.a.p.p.les2truites.fr\/wp-content\/uploads\/2014\/01\/icone_pdf.jpeg\" alt=\"icone_pdf\" width=\"111\" height=\"111\" \/><\/a><a href=\"http:\/\/a.a.p.p.les2truites.fr\/wp-content\/uploads\/2021\/02\/fiche_de_renseignements_2021.pdf\" target=\"_blank\" rel=\"noopener noreferrer\"><strong>FICHE DE RENSEIGNEMENTS<\/strong><\/a><\/p>\n","protected":false},"excerpt":{"rendered":"<p>Pour obtenir votre carte de p\u00eache, remplissez et renvoyez \u00e0 David, par courrier interne CONSTELLIUM, le document joint \u00e0 cet article : David LEROY Secteur Fonderie equipe 3 O\u00f9, \u00e0 remettre \u00e0 l&rsquo;un des membres du comit\u00e9. FICHE DE RENSEIGNEMENTS<\/p>\n","protected":false},"author":1,"featured_media":0,"parent":1263,"menu_order":2,"comment_status":"closed","ping_status":"closed","template":"","meta":{"_monsterinsights_skip_tracking":false,"_monsterinsights_sitenote_active":false,"_monsterinsights_sitenote_note":"","_monsterinsights_sitenote_category":0,"footnotes":""},"class_list":["post-1262","page","type-page","status-publish","hentry"],"yoast_head":"<!-- This site is optimized with the Yoast SEO plugin v27.3 - https:\/\/yoast.com\/product\/yoast-seo-wordpress\/ -->\n<title>Tarifs des cartes de p\u00eache 2021 - AAPP les 2 truites<\/title>\n<meta name=\"robots\" content=\"index, follow, max-snippet:-1, max-image-preview:large, max-video-preview:-1\" \/>\n<link rel=\"canonical\" href=\"https:\/\/a.a.p.p.les2truites.fr\/?page_id=1262\" \/>\n<meta property=\"og:locale\" content=\"fr_FR\" \/>\n<meta property=\"og:type\" content=\"article\" \/>\n<meta property=\"og:title\" content=\"Tarifs des cartes de p\u00eache 2021 - AAPP les 2 truites\" \/>\n<meta property=\"og:description\" content=\"Pour obtenir votre carte de p\u00eache, remplissez et renvoyez \u00e0 David, par courrier interne CONSTELLIUM, le document joint \u00e0 cet article : David LEROY Secteur Fonderie equipe 3 O\u00f9, \u00e0 remettre \u00e0 l&rsquo;un des membres du comit\u00e9. FICHE DE RENSEIGNEMENTS\" \/>\n<meta property=\"og:url\" content=\"https:\/\/a.a.p.p.les2truites.fr\/?page_id=1262\" \/>\n<meta property=\"og:site_name\" content=\"AAPP les 2 truites\" \/>\n<meta property=\"og:image\" content=\"http:\/\/a.a.p.p.les2truites.fr\/wp-content\/uploads\/2021\/02\/tarifs_des_cartes_de_peche_2021.jpg\" \/>\n<meta name=\"twitter:label1\" content=\"Dur\u00e9e de lecture estim\u00e9e\" \/>\n\t<meta name=\"twitter:data1\" content=\"1 minute\" \/>\n<script type=\"application\/ld+json\" class=\"yoast-schema-graph\">{\"@context\":\"https:\\\/\\\/schema.org\",\"@graph\":[{\"@type\":\"WebPage\",\"@id\":\"https:\\\/\\\/a.a.p.p.les2truites.fr\\\/?page_id=1262\",\"url\":\"https:\\\/\\\/a.a.p.p.les2truites.fr\\\/?page_id=1262\",\"name\":\"Tarifs des cartes de p\u00eache 2021 - AAPP les 2 truites\",\"isPartOf\":{\"@id\":\"https:\\\/\\\/a.a.p.p.les2truites.fr\\\/#website\"},\"primaryImageOfPage\":{\"@id\":\"https:\\\/\\\/a.a.p.p.les2truites.fr\\\/?page_id=1262#primaryimage\"},\"image\":{\"@id\":\"https:\\\/\\\/a.a.p.p.les2truites.fr\\\/?page_id=1262#primaryimage\"},\"thumbnailUrl\":\"http:\\\/\\\/a.a.p.p.les2truites.fr\\\/wp-content\\\/uploads\\\/2021\\\/02\\\/tarifs_des_cartes_de_peche_2021.jpg\",\"datePublished\":\"2023-02-25T10:44:04+00:00\",\"breadcrumb\":{\"@id\":\"https:\\\/\\\/a.a.p.p.les2truites.fr\\\/?page_id=1262#breadcrumb\"},\"inLanguage\":\"fr-FR\",\"potentialAction\":[{\"@type\":\"ReadAction\",\"target\":[\"https:\\\/\\\/a.a.p.p.les2truites.fr\\\/?page_id=1262\"]}]},{\"@type\":\"ImageObject\",\"inLanguage\":\"fr-FR\",\"@id\":\"https:\\\/\\\/a.a.p.p.les2truites.fr\\\/?page_id=1262#primaryimage\",\"url\":\"http:\\\/\\\/a.a.p.p.les2truites.fr\\\/wp-content\\\/uploads\\\/2021\\\/02\\\/tarifs_des_cartes_de_peche_2021.jpg\",\"contentUrl\":\"http:\\\/\\\/a.a.p.p.les2truites.fr\\\/wp-content\\\/uploads\\\/2021\\\/02\\\/tarifs_des_cartes_de_peche_2021.jpg\",\"width\":946,\"height\":651},{\"@type\":\"BreadcrumbList\",\"@id\":\"https:\\\/\\\/a.a.p.p.les2truites.fr\\\/?page_id=1262#breadcrumb\",\"itemListElement\":[{\"@type\":\"ListItem\",\"position\":1,\"name\":\"Archives\",\"item\":\"http:\\\/\\\/a.a.p.p.les2truites.fr\\\/?page_id=356\"},{\"@type\":\"ListItem\",\"position\":2,\"name\":\"2021\",\"item\":\"https:\\\/\\\/a.a.p.p.les2truites.fr\\\/?page_id=1273\"},{\"@type\":\"ListItem\",\"position\":3,\"name\":\"Infos pratiques 2021\",\"item\":\"https:\\\/\\\/a.a.p.p.les2truites.fr\\\/?page_id=1263\"},{\"@type\":\"ListItem\",\"position\":4,\"name\":\"Tarifs des cartes de p\u00eache 2021\"}]},{\"@type\":\"WebSite\",\"@id\":\"https:\\\/\\\/a.a.p.p.les2truites.fr\\\/#website\",\"url\":\"https:\\\/\\\/a.a.p.p.les2truites.fr\\\/\",\"name\":\"AAPP les 2 truites\",\"description\":\"Tous droits r\u00e9serv\u00e9s \u00a9 2011-2025\",\"potentialAction\":[{\"@type\":\"SearchAction\",\"target\":{\"@type\":\"EntryPoint\",\"urlTemplate\":\"https:\\\/\\\/a.a.p.p.les2truites.fr\\\/?s={search_term_string}\"},\"query-input\":{\"@type\":\"PropertyValueSpecification\",\"valueRequired\":true,\"valueName\":\"search_term_string\"}}],\"inLanguage\":\"fr-FR\"}]}<\/script>\n<!-- \/ Yoast SEO plugin. -->","yoast_head_json":{"title":"Tarifs des cartes de p\u00eache 2021 - AAPP les 2 truites","robots":{"index":"index","follow":"follow","max-snippet":"max-snippet:-1","max-image-preview":"max-image-preview:large","max-video-preview":"max-video-preview:-1"},"canonical":"https:\/\/a.a.p.p.les2truites.fr\/?page_id=1262","og_locale":"fr_FR","og_type":"article","og_title":"Tarifs des cartes de p\u00eache 2021 - AAPP les 2 truites","og_description":"Pour obtenir votre carte de p\u00eache, remplissez et renvoyez \u00e0 David, par courrier interne CONSTELLIUM, le document joint \u00e0 cet article : David LEROY Secteur Fonderie equipe 3 O\u00f9, \u00e0 remettre \u00e0 l&rsquo;un des membres du comit\u00e9. FICHE DE RENSEIGNEMENTS","og_url":"https:\/\/a.a.p.p.les2truites.fr\/?page_id=1262","og_site_name":"AAPP les 2 truites","og_image":[{"url":"http:\/\/a.a.p.p.les2truites.fr\/wp-content\/uploads\/2021\/02\/tarifs_des_cartes_de_peche_2021.jpg","type":"","width":"","height":""}],"twitter_misc":{"Dur\u00e9e de lecture estim\u00e9e":"1 minute"},"schema":{"@context":"https:\/\/schema.org","@graph":[{"@type":"WebPage","@id":"https:\/\/a.a.p.p.les2truites.fr\/?page_id=1262","url":"https:\/\/a.a.p.p.les2truites.fr\/?page_id=1262","name":"Tarifs des cartes de p\u00eache 2021 - AAPP les 2 truites","isPartOf":{"@id":"https:\/\/a.a.p.p.les2truites.fr\/#website"},"primaryImageOfPage":{"@id":"https:\/\/a.a.p.p.les2truites.fr\/?page_id=1262#primaryimage"},"image":{"@id":"https:\/\/a.a.p.p.les2truites.fr\/?page_id=1262#primaryimage"},"thumbnailUrl":"http:\/\/a.a.p.p.les2truites.fr\/wp-content\/uploads\/2021\/02\/tarifs_des_cartes_de_peche_2021.jpg","datePublished":"2023-02-25T10:44:04+00:00","breadcrumb":{"@id":"https:\/\/a.a.p.p.les2truites.fr\/?page_id=1262#breadcrumb"},"inLanguage":"fr-FR","potentialAction":[{"@type":"ReadAction","target":["https:\/\/a.a.p.p.les2truites.fr\/?page_id=1262"]}]},{"@type":"ImageObject","inLanguage":"fr-FR","@id":"https:\/\/a.a.p.p.les2truites.fr\/?page_id=1262#primaryimage","url":"http:\/\/a.a.p.p.les2truites.fr\/wp-content\/uploads\/2021\/02\/tarifs_des_cartes_de_peche_2021.jpg","contentUrl":"http:\/\/a.a.p.p.les2truites.fr\/wp-content\/uploads\/2021\/02\/tarifs_des_cartes_de_peche_2021.jpg","width":946,"height":651},{"@type":"BreadcrumbList","@id":"https:\/\/a.a.p.p.les2truites.fr\/?page_id=1262#breadcrumb","itemListElement":[{"@type":"ListItem","position":1,"name":"Archives","item":"http:\/\/a.a.p.p.les2truites.fr\/?page_id=356"},{"@type":"ListItem","position":2,"name":"2021","item":"https:\/\/a.a.p.p.les2truites.fr\/?page_id=1273"},{"@type":"ListItem","position":3,"name":"Infos pratiques 2021","item":"https:\/\/a.a.p.p.les2truites.fr\/?page_id=1263"},{"@type":"ListItem","position":4,"name":"Tarifs des cartes de p\u00eache 2021"}]},{"@type":"WebSite","@id":"https:\/\/a.a.p.p.les2truites.fr\/#website","url":"https:\/\/a.a.p.p.les2truites.fr\/","name":"AAPP les 2 truites","description":"Tous droits r\u00e9serv\u00e9s \u00a9 2011-2025","potentialAction":[{"@type":"SearchAction","target":{"@type":"EntryPoint","urlTemplate":"https:\/\/a.a.p.p.les2truites.fr\/?s={search_term_string}"},"query-input":{"@type":"PropertyValueSpecification","valueRequired":true,"valueName":"search_term_string"}}],"inLanguage":"fr-FR"}]}},"_links":{"self":[{"href":"http:\/\/a.a.p.p.les2truites.fr\/index.php?rest_route=\/wp\/v2\/pages\/1262","targetHints":{"allow":["GET"]}}],"collection":[{"href":"http:\/\/a.a.p.p.les2truites.fr\/index.php?rest_route=\/wp\/v2\/pages"}],"about":[{"href":"http:\/\/a.a.p.p.les2truites.fr\/index.php?rest_route=\/wp\/v2\/types\/page"}],"author":[{"embeddable":true,"href":"http:\/\/a.a.p.p.les2truites.fr\/index.php?rest_route=\/wp\/v2\/users\/1"}],"replies":[{"embeddable":true,"href":"http:\/\/a.a.p.p.les2truites.fr\/index.php?rest_route=%2Fwp%2Fv2%2Fcomments&post=1262"}],"version-history":[{"count":1,"href":"http:\/\/a.a.p.p.les2truites.fr\/index.php?rest_route=\/wp\/v2\/pages\/1262\/revisions"}],"predecessor-version":[{"id":1304,"href":"http:\/\/a.a.p.p.les2truites.fr\/index.php?rest_route=\/wp\/v2\/pages\/1262\/revisions\/1304"}],"up":[{"embeddable":true,"href":"http:\/\/a.a.p.p.les2truites.fr\/index.php?rest_route=\/wp\/v2\/pages\/1263"}],"wp:attachment":[{"href":"http:\/\/a.a.p.p.les2truites.fr\/index.php?rest_route=%2Fwp%2Fv2%2Fmedia&parent=1262"}],"curies":[{"name":"wp","href":"https:\/\/api.w.org\/{rel}","templated":true}]}}