{"id":1268,"date":"2023-02-25T11:31:21","date_gmt":"2023-02-25T10:31:21","guid":{"rendered":"http:\/\/a.a.p.p.les2truites.fr\/?page_id=1268"},"modified":"2023-02-25T11:54:04","modified_gmt":"2023-02-25T10:54:04","slug":"news-2","status":"publish","type":"page","link":"http:\/\/a.a.p.p.les2truites.fr\/?page_id=1268","title":{"rendered":"News 2021"},"content":{"rendered":"<p>Dans cette rubrique figureront toutes les \u00ab\u00a0news\u00a0\u00bb de l\u2019association, du site,\u2026 En clair, tout ce qui concerne l\u2019A.A.P.P. les 2 truites.<\/p>\n<p><strong><em>janvier 2021 :<\/em><\/strong> Passage du site internet en version 10.21 suite \u00e0 la nouvelle ann\u00e9e qui commence.<\/p>\n<p>Les dates des concours sont \u00e0 pr\u00e9sent arr\u00eat\u00e9es et disponibles sur la page :\u00a0<strong><a href=\"http:\/\/a.a.p.p.les2truites.fr\/?page_id=1212\">Dates des concours 2021<\/a><\/strong>.<\/p>\n<p>Les\u00a0<a href=\"http:\/\/a.a.p.p.les2truites.fr\/?page_id=1222\"><strong>Dates des travaux du comit\u00e9<\/strong><\/a> ne sont pas encore arr\u00eat\u00e9es pour l\u2019ann\u00e9e 2021.<\/p>\n","protected":false},"excerpt":{"rendered":"<p>Dans cette rubrique figureront toutes les \u00ab\u00a0news\u00a0\u00bb de l\u2019association, du site,\u2026 En clair, tout ce qui concerne l\u2019A.A.P.P. les 2 truites. janvier 2021 : Passage du site internet en version 10.21 suite \u00e0 la nouvelle ann\u00e9e qui commence. Les dates des concours sont \u00e0 pr\u00e9sent arr\u00eat\u00e9es et disponibles sur la \u2026 <a class=\"continue-reading-link\" href=\"http:\/\/a.a.p.p.les2truites.fr\/?page_id=1268\"> Continue reading <span class=\"meta-nav\">&rarr; <\/span><\/a><\/p>\n","protected":false},"author":1,"featured_media":0,"parent":1273,"menu_order":1,"comment_status":"closed","ping_status":"closed","template":"","meta":{"_monsterinsights_skip_tracking":false,"_monsterinsights_sitenote_active":false,"_monsterinsights_sitenote_note":"","_monsterinsights_sitenote_category":0,"footnotes":""},"class_list":["post-1268","page","type-page","status-publish","hentry"],"yoast_head":"<!-- This site is optimized with the Yoast SEO plugin v27.3 - https:\/\/yoast.com\/product\/yoast-seo-wordpress\/ -->\n<title>News 2021 - AAPP les 2 truites<\/title>\n<meta name=\"robots\" content=\"index, follow, max-snippet:-1, max-image-preview:large, max-video-preview:-1\" \/>\n<link rel=\"canonical\" href=\"http:\/\/a.a.p.p.les2truites.fr\/?page_id=1268\" \/>\n<meta property=\"og:locale\" content=\"fr_FR\" \/>\n<meta property=\"og:type\" content=\"article\" \/>\n<meta property=\"og:title\" content=\"News 2021 - AAPP les 2 truites\" \/>\n<meta property=\"og:description\" content=\"Dans cette rubrique figureront toutes les \u00ab\u00a0news\u00a0\u00bb de l\u2019association, du site,\u2026 En clair, tout ce qui concerne l\u2019A.A.P.P. les 2 truites. janvier 2021 : Passage du site internet en version 10.21 suite \u00e0 la nouvelle ann\u00e9e qui commence. Les dates des concours sont \u00e0 pr\u00e9sent arr\u00eat\u00e9es et disponibles sur la \u2026 Continue reading &rarr;\" \/>\n<meta property=\"og:url\" content=\"http:\/\/a.a.p.p.les2truites.fr\/?page_id=1268\" \/>\n<meta property=\"og:site_name\" content=\"AAPP les 2 truites\" \/>\n<meta property=\"article:modified_time\" content=\"2023-02-25T10:54:04+00:00\" \/>\n<meta name=\"twitter:label1\" content=\"Dur\u00e9e de lecture estim\u00e9e\" \/>\n\t<meta name=\"twitter:data1\" content=\"1 minute\" \/>\n<script type=\"application\/ld+json\" class=\"yoast-schema-graph\">{\"@context\":\"https:\\\/\\\/schema.org\",\"@graph\":[{\"@type\":\"WebPage\",\"@id\":\"http:\\\/\\\/a.a.p.p.les2truites.fr\\\/?page_id=1268\",\"url\":\"http:\\\/\\\/a.a.p.p.les2truites.fr\\\/?page_id=1268\",\"name\":\"News 2021 - AAPP les 2 truites\",\"isPartOf\":{\"@id\":\"https:\\\/\\\/a.a.p.p.les2truites.fr\\\/#website\"},\"datePublished\":\"2023-02-25T10:31:21+00:00\",\"dateModified\":\"2023-02-25T10:54:04+00:00\",\"breadcrumb\":{\"@id\":\"http:\\\/\\\/a.a.p.p.les2truites.fr\\\/?page_id=1268#breadcrumb\"},\"inLanguage\":\"fr-FR\",\"potentialAction\":[{\"@type\":\"ReadAction\",\"target\":[\"http:\\\/\\\/a.a.p.p.les2truites.fr\\\/?page_id=1268\"]}]},{\"@type\":\"BreadcrumbList\",\"@id\":\"http:\\\/\\\/a.a.p.p.les2truites.fr\\\/?page_id=1268#breadcrumb\",\"itemListElement\":[{\"@type\":\"ListItem\",\"position\":1,\"name\":\"Archives\",\"item\":\"http:\\\/\\\/a.a.p.p.les2truites.fr\\\/?page_id=356\"},{\"@type\":\"ListItem\",\"position\":2,\"name\":\"2021\",\"item\":\"https:\\\/\\\/a.a.p.p.les2truites.fr\\\/?page_id=1273\"},{\"@type\":\"ListItem\",\"position\":3,\"name\":\"News 2021\"}]},{\"@type\":\"WebSite\",\"@id\":\"https:\\\/\\\/a.a.p.p.les2truites.fr\\\/#website\",\"url\":\"https:\\\/\\\/a.a.p.p.les2truites.fr\\\/\",\"name\":\"AAPP les 2 truites\",\"description\":\"Tous droits r\u00e9serv\u00e9s \u00a9 2011-2025\",\"potentialAction\":[{\"@type\":\"SearchAction\",\"target\":{\"@type\":\"EntryPoint\",\"urlTemplate\":\"https:\\\/\\\/a.a.p.p.les2truites.fr\\\/?s={search_term_string}\"},\"query-input\":{\"@type\":\"PropertyValueSpecification\",\"valueRequired\":true,\"valueName\":\"search_term_string\"}}],\"inLanguage\":\"fr-FR\"}]}<\/script>\n<!-- \/ Yoast SEO plugin. -->","yoast_head_json":{"title":"News 2021 - AAPP les 2 truites","robots":{"index":"index","follow":"follow","max-snippet":"max-snippet:-1","max-image-preview":"max-image-preview:large","max-video-preview":"max-video-preview:-1"},"canonical":"http:\/\/a.a.p.p.les2truites.fr\/?page_id=1268","og_locale":"fr_FR","og_type":"article","og_title":"News 2021 - AAPP les 2 truites","og_description":"Dans cette rubrique figureront toutes les \u00ab\u00a0news\u00a0\u00bb de l\u2019association, du site,\u2026 En clair, tout ce qui concerne l\u2019A.A.P.P. les 2 truites. janvier 2021 : Passage du site internet en version 10.21 suite \u00e0 la nouvelle ann\u00e9e qui commence. Les dates des concours sont \u00e0 pr\u00e9sent arr\u00eat\u00e9es et disponibles sur la \u2026 Continue reading &rarr;","og_url":"http:\/\/a.a.p.p.les2truites.fr\/?page_id=1268","og_site_name":"AAPP les 2 truites","article_modified_time":"2023-02-25T10:54:04+00:00","twitter_misc":{"Dur\u00e9e de lecture estim\u00e9e":"1 minute"},"schema":{"@context":"https:\/\/schema.org","@graph":[{"@type":"WebPage","@id":"http:\/\/a.a.p.p.les2truites.fr\/?page_id=1268","url":"http:\/\/a.a.p.p.les2truites.fr\/?page_id=1268","name":"News 2021 - AAPP les 2 truites","isPartOf":{"@id":"https:\/\/a.a.p.p.les2truites.fr\/#website"},"datePublished":"2023-02-25T10:31:21+00:00","dateModified":"2023-02-25T10:54:04+00:00","breadcrumb":{"@id":"http:\/\/a.a.p.p.les2truites.fr\/?page_id=1268#breadcrumb"},"inLanguage":"fr-FR","potentialAction":[{"@type":"ReadAction","target":["http:\/\/a.a.p.p.les2truites.fr\/?page_id=1268"]}]},{"@type":"BreadcrumbList","@id":"http:\/\/a.a.p.p.les2truites.fr\/?page_id=1268#breadcrumb","itemListElement":[{"@type":"ListItem","position":1,"name":"Archives","item":"http:\/\/a.a.p.p.les2truites.fr\/?page_id=356"},{"@type":"ListItem","position":2,"name":"2021","item":"https:\/\/a.a.p.p.les2truites.fr\/?page_id=1273"},{"@type":"ListItem","position":3,"name":"News 2021"}]},{"@type":"WebSite","@id":"https:\/\/a.a.p.p.les2truites.fr\/#website","url":"https:\/\/a.a.p.p.les2truites.fr\/","name":"AAPP les 2 truites","description":"Tous droits r\u00e9serv\u00e9s \u00a9 2011-2025","potentialAction":[{"@type":"SearchAction","target":{"@type":"EntryPoint","urlTemplate":"https:\/\/a.a.p.p.les2truites.fr\/?s={search_term_string}"},"query-input":{"@type":"PropertyValueSpecification","valueRequired":true,"valueName":"search_term_string"}}],"inLanguage":"fr-FR"}]}},"_links":{"self":[{"href":"http:\/\/a.a.p.p.les2truites.fr\/index.php?rest_route=\/wp\/v2\/pages\/1268","targetHints":{"allow":["GET"]}}],"collection":[{"href":"http:\/\/a.a.p.p.les2truites.fr\/index.php?rest_route=\/wp\/v2\/pages"}],"about":[{"href":"http:\/\/a.a.p.p.les2truites.fr\/index.php?rest_route=\/wp\/v2\/types\/page"}],"author":[{"embeddable":true,"href":"http:\/\/a.a.p.p.les2truites.fr\/index.php?rest_route=\/wp\/v2\/users\/1"}],"replies":[{"embeddable":true,"href":"http:\/\/a.a.p.p.les2truites.fr\/index.php?rest_route=%2Fwp%2Fv2%2Fcomments&post=1268"}],"version-history":[{"count":1,"href":"http:\/\/a.a.p.p.les2truites.fr\/index.php?rest_route=\/wp\/v2\/pages\/1268\/revisions"}],"predecessor-version":[{"id":1319,"href":"http:\/\/a.a.p.p.les2truites.fr\/index.php?rest_route=\/wp\/v2\/pages\/1268\/revisions\/1319"}],"up":[{"embeddable":true,"href":"http:\/\/a.a.p.p.les2truites.fr\/index.php?rest_route=\/wp\/v2\/pages\/1273"}],"wp:attachment":[{"href":"http:\/\/a.a.p.p.les2truites.fr\/index.php?rest_route=%2Fwp%2Fv2%2Fmedia&parent=1268"}],"curies":[{"name":"wp","href":"https:\/\/api.w.org\/{rel}","templated":true}]}}