{"id":1270,"date":"2023-02-25T11:43:20","date_gmt":"2023-02-25T10:43:20","guid":{"rendered":"http:\/\/a.a.p.p.les2truites.fr\/?page_id=1270"},"modified":"2023-02-25T11:43:20","modified_gmt":"2023-02-25T10:43:20","slug":"dates-des-travaux-du-comite","status":"publish","type":"page","link":"http:\/\/a.a.p.p.les2truites.fr\/?page_id=1270","title":{"rendered":"Dates des travaux du comit\u00e9 2021"},"content":{"rendered":"<p>Afin de faciliter la demande des cartes d&rsquo;invitations, vous trouverez ci-dessous les diff\u00e9rentes dates des travaux du comit\u00e9 ainsi que l'(les)\u00e9tang(s) o\u00f9 ceux-ci se d\u00e9roulent.<\/p>\n<ul>\n<li><span style=\"color: #555555;\"><b><i>Aucune date n&rsquo;a pour le moment \u00e9t\u00e9 arr\u00eat\u00e9e.<\/i><\/b><\/span><\/li>\n<\/ul>\n<p>Toute(s) personne(s) poss\u00e9dant la carte de p\u00eache et souhaitant participer b\u00e9n\u00e9volement \u00e0 une ou plusieurs s\u00e9ance(s) de travaux est (sont) la (les) bienvenue(s).<\/p>\n\n","protected":false},"excerpt":{"rendered":"<p>Afin de faciliter la demande des cartes d&rsquo;invitations, vous trouverez ci-dessous les diff\u00e9rentes dates des travaux du comit\u00e9 ainsi que l'(les)\u00e9tang(s) o\u00f9 ceux-ci se d\u00e9roulent. Aucune date n&rsquo;a pour le moment \u00e9t\u00e9 arr\u00eat\u00e9e. Toute(s) personne(s) poss\u00e9dant la carte de p\u00eache et souhaitant participer b\u00e9n\u00e9volement \u00e0 une ou plusieurs s\u00e9ance(s) de \u2026 <a class=\"continue-reading-link\" href=\"http:\/\/a.a.p.p.les2truites.fr\/?page_id=1270\"> Continue reading <span class=\"meta-nav\">&rarr; <\/span><\/a><\/p>\n","protected":false},"author":1,"featured_media":0,"parent":1273,"menu_order":5,"comment_status":"closed","ping_status":"closed","template":"","meta":{"_monsterinsights_skip_tracking":false,"_monsterinsights_sitenote_active":false,"_monsterinsights_sitenote_note":"","_monsterinsights_sitenote_category":0,"footnotes":""},"class_list":["post-1270","page","type-page","status-publish","hentry"],"yoast_head":"<!-- This site is optimized with the Yoast SEO plugin v27.3 - https:\/\/yoast.com\/product\/yoast-seo-wordpress\/ -->\n<title>Dates des travaux du comit\u00e9 2021 - AAPP les 2 truites<\/title>\n<meta name=\"robots\" content=\"index, follow, max-snippet:-1, max-image-preview:large, max-video-preview:-1\" \/>\n<link rel=\"canonical\" href=\"https:\/\/a.a.p.p.les2truites.fr\/?page_id=1270\" \/>\n<meta property=\"og:locale\" content=\"fr_FR\" \/>\n<meta property=\"og:type\" content=\"article\" \/>\n<meta property=\"og:title\" content=\"Dates des travaux du comit\u00e9 2021 - AAPP les 2 truites\" \/>\n<meta property=\"og:description\" content=\"Afin de faciliter la demande des cartes d&rsquo;invitations, vous trouverez ci-dessous les diff\u00e9rentes dates des travaux du comit\u00e9 ainsi que l&#039;(les)\u00e9tang(s) o\u00f9 ceux-ci se d\u00e9roulent. Aucune date n&rsquo;a pour le moment \u00e9t\u00e9 arr\u00eat\u00e9e. Toute(s) personne(s) poss\u00e9dant la carte de p\u00eache et souhaitant participer b\u00e9n\u00e9volement \u00e0 une ou plusieurs s\u00e9ance(s) de \u2026 Continue reading &rarr;\" \/>\n<meta property=\"og:url\" content=\"https:\/\/a.a.p.p.les2truites.fr\/?page_id=1270\" \/>\n<meta property=\"og:site_name\" content=\"AAPP les 2 truites\" \/>\n<meta name=\"twitter:label1\" content=\"Dur\u00e9e de lecture estim\u00e9e\" \/>\n\t<meta name=\"twitter:data1\" content=\"1 minute\" \/>\n<script type=\"application\/ld+json\" class=\"yoast-schema-graph\">{\"@context\":\"https:\\\/\\\/schema.org\",\"@graph\":[{\"@type\":\"WebPage\",\"@id\":\"https:\\\/\\\/a.a.p.p.les2truites.fr\\\/?page_id=1270\",\"url\":\"https:\\\/\\\/a.a.p.p.les2truites.fr\\\/?page_id=1270\",\"name\":\"Dates des travaux du comit\u00e9 2021 - AAPP les 2 truites\",\"isPartOf\":{\"@id\":\"https:\\\/\\\/a.a.p.p.les2truites.fr\\\/#website\"},\"datePublished\":\"2023-02-25T10:43:20+00:00\",\"breadcrumb\":{\"@id\":\"https:\\\/\\\/a.a.p.p.les2truites.fr\\\/?page_id=1270#breadcrumb\"},\"inLanguage\":\"fr-FR\",\"potentialAction\":[{\"@type\":\"ReadAction\",\"target\":[\"https:\\\/\\\/a.a.p.p.les2truites.fr\\\/?page_id=1270\"]}]},{\"@type\":\"BreadcrumbList\",\"@id\":\"https:\\\/\\\/a.a.p.p.les2truites.fr\\\/?page_id=1270#breadcrumb\",\"itemListElement\":[{\"@type\":\"ListItem\",\"position\":1,\"name\":\"Archives\",\"item\":\"http:\\\/\\\/a.a.p.p.les2truites.fr\\\/?page_id=356\"},{\"@type\":\"ListItem\",\"position\":2,\"name\":\"2021\",\"item\":\"https:\\\/\\\/a.a.p.p.les2truites.fr\\\/?page_id=1273\"},{\"@type\":\"ListItem\",\"position\":3,\"name\":\"Dates des travaux du comit\u00e9 2021\"}]},{\"@type\":\"WebSite\",\"@id\":\"https:\\\/\\\/a.a.p.p.les2truites.fr\\\/#website\",\"url\":\"https:\\\/\\\/a.a.p.p.les2truites.fr\\\/\",\"name\":\"AAPP les 2 truites\",\"description\":\"Tous droits r\u00e9serv\u00e9s \u00a9 2011-2025\",\"potentialAction\":[{\"@type\":\"SearchAction\",\"target\":{\"@type\":\"EntryPoint\",\"urlTemplate\":\"https:\\\/\\\/a.a.p.p.les2truites.fr\\\/?s={search_term_string}\"},\"query-input\":{\"@type\":\"PropertyValueSpecification\",\"valueRequired\":true,\"valueName\":\"search_term_string\"}}],\"inLanguage\":\"fr-FR\"}]}<\/script>\n<!-- \/ Yoast SEO plugin. -->","yoast_head_json":{"title":"Dates des travaux du comit\u00e9 2021 - AAPP les 2 truites","robots":{"index":"index","follow":"follow","max-snippet":"max-snippet:-1","max-image-preview":"max-image-preview:large","max-video-preview":"max-video-preview:-1"},"canonical":"https:\/\/a.a.p.p.les2truites.fr\/?page_id=1270","og_locale":"fr_FR","og_type":"article","og_title":"Dates des travaux du comit\u00e9 2021 - AAPP les 2 truites","og_description":"Afin de faciliter la demande des cartes d&rsquo;invitations, vous trouverez ci-dessous les diff\u00e9rentes dates des travaux du comit\u00e9 ainsi que l'(les)\u00e9tang(s) o\u00f9 ceux-ci se d\u00e9roulent. Aucune date n&rsquo;a pour le moment \u00e9t\u00e9 arr\u00eat\u00e9e. Toute(s) personne(s) poss\u00e9dant la carte de p\u00eache et souhaitant participer b\u00e9n\u00e9volement \u00e0 une ou plusieurs s\u00e9ance(s) de \u2026 Continue reading &rarr;","og_url":"https:\/\/a.a.p.p.les2truites.fr\/?page_id=1270","og_site_name":"AAPP les 2 truites","twitter_misc":{"Dur\u00e9e de lecture estim\u00e9e":"1 minute"},"schema":{"@context":"https:\/\/schema.org","@graph":[{"@type":"WebPage","@id":"https:\/\/a.a.p.p.les2truites.fr\/?page_id=1270","url":"https:\/\/a.a.p.p.les2truites.fr\/?page_id=1270","name":"Dates des travaux du comit\u00e9 2021 - AAPP les 2 truites","isPartOf":{"@id":"https:\/\/a.a.p.p.les2truites.fr\/#website"},"datePublished":"2023-02-25T10:43:20+00:00","breadcrumb":{"@id":"https:\/\/a.a.p.p.les2truites.fr\/?page_id=1270#breadcrumb"},"inLanguage":"fr-FR","potentialAction":[{"@type":"ReadAction","target":["https:\/\/a.a.p.p.les2truites.fr\/?page_id=1270"]}]},{"@type":"BreadcrumbList","@id":"https:\/\/a.a.p.p.les2truites.fr\/?page_id=1270#breadcrumb","itemListElement":[{"@type":"ListItem","position":1,"name":"Archives","item":"http:\/\/a.a.p.p.les2truites.fr\/?page_id=356"},{"@type":"ListItem","position":2,"name":"2021","item":"https:\/\/a.a.p.p.les2truites.fr\/?page_id=1273"},{"@type":"ListItem","position":3,"name":"Dates des travaux du comit\u00e9 2021"}]},{"@type":"WebSite","@id":"https:\/\/a.a.p.p.les2truites.fr\/#website","url":"https:\/\/a.a.p.p.les2truites.fr\/","name":"AAPP les 2 truites","description":"Tous droits r\u00e9serv\u00e9s \u00a9 2011-2025","potentialAction":[{"@type":"SearchAction","target":{"@type":"EntryPoint","urlTemplate":"https:\/\/a.a.p.p.les2truites.fr\/?s={search_term_string}"},"query-input":{"@type":"PropertyValueSpecification","valueRequired":true,"valueName":"search_term_string"}}],"inLanguage":"fr-FR"}]}},"_links":{"self":[{"href":"http:\/\/a.a.p.p.les2truites.fr\/index.php?rest_route=\/wp\/v2\/pages\/1270","targetHints":{"allow":["GET"]}}],"collection":[{"href":"http:\/\/a.a.p.p.les2truites.fr\/index.php?rest_route=\/wp\/v2\/pages"}],"about":[{"href":"http:\/\/a.a.p.p.les2truites.fr\/index.php?rest_route=\/wp\/v2\/types\/page"}],"author":[{"embeddable":true,"href":"http:\/\/a.a.p.p.les2truites.fr\/index.php?rest_route=\/wp\/v2\/users\/1"}],"replies":[{"embeddable":true,"href":"http:\/\/a.a.p.p.les2truites.fr\/index.php?rest_route=%2Fwp%2Fv2%2Fcomments&post=1270"}],"version-history":[{"count":1,"href":"http:\/\/a.a.p.p.les2truites.fr\/index.php?rest_route=\/wp\/v2\/pages\/1270\/revisions"}],"predecessor-version":[{"id":1302,"href":"http:\/\/a.a.p.p.les2truites.fr\/index.php?rest_route=\/wp\/v2\/pages\/1270\/revisions\/1302"}],"up":[{"embeddable":true,"href":"http:\/\/a.a.p.p.les2truites.fr\/index.php?rest_route=\/wp\/v2\/pages\/1273"}],"wp:attachment":[{"href":"http:\/\/a.a.p.p.les2truites.fr\/index.php?rest_route=%2Fwp%2Fv2%2Fmedia&parent=1270"}],"curies":[{"name":"wp","href":"https:\/\/api.w.org\/{rel}","templated":true}]}}