{"id":1284,"date":"2023-02-25T11:35:38","date_gmt":"2023-02-25T10:35:38","guid":{"rendered":"http:\/\/a.a.p.p.les2truites.fr\/?page_id=1284"},"modified":"2023-02-25T11:45:48","modified_gmt":"2023-02-25T10:45:48","slug":"le-comite-2014-2-2-2","status":"publish","type":"page","link":"http:\/\/a.a.p.p.les2truites.fr\/?page_id=1284","title":{"rendered":"Le comit\u00e9 2022"},"content":{"rendered":"<p><strong><em>1)<\/em><em> Pr\u00e9sident :<\/em><\/strong> LEROY David<a href=\"http:\/\/a.a.p.p.les2truites.fr\/wp-content\/uploads\/2014\/01\/barbecue.gif\"><img loading=\"lazy\" decoding=\"async\" class=\"aligncenter size-full wp-image-523\" src=\"http:\/\/a.a.p.p.les2truites.fr\/wp-content\/uploads\/2014\/01\/barbecue.gif\" alt=\"barbecue\" width=\"90\" height=\"98\" \/><\/a><\/p>\n<p><em><strong>1.1) Vice Pr\u00e9sident :<\/strong><\/em> GERODOLLE Christophe<\/p>\n<p><strong><em>2) Secr\u00e9taire :<\/em><\/strong> HOFER Laurence<a href=\"http:\/\/a.a.p.p.les2truites.fr\/wp-content\/uploads\/2014\/01\/secretaire.gif\"><img loading=\"lazy\" decoding=\"async\" class=\"aligncenter size-full wp-image-86\" src=\"http:\/\/a.a.p.p.les2truites.fr\/wp-content\/uploads\/2014\/01\/secretaire.gif\" alt=\"secretaire\" width=\"143\" height=\"98\" \/><\/a><\/p>\n<p><strong><em>2.1) Secr\u00e9taire adjoint :\u00a0 <\/em><\/strong>BEYER Christian <img loading=\"lazy\" decoding=\"async\" class=\"aligncenter size-full wp-image-91\" src=\"http:\/\/a.a.p.p.les2truites.fr\/wp-content\/uploads\/2014\/01\/secretaire_adjoint.gif\" alt=\"secretaire_adjoint\" width=\"121\" height=\"99\" \/><em><strong>3) Tr\u00e9sorier :<\/strong><\/em> JASPART P.Antoine<a href=\"http:\/\/a.a.p.p.les2truites.fr\/wp-content\/uploads\/2014\/01\/tresorier.gif\"><img loading=\"lazy\" decoding=\"async\" class=\"size-full wp-image-80 aligncenter\" src=\"http:\/\/a.a.p.p.les2truites.fr\/wp-content\/uploads\/2014\/01\/tresorier.gif\" alt=\"tresorier\" width=\"83\" height=\"120\" \/><\/a><\/p>\n<p><em><strong>3.1) Tr\u00e9sorier adjoint :<\/strong><\/em> JASPART Eliane\u00a0<a href=\"http:\/\/a.a.p.p.les2truites.fr\/wp-content\/uploads\/2014\/01\/tresorier_adjoint1.gif\"><img loading=\"lazy\" decoding=\"async\" class=\"aligncenter size-full wp-image-89\" src=\"http:\/\/a.a.p.p.les2truites.fr\/wp-content\/uploads\/2014\/01\/tresorier_adjoint1.gif\" alt=\"tresorier_adjoint\" width=\"122\" height=\"134\" \/><\/a><\/p>\n<p><strong><em>4) Responsable entretien machines &amp; outillage :<\/em><\/strong> GEISSLER Marc\u00a0<a href=\"http:\/\/a.a.p.p.les2truites.fr\/wp-content\/uploads\/2014\/01\/responsable_entretien_machines.gif\"><img loading=\"lazy\" decoding=\"async\" class=\"aligncenter size-full wp-image-97\" src=\"http:\/\/a.a.p.p.les2truites.fr\/wp-content\/uploads\/2014\/01\/responsable_entretien_machines.gif\" alt=\"responsable_entretien_machines\" width=\"109\" height=\"86\" \/><\/a><\/p>\n<p><em><strong>4.1) Suppl\u00e9ant : <\/strong><\/em>JASPART P.Antoine<a href=\"http:\/\/a.a.p.p.les2truites.fr\/wp-content\/uploads\/2014\/01\/tresorier.gif\"><img loading=\"lazy\" decoding=\"async\" class=\"size-full wp-image-80 aligncenter\" src=\"http:\/\/a.a.p.p.les2truites.fr\/wp-content\/uploads\/2014\/01\/tresorier.gif\" alt=\"tresorier\" width=\"83\" height=\"120\" \/><\/a><\/p>\n<p><strong><em>5) Responsable des travaux :<\/em><\/strong> GERODOLLE Jean-Pierre<\/p>\n<p><a href=\"http:\/\/a.a.p.p.les2truites.fr\/wp-content\/uploads\/2014\/01\/responsable_des_travaux.gif\"><img loading=\"lazy\" decoding=\"async\" class=\"aligncenter size-full wp-image-93\" src=\"http:\/\/a.a.p.p.les2truites.fr\/wp-content\/uploads\/2014\/01\/responsable_des_travaux.gif\" alt=\"responsable_des_travaux\" width=\"119\" height=\"65\" \/><\/a><\/p>\n<p><strong><em>5.1) Suppl\u00e9ant : <\/em><\/strong>GEISSLER Marc<a href=\"http:\/\/a.a.p.p.les2truites.fr\/wp-content\/uploads\/2014\/01\/responsable_entretien_machines.gif\"><img loading=\"lazy\" decoding=\"async\" class=\"aligncenter size-full wp-image-97\" src=\"http:\/\/a.a.p.p.les2truites.fr\/wp-content\/uploads\/2014\/01\/responsable_entretien_machines.gif\" alt=\"responsable_entretien_machines\" width=\"109\" height=\"86\" \/><\/a><\/p>\n<p><strong><em>6) Responsable boissons : <\/em><\/strong>GERODOLLE Jean-Pierre<a href=\"http:\/\/a.a.p.p.les2truites.fr\/wp-content\/uploads\/2014\/01\/responsable_des_travaux.gif\"><img loading=\"lazy\" decoding=\"async\" class=\"aligncenter size-full wp-image-93\" src=\"http:\/\/a.a.p.p.les2truites.fr\/wp-content\/uploads\/2014\/01\/responsable_des_travaux.gif\" alt=\"responsable_des_travaux\" width=\"119\" height=\"65\" \/><\/a><\/p>\n<p><strong><em>6.1) Suppl\u00e9ant : <\/em><\/strong>GEISSLER Marc<a href=\"http:\/\/a.a.p.p.les2truites.fr\/wp-content\/uploads\/2014\/01\/responsable_entretien_machines.gif\"><img loading=\"lazy\" decoding=\"async\" class=\"aligncenter size-full wp-image-97\" src=\"http:\/\/a.a.p.p.les2truites.fr\/wp-content\/uploads\/2014\/01\/responsable_entretien_machines.gif\" alt=\"responsable_entretien_machines\" width=\"109\" height=\"86\" \/><\/a><\/p>\n<p><strong><em>10) Assesseurs : <\/em><\/strong>PONSOT Pascal\u00a0 <a href=\"http:\/\/a.a.p.p.les2truites.fr\/wp-content\/uploads\/2014\/01\/vice_president.gif\"><img loading=\"lazy\" decoding=\"async\" class=\"aligncenter size-full wp-image-113\" src=\"http:\/\/a.a.p.p.les2truites.fr\/wp-content\/uploads\/2014\/01\/vice_president.gif\" alt=\"vice_president\" width=\"67\" height=\"85\" \/><\/a><\/p>\n<p>BEYER Christian<img loading=\"lazy\" decoding=\"async\" class=\"aligncenter size-full wp-image-91\" src=\"http:\/\/a.a.p.p.les2truites.fr\/wp-content\/uploads\/2014\/01\/secretaire_adjoint.gif\" alt=\"secretaire_adjoint\" width=\"121\" height=\"99\" \/><\/p>\n<p style=\"text-align: center;\">&#8212;&#8212;&#8212;&#8212;&#8212;&#8212;&#8212;&#8212;&#8212;&#8212;&#8212;&#8212;&#8212;&#8212;&#8212;&#8212;<\/p>\n<p><a href=\"http:\/\/a.a.p.p.les2truites.fr\/wp-content\/uploads\/2014\/01\/etoile_sherif.gif\"><img loading=\"lazy\" decoding=\"async\" class=\"aligncenter size-full wp-image-101\" src=\"http:\/\/a.a.p.p.les2truites.fr\/wp-content\/uploads\/2014\/01\/etoile_sherif.gif\" alt=\"etoile_sherif\" width=\"96\" height=\"134\" \/><\/a><\/p>\n<p><strong><em>12) Garde p\u00eache :<\/em><\/strong> LOCQUET Philippe <a href=\"http:\/\/a.a.p.p.les2truites.fr\/wp-content\/uploads\/2014\/01\/garde_de_peche_2.gif\"><img loading=\"lazy\" decoding=\"async\" class=\"aligncenter size-full wp-image-100\" src=\"http:\/\/a.a.p.p.les2truites.fr\/wp-content\/uploads\/2014\/01\/garde_de_peche_2.gif\" alt=\"garde_de_peche_2\" width=\"82\" height=\"154\" \/><\/a><\/p>\n<p><em><strong>\u00a0<\/strong><\/em><\/p>\n","protected":false},"excerpt":{"rendered":"<p>1) Pr\u00e9sident : LEROY David 1.1) Vice Pr\u00e9sident : GERODOLLE Christophe 2) Secr\u00e9taire : HOFER Laurence 2.1) Secr\u00e9taire adjoint :\u00a0 BEYER Christian 3) Tr\u00e9sorier : JASPART P.Antoine 3.1) Tr\u00e9sorier adjoint : JASPART Eliane\u00a0 4) Responsable entretien machines &amp; outillage : GEISSLER Marc\u00a0 4.1) Suppl\u00e9ant : JASPART P.Antoine 5) Responsable des \u2026 <a class=\"continue-reading-link\" href=\"http:\/\/a.a.p.p.les2truites.fr\/?page_id=1284\"> Continue reading <span class=\"meta-nav\">&rarr; <\/span><\/a><\/p>\n","protected":false},"author":1,"featured_media":0,"parent":1286,"menu_order":4,"comment_status":"closed","ping_status":"closed","template":"","meta":{"_monsterinsights_skip_tracking":false,"_monsterinsights_sitenote_active":false,"_monsterinsights_sitenote_note":"","_monsterinsights_sitenote_category":0,"footnotes":""},"class_list":["post-1284","page","type-page","status-publish","hentry"],"yoast_head":"<!-- This site is optimized with the Yoast SEO plugin v27.3 - https:\/\/yoast.com\/product\/yoast-seo-wordpress\/ -->\n<title>Le comit\u00e9 2022 - AAPP les 2 truites<\/title>\n<meta name=\"robots\" content=\"index, follow, max-snippet:-1, max-image-preview:large, max-video-preview:-1\" \/>\n<link rel=\"canonical\" href=\"http:\/\/a.a.p.p.les2truites.fr\/?page_id=1284\" \/>\n<meta property=\"og:locale\" content=\"fr_FR\" \/>\n<meta property=\"og:type\" content=\"article\" \/>\n<meta property=\"og:title\" content=\"Le comit\u00e9 2022 - AAPP les 2 truites\" \/>\n<meta property=\"og:description\" content=\"1) Pr\u00e9sident : LEROY David 1.1) Vice Pr\u00e9sident : GERODOLLE Christophe 2) Secr\u00e9taire : HOFER Laurence 2.1) Secr\u00e9taire adjoint :\u00a0 BEYER Christian 3) Tr\u00e9sorier : JASPART P.Antoine 3.1) Tr\u00e9sorier adjoint : JASPART Eliane\u00a0 4) Responsable entretien machines &amp; outillage : GEISSLER Marc\u00a0 4.1) Suppl\u00e9ant : JASPART P.Antoine 5) Responsable des \u2026 Continue reading &rarr;\" \/>\n<meta property=\"og:url\" content=\"http:\/\/a.a.p.p.les2truites.fr\/?page_id=1284\" \/>\n<meta property=\"og:site_name\" content=\"AAPP les 2 truites\" \/>\n<meta property=\"article:modified_time\" content=\"2023-02-25T10:45:48+00:00\" \/>\n<meta property=\"og:image\" content=\"http:\/\/a.a.p.p.les2truites.fr\/wp-content\/uploads\/2014\/01\/barbecue.gif\" \/>\n<meta name=\"twitter:label1\" content=\"Dur\u00e9e de lecture estim\u00e9e\" \/>\n\t<meta name=\"twitter:data1\" content=\"4 minutes\" \/>\n<script type=\"application\/ld+json\" class=\"yoast-schema-graph\">{\"@context\":\"https:\\\/\\\/schema.org\",\"@graph\":[{\"@type\":\"WebPage\",\"@id\":\"http:\\\/\\\/a.a.p.p.les2truites.fr\\\/?page_id=1284\",\"url\":\"http:\\\/\\\/a.a.p.p.les2truites.fr\\\/?page_id=1284\",\"name\":\"Le comit\u00e9 2022 - AAPP les 2 truites\",\"isPartOf\":{\"@id\":\"https:\\\/\\\/a.a.p.p.les2truites.fr\\\/#website\"},\"primaryImageOfPage\":{\"@id\":\"http:\\\/\\\/a.a.p.p.les2truites.fr\\\/?page_id=1284#primaryimage\"},\"image\":{\"@id\":\"http:\\\/\\\/a.a.p.p.les2truites.fr\\\/?page_id=1284#primaryimage\"},\"thumbnailUrl\":\"http:\\\/\\\/a.a.p.p.les2truites.fr\\\/wp-content\\\/uploads\\\/2014\\\/01\\\/barbecue.gif\",\"datePublished\":\"2023-02-25T10:35:38+00:00\",\"dateModified\":\"2023-02-25T10:45:48+00:00\",\"breadcrumb\":{\"@id\":\"http:\\\/\\\/a.a.p.p.les2truites.fr\\\/?page_id=1284#breadcrumb\"},\"inLanguage\":\"fr-FR\",\"potentialAction\":[{\"@type\":\"ReadAction\",\"target\":[\"http:\\\/\\\/a.a.p.p.les2truites.fr\\\/?page_id=1284\"]}]},{\"@type\":\"ImageObject\",\"inLanguage\":\"fr-FR\",\"@id\":\"http:\\\/\\\/a.a.p.p.les2truites.fr\\\/?page_id=1284#primaryimage\",\"url\":\"http:\\\/\\\/a.a.p.p.les2truites.fr\\\/wp-content\\\/uploads\\\/2014\\\/01\\\/barbecue.gif\",\"contentUrl\":\"http:\\\/\\\/a.a.p.p.les2truites.fr\\\/wp-content\\\/uploads\\\/2014\\\/01\\\/barbecue.gif\",\"width\":90,\"height\":98},{\"@type\":\"BreadcrumbList\",\"@id\":\"http:\\\/\\\/a.a.p.p.les2truites.fr\\\/?page_id=1284#breadcrumb\",\"itemListElement\":[{\"@type\":\"ListItem\",\"position\":1,\"name\":\"Archives\",\"item\":\"http:\\\/\\\/a.a.p.p.les2truites.fr\\\/?page_id=356\"},{\"@type\":\"ListItem\",\"position\":2,\"name\":\"2022\",\"item\":\"https:\\\/\\\/a.a.p.p.les2truites.fr\\\/?page_id=1286\"},{\"@type\":\"ListItem\",\"position\":3,\"name\":\"Le comit\u00e9 2022\"}]},{\"@type\":\"WebSite\",\"@id\":\"https:\\\/\\\/a.a.p.p.les2truites.fr\\\/#website\",\"url\":\"https:\\\/\\\/a.a.p.p.les2truites.fr\\\/\",\"name\":\"AAPP les 2 truites\",\"description\":\"Tous droits r\u00e9serv\u00e9s \u00a9 2011-2025\",\"potentialAction\":[{\"@type\":\"SearchAction\",\"target\":{\"@type\":\"EntryPoint\",\"urlTemplate\":\"https:\\\/\\\/a.a.p.p.les2truites.fr\\\/?s={search_term_string}\"},\"query-input\":{\"@type\":\"PropertyValueSpecification\",\"valueRequired\":true,\"valueName\":\"search_term_string\"}}],\"inLanguage\":\"fr-FR\"}]}<\/script>\n<!-- \/ Yoast SEO plugin. -->","yoast_head_json":{"title":"Le comit\u00e9 2022 - AAPP les 2 truites","robots":{"index":"index","follow":"follow","max-snippet":"max-snippet:-1","max-image-preview":"max-image-preview:large","max-video-preview":"max-video-preview:-1"},"canonical":"http:\/\/a.a.p.p.les2truites.fr\/?page_id=1284","og_locale":"fr_FR","og_type":"article","og_title":"Le comit\u00e9 2022 - AAPP les 2 truites","og_description":"1) Pr\u00e9sident : LEROY David 1.1) Vice Pr\u00e9sident : GERODOLLE Christophe 2) Secr\u00e9taire : HOFER Laurence 2.1) Secr\u00e9taire adjoint :\u00a0 BEYER Christian 3) Tr\u00e9sorier : JASPART P.Antoine 3.1) Tr\u00e9sorier adjoint : JASPART Eliane\u00a0 4) Responsable entretien machines &amp; outillage : GEISSLER Marc\u00a0 4.1) Suppl\u00e9ant : JASPART P.Antoine 5) Responsable des \u2026 Continue reading &rarr;","og_url":"http:\/\/a.a.p.p.les2truites.fr\/?page_id=1284","og_site_name":"AAPP les 2 truites","article_modified_time":"2023-02-25T10:45:48+00:00","og_image":[{"url":"http:\/\/a.a.p.p.les2truites.fr\/wp-content\/uploads\/2014\/01\/barbecue.gif","type":"","width":"","height":""}],"twitter_misc":{"Dur\u00e9e de lecture estim\u00e9e":"4 minutes"},"schema":{"@context":"https:\/\/schema.org","@graph":[{"@type":"WebPage","@id":"http:\/\/a.a.p.p.les2truites.fr\/?page_id=1284","url":"http:\/\/a.a.p.p.les2truites.fr\/?page_id=1284","name":"Le comit\u00e9 2022 - AAPP les 2 truites","isPartOf":{"@id":"https:\/\/a.a.p.p.les2truites.fr\/#website"},"primaryImageOfPage":{"@id":"http:\/\/a.a.p.p.les2truites.fr\/?page_id=1284#primaryimage"},"image":{"@id":"http:\/\/a.a.p.p.les2truites.fr\/?page_id=1284#primaryimage"},"thumbnailUrl":"http:\/\/a.a.p.p.les2truites.fr\/wp-content\/uploads\/2014\/01\/barbecue.gif","datePublished":"2023-02-25T10:35:38+00:00","dateModified":"2023-02-25T10:45:48+00:00","breadcrumb":{"@id":"http:\/\/a.a.p.p.les2truites.fr\/?page_id=1284#breadcrumb"},"inLanguage":"fr-FR","potentialAction":[{"@type":"ReadAction","target":["http:\/\/a.a.p.p.les2truites.fr\/?page_id=1284"]}]},{"@type":"ImageObject","inLanguage":"fr-FR","@id":"http:\/\/a.a.p.p.les2truites.fr\/?page_id=1284#primaryimage","url":"http:\/\/a.a.p.p.les2truites.fr\/wp-content\/uploads\/2014\/01\/barbecue.gif","contentUrl":"http:\/\/a.a.p.p.les2truites.fr\/wp-content\/uploads\/2014\/01\/barbecue.gif","width":90,"height":98},{"@type":"BreadcrumbList","@id":"http:\/\/a.a.p.p.les2truites.fr\/?page_id=1284#breadcrumb","itemListElement":[{"@type":"ListItem","position":1,"name":"Archives","item":"http:\/\/a.a.p.p.les2truites.fr\/?page_id=356"},{"@type":"ListItem","position":2,"name":"2022","item":"https:\/\/a.a.p.p.les2truites.fr\/?page_id=1286"},{"@type":"ListItem","position":3,"name":"Le comit\u00e9 2022"}]},{"@type":"WebSite","@id":"https:\/\/a.a.p.p.les2truites.fr\/#website","url":"https:\/\/a.a.p.p.les2truites.fr\/","name":"AAPP les 2 truites","description":"Tous droits r\u00e9serv\u00e9s \u00a9 2011-2025","potentialAction":[{"@type":"SearchAction","target":{"@type":"EntryPoint","urlTemplate":"https:\/\/a.a.p.p.les2truites.fr\/?s={search_term_string}"},"query-input":{"@type":"PropertyValueSpecification","valueRequired":true,"valueName":"search_term_string"}}],"inLanguage":"fr-FR"}]}},"_links":{"self":[{"href":"http:\/\/a.a.p.p.les2truites.fr\/index.php?rest_route=\/wp\/v2\/pages\/1284","targetHints":{"allow":["GET"]}}],"collection":[{"href":"http:\/\/a.a.p.p.les2truites.fr\/index.php?rest_route=\/wp\/v2\/pages"}],"about":[{"href":"http:\/\/a.a.p.p.les2truites.fr\/index.php?rest_route=\/wp\/v2\/types\/page"}],"author":[{"embeddable":true,"href":"http:\/\/a.a.p.p.les2truites.fr\/index.php?rest_route=\/wp\/v2\/users\/1"}],"replies":[{"embeddable":true,"href":"http:\/\/a.a.p.p.les2truites.fr\/index.php?rest_route=%2Fwp%2Fv2%2Fcomments&post=1284"}],"version-history":[{"count":1,"href":"http:\/\/a.a.p.p.les2truites.fr\/index.php?rest_route=\/wp\/v2\/pages\/1284\/revisions"}],"predecessor-version":[{"id":1295,"href":"http:\/\/a.a.p.p.les2truites.fr\/index.php?rest_route=\/wp\/v2\/pages\/1284\/revisions\/1295"}],"up":[{"embeddable":true,"href":"http:\/\/a.a.p.p.les2truites.fr\/index.php?rest_route=\/wp\/v2\/pages\/1286"}],"wp:attachment":[{"href":"http:\/\/a.a.p.p.les2truites.fr\/index.php?rest_route=%2Fwp%2Fv2%2Fmedia&parent=1284"}],"curies":[{"name":"wp","href":"https:\/\/api.w.org\/{rel}","templated":true}]}}