{"id":1519,"date":"2024-02-05T11:48:05","date_gmt":"2024-02-05T10:48:05","guid":{"rendered":"https:\/\/a.a.p.p.les2truites.fr\/?page_id=1519"},"modified":"2025-02-26T22:34:16","modified_gmt":"2025-02-26T21:34:16","slug":"news-2","status":"publish","type":"page","link":"http:\/\/a.a.p.p.les2truites.fr\/?page_id=1519","title":{"rendered":"News 2024"},"content":{"rendered":"<p>Dans cette rubrique figureront toutes les \u00ab\u00a0news\u00a0\u00bb de l\u2019association, du site,\u2026 En clair, tout ce qui concerne l\u2019A.A.P.P. les 2 truites.<\/p>\n<p><strong><em>mars 2024 :<\/em><\/strong>\u00a0Publication des\u00a0<strong><a href=\"http:\/\/a.a.p.p.les2truites.fr\/?page_id=1524\">Dates des concours 2024<\/a><\/strong>.<\/p>\n<p><strong>mars 2024 :<\/strong> Publication du <strong><a href=\"https:\/\/a.a.p.p.les2truites.fr\/?page_id=1527\">Comit\u00e9 2024<\/a><\/strong>.<\/p>\n<p><em><strong>f\u00e9vrier 2024 :<\/strong><\/em> Mise \u00e0 jour de la <a href=\"http:\/\/a.a.p.p.les2truites.fr\/wp-content\/uploads\/2024\/02\/fiche_de_renseignements_2024.pdf\" target=\"_blank\" rel=\"noopener\"><strong>Fiche de renseignements 2024<\/strong><\/a><strong>.<\/strong><\/p>\n<p><strong><em>f\u00e9vrier 2024 : <\/em><\/strong>Mise \u00e0 jour des <strong><a href=\"https:\/\/a.a.p.p.les2truites.fr\/?page_id=1522\">Tarifs des cartes de p\u00eache 2024<\/a>.<\/strong><\/p>\n<p><strong><em>f\u00e9vrier 2024 :<\/em><\/strong>\u00a0Publication du <strong><a href=\"https:\/\/a.a.p.p.les2truites.fr\/?page_id=1556\">R\u00e8glement 2024<\/a>.<\/strong><\/p>\n<p><strong><em>janvier 2024 :<\/em><\/strong> Passage du site internet en version 10.24 suite \u00e0 la nouvelle ann\u00e9e qui commence.<\/p>\n<p>Les\u00a0<a href=\"https:\/\/a.a.p.p.les2truites.fr\/?page_id=1528\"><strong>Dates des travaux du comit\u00e9<\/strong><\/a> ne sont pas encore arr\u00eat\u00e9es pour l\u2019ann\u00e9e 2024.<\/p>\n","protected":false},"excerpt":{"rendered":"<p>Dans cette rubrique figureront toutes les \u00ab\u00a0news\u00a0\u00bb de l\u2019association, du site,\u2026 En clair, tout ce qui concerne l\u2019A.A.P.P. les 2 truites. mars 2024 :\u00a0Publication des\u00a0Dates des concours 2024. mars 2024 : Publication du Comit\u00e9 2024. f\u00e9vrier 2024 : Mise \u00e0 jour de la Fiche de renseignements 2024. f\u00e9vrier 2024 : \u2026 <a class=\"continue-reading-link\" href=\"http:\/\/a.a.p.p.les2truites.fr\/?page_id=1519\"> Continue reading <span class=\"meta-nav\">&rarr; <\/span><\/a><\/p>\n","protected":false},"author":1,"featured_media":0,"parent":1676,"menu_order":1,"comment_status":"closed","ping_status":"closed","template":"","meta":{"_monsterinsights_skip_tracking":false,"_monsterinsights_sitenote_active":false,"_monsterinsights_sitenote_note":"","_monsterinsights_sitenote_category":0,"footnotes":""},"class_list":["post-1519","page","type-page","status-publish","hentry"],"yoast_head":"<!-- This site is optimized with the Yoast SEO plugin v27.3 - https:\/\/yoast.com\/product\/yoast-seo-wordpress\/ -->\n<title>News 2024 - AAPP les 2 truites<\/title>\n<meta name=\"robots\" content=\"index, follow, max-snippet:-1, max-image-preview:large, max-video-preview:-1\" \/>\n<link rel=\"canonical\" href=\"http:\/\/a.a.p.p.les2truites.fr\/?page_id=1519\" \/>\n<meta property=\"og:locale\" content=\"fr_FR\" \/>\n<meta property=\"og:type\" content=\"article\" \/>\n<meta property=\"og:title\" content=\"News 2024 - AAPP les 2 truites\" \/>\n<meta property=\"og:description\" content=\"Dans cette rubrique figureront toutes les \u00ab\u00a0news\u00a0\u00bb de l\u2019association, du site,\u2026 En clair, tout ce qui concerne l\u2019A.A.P.P. les 2 truites. mars 2024 :\u00a0Publication des\u00a0Dates des concours 2024. mars 2024 : Publication du Comit\u00e9 2024. f\u00e9vrier 2024 : Mise \u00e0 jour de la Fiche de renseignements 2024. f\u00e9vrier 2024 : \u2026 Continue reading &rarr;\" \/>\n<meta property=\"og:url\" content=\"http:\/\/a.a.p.p.les2truites.fr\/?page_id=1519\" \/>\n<meta property=\"og:site_name\" content=\"AAPP les 2 truites\" \/>\n<meta property=\"article:modified_time\" content=\"2025-02-26T21:34:16+00:00\" \/>\n<meta name=\"twitter:label1\" content=\"Dur\u00e9e de lecture estim\u00e9e\" \/>\n\t<meta name=\"twitter:data1\" content=\"1 minute\" \/>\n<script type=\"application\/ld+json\" class=\"yoast-schema-graph\">{\"@context\":\"https:\\\/\\\/schema.org\",\"@graph\":[{\"@type\":\"WebPage\",\"@id\":\"http:\\\/\\\/a.a.p.p.les2truites.fr\\\/?page_id=1519\",\"url\":\"http:\\\/\\\/a.a.p.p.les2truites.fr\\\/?page_id=1519\",\"name\":\"News 2024 - AAPP les 2 truites\",\"isPartOf\":{\"@id\":\"https:\\\/\\\/a.a.p.p.les2truites.fr\\\/#website\"},\"datePublished\":\"2024-02-05T10:48:05+00:00\",\"dateModified\":\"2025-02-26T21:34:16+00:00\",\"breadcrumb\":{\"@id\":\"http:\\\/\\\/a.a.p.p.les2truites.fr\\\/?page_id=1519#breadcrumb\"},\"inLanguage\":\"fr-FR\",\"potentialAction\":[{\"@type\":\"ReadAction\",\"target\":[\"http:\\\/\\\/a.a.p.p.les2truites.fr\\\/?page_id=1519\"]}]},{\"@type\":\"BreadcrumbList\",\"@id\":\"http:\\\/\\\/a.a.p.p.les2truites.fr\\\/?page_id=1519#breadcrumb\",\"itemListElement\":[{\"@type\":\"ListItem\",\"position\":1,\"name\":\"Archives\",\"item\":\"http:\\\/\\\/a.a.p.p.les2truites.fr\\\/?page_id=356\"},{\"@type\":\"ListItem\",\"position\":2,\"name\":\"2024\",\"item\":\"https:\\\/\\\/a.a.p.p.les2truites.fr\\\/?page_id=1676\"},{\"@type\":\"ListItem\",\"position\":3,\"name\":\"News 2024\"}]},{\"@type\":\"WebSite\",\"@id\":\"https:\\\/\\\/a.a.p.p.les2truites.fr\\\/#website\",\"url\":\"https:\\\/\\\/a.a.p.p.les2truites.fr\\\/\",\"name\":\"AAPP les 2 truites\",\"description\":\"Tous droits r\u00e9serv\u00e9s \u00a9 2011-2025\",\"potentialAction\":[{\"@type\":\"SearchAction\",\"target\":{\"@type\":\"EntryPoint\",\"urlTemplate\":\"https:\\\/\\\/a.a.p.p.les2truites.fr\\\/?s={search_term_string}\"},\"query-input\":{\"@type\":\"PropertyValueSpecification\",\"valueRequired\":true,\"valueName\":\"search_term_string\"}}],\"inLanguage\":\"fr-FR\"}]}<\/script>\n<!-- \/ Yoast SEO plugin. -->","yoast_head_json":{"title":"News 2024 - AAPP les 2 truites","robots":{"index":"index","follow":"follow","max-snippet":"max-snippet:-1","max-image-preview":"max-image-preview:large","max-video-preview":"max-video-preview:-1"},"canonical":"http:\/\/a.a.p.p.les2truites.fr\/?page_id=1519","og_locale":"fr_FR","og_type":"article","og_title":"News 2024 - AAPP les 2 truites","og_description":"Dans cette rubrique figureront toutes les \u00ab\u00a0news\u00a0\u00bb de l\u2019association, du site,\u2026 En clair, tout ce qui concerne l\u2019A.A.P.P. les 2 truites. mars 2024 :\u00a0Publication des\u00a0Dates des concours 2024. mars 2024 : Publication du Comit\u00e9 2024. f\u00e9vrier 2024 : Mise \u00e0 jour de la Fiche de renseignements 2024. f\u00e9vrier 2024 : \u2026 Continue reading &rarr;","og_url":"http:\/\/a.a.p.p.les2truites.fr\/?page_id=1519","og_site_name":"AAPP les 2 truites","article_modified_time":"2025-02-26T21:34:16+00:00","twitter_misc":{"Dur\u00e9e de lecture estim\u00e9e":"1 minute"},"schema":{"@context":"https:\/\/schema.org","@graph":[{"@type":"WebPage","@id":"http:\/\/a.a.p.p.les2truites.fr\/?page_id=1519","url":"http:\/\/a.a.p.p.les2truites.fr\/?page_id=1519","name":"News 2024 - AAPP les 2 truites","isPartOf":{"@id":"https:\/\/a.a.p.p.les2truites.fr\/#website"},"datePublished":"2024-02-05T10:48:05+00:00","dateModified":"2025-02-26T21:34:16+00:00","breadcrumb":{"@id":"http:\/\/a.a.p.p.les2truites.fr\/?page_id=1519#breadcrumb"},"inLanguage":"fr-FR","potentialAction":[{"@type":"ReadAction","target":["http:\/\/a.a.p.p.les2truites.fr\/?page_id=1519"]}]},{"@type":"BreadcrumbList","@id":"http:\/\/a.a.p.p.les2truites.fr\/?page_id=1519#breadcrumb","itemListElement":[{"@type":"ListItem","position":1,"name":"Archives","item":"http:\/\/a.a.p.p.les2truites.fr\/?page_id=356"},{"@type":"ListItem","position":2,"name":"2024","item":"https:\/\/a.a.p.p.les2truites.fr\/?page_id=1676"},{"@type":"ListItem","position":3,"name":"News 2024"}]},{"@type":"WebSite","@id":"https:\/\/a.a.p.p.les2truites.fr\/#website","url":"https:\/\/a.a.p.p.les2truites.fr\/","name":"AAPP les 2 truites","description":"Tous droits r\u00e9serv\u00e9s \u00a9 2011-2025","potentialAction":[{"@type":"SearchAction","target":{"@type":"EntryPoint","urlTemplate":"https:\/\/a.a.p.p.les2truites.fr\/?s={search_term_string}"},"query-input":{"@type":"PropertyValueSpecification","valueRequired":true,"valueName":"search_term_string"}}],"inLanguage":"fr-FR"}]}},"_links":{"self":[{"href":"http:\/\/a.a.p.p.les2truites.fr\/index.php?rest_route=\/wp\/v2\/pages\/1519","targetHints":{"allow":["GET"]}}],"collection":[{"href":"http:\/\/a.a.p.p.les2truites.fr\/index.php?rest_route=\/wp\/v2\/pages"}],"about":[{"href":"http:\/\/a.a.p.p.les2truites.fr\/index.php?rest_route=\/wp\/v2\/types\/page"}],"author":[{"embeddable":true,"href":"http:\/\/a.a.p.p.les2truites.fr\/index.php?rest_route=\/wp\/v2\/users\/1"}],"replies":[{"embeddable":true,"href":"http:\/\/a.a.p.p.les2truites.fr\/index.php?rest_route=%2Fwp%2Fv2%2Fcomments&post=1519"}],"version-history":[{"count":4,"href":"http:\/\/a.a.p.p.les2truites.fr\/index.php?rest_route=\/wp\/v2\/pages\/1519\/revisions"}],"predecessor-version":[{"id":1754,"href":"http:\/\/a.a.p.p.les2truites.fr\/index.php?rest_route=\/wp\/v2\/pages\/1519\/revisions\/1754"}],"up":[{"embeddable":true,"href":"http:\/\/a.a.p.p.les2truites.fr\/index.php?rest_route=\/wp\/v2\/pages\/1676"}],"wp:attachment":[{"href":"http:\/\/a.a.p.p.les2truites.fr\/index.php?rest_route=%2Fwp%2Fv2%2Fmedia&parent=1519"}],"curies":[{"name":"wp","href":"https:\/\/api.w.org\/{rel}","templated":true}]}}