{"id":1682,"date":"2025-02-26T21:27:31","date_gmt":"2025-02-26T20:27:31","guid":{"rendered":"https:\/\/a.a.p.p.les2truites.fr\/?page_id=1682"},"modified":"2025-02-26T21:32:50","modified_gmt":"2025-02-26T20:32:50","slug":"carte-de-peche-2015","status":"publish","type":"page","link":"http:\/\/a.a.p.p.les2truites.fr\/?page_id=1682","title":{"rendered":"Carte de p\u00eache 2025"},"content":{"rendered":"<p style=\"text-align: center;\"><em><strong>La carte de p\u00eache 2025 est en vente au prix de 15\u20ac<\/strong><\/em><\/p>\n<p style=\"text-align: left;\">Pour les possesseurs du permis avec une photo il suffit de donner le volet annuel \u00e0 un membre du comit\u00e9. Pour les nouveaux membres, il faut demander une feuille de renseignement aupr\u00e8s d\u2019un membre du comit\u00e9 et y joindre une photo.<\/p>\n<p style=\"text-align: center;\"><em><strong>Concours et info 2025<\/strong><\/em><\/p>\n<p style=\"text-align: left;\">Les volets annuels pour les membres A et les cartes d\u2019invitations peuvent \u00eatres retir\u00e9s au horaires habituel au CE.<\/p>\n\n","protected":false},"excerpt":{"rendered":"<p>La carte de p\u00eache 2025 est en vente au prix de 15\u20ac Pour les possesseurs du permis avec une photo il suffit de donner le volet annuel \u00e0 un membre du comit\u00e9. Pour les nouveaux membres, il faut demander une feuille de renseignement aupr\u00e8s d\u2019un membre du comit\u00e9 et y \u2026 <a class=\"continue-reading-link\" href=\"http:\/\/a.a.p.p.les2truites.fr\/?page_id=1682\"> Continue reading <span class=\"meta-nav\">&rarr; <\/span><\/a><\/p>\n","protected":false},"author":1,"featured_media":0,"parent":1681,"menu_order":3,"comment_status":"closed","ping_status":"closed","template":"","meta":{"_monsterinsights_skip_tracking":false,"_monsterinsights_sitenote_active":false,"_monsterinsights_sitenote_note":"","_monsterinsights_sitenote_category":0,"footnotes":""},"class_list":["post-1682","page","type-page","status-publish","hentry"],"yoast_head":"<!-- This site is optimized with the Yoast SEO plugin v27.3 - https:\/\/yoast.com\/product\/yoast-seo-wordpress\/ -->\n<title>Carte de p\u00eache 2025 - AAPP les 2 truites<\/title>\n<meta name=\"robots\" content=\"index, follow, max-snippet:-1, max-image-preview:large, max-video-preview:-1\" \/>\n<link rel=\"canonical\" href=\"https:\/\/a.a.p.p.les2truites.fr\/?page_id=1682\" \/>\n<meta property=\"og:locale\" content=\"fr_FR\" \/>\n<meta property=\"og:type\" content=\"article\" \/>\n<meta property=\"og:title\" content=\"Carte de p\u00eache 2025 - AAPP les 2 truites\" \/>\n<meta property=\"og:description\" content=\"La carte de p\u00eache 2025 est en vente au prix de 15\u20ac Pour les possesseurs du permis avec une photo il suffit de donner le volet annuel \u00e0 un membre du comit\u00e9. Pour les nouveaux membres, il faut demander une feuille de renseignement aupr\u00e8s d\u2019un membre du comit\u00e9 et y \u2026 Continue reading &rarr;\" \/>\n<meta property=\"og:url\" content=\"https:\/\/a.a.p.p.les2truites.fr\/?page_id=1682\" \/>\n<meta property=\"og:site_name\" content=\"AAPP les 2 truites\" \/>\n<meta property=\"article:modified_time\" content=\"2025-02-26T20:32:50+00:00\" \/>\n<meta name=\"twitter:label1\" content=\"Dur\u00e9e de lecture estim\u00e9e\" \/>\n\t<meta name=\"twitter:data1\" content=\"1 minute\" \/>\n<script type=\"application\/ld+json\" class=\"yoast-schema-graph\">{\"@context\":\"https:\\\/\\\/schema.org\",\"@graph\":[{\"@type\":\"WebPage\",\"@id\":\"https:\\\/\\\/a.a.p.p.les2truites.fr\\\/?page_id=1682\",\"url\":\"https:\\\/\\\/a.a.p.p.les2truites.fr\\\/?page_id=1682\",\"name\":\"Carte de p\u00eache 2025 - AAPP les 2 truites\",\"isPartOf\":{\"@id\":\"https:\\\/\\\/a.a.p.p.les2truites.fr\\\/#website\"},\"datePublished\":\"2025-02-26T20:27:31+00:00\",\"dateModified\":\"2025-02-26T20:32:50+00:00\",\"breadcrumb\":{\"@id\":\"https:\\\/\\\/a.a.p.p.les2truites.fr\\\/?page_id=1682#breadcrumb\"},\"inLanguage\":\"fr-FR\",\"potentialAction\":[{\"@type\":\"ReadAction\",\"target\":[\"https:\\\/\\\/a.a.p.p.les2truites.fr\\\/?page_id=1682\"]}]},{\"@type\":\"BreadcrumbList\",\"@id\":\"https:\\\/\\\/a.a.p.p.les2truites.fr\\\/?page_id=1682#breadcrumb\",\"itemListElement\":[{\"@type\":\"ListItem\",\"position\":1,\"name\":\"Infos pratiques 2025\",\"item\":\"https:\\\/\\\/a.a.p.p.les2truites.fr\\\/?page_id=1681\"},{\"@type\":\"ListItem\",\"position\":2,\"name\":\"Carte de p\u00eache 2025\"}]},{\"@type\":\"WebSite\",\"@id\":\"https:\\\/\\\/a.a.p.p.les2truites.fr\\\/#website\",\"url\":\"https:\\\/\\\/a.a.p.p.les2truites.fr\\\/\",\"name\":\"AAPP les 2 truites\",\"description\":\"Tous droits r\u00e9serv\u00e9s \u00a9 2011-2025\",\"potentialAction\":[{\"@type\":\"SearchAction\",\"target\":{\"@type\":\"EntryPoint\",\"urlTemplate\":\"https:\\\/\\\/a.a.p.p.les2truites.fr\\\/?s={search_term_string}\"},\"query-input\":{\"@type\":\"PropertyValueSpecification\",\"valueRequired\":true,\"valueName\":\"search_term_string\"}}],\"inLanguage\":\"fr-FR\"}]}<\/script>\n<!-- \/ Yoast SEO plugin. -->","yoast_head_json":{"title":"Carte de p\u00eache 2025 - AAPP les 2 truites","robots":{"index":"index","follow":"follow","max-snippet":"max-snippet:-1","max-image-preview":"max-image-preview:large","max-video-preview":"max-video-preview:-1"},"canonical":"https:\/\/a.a.p.p.les2truites.fr\/?page_id=1682","og_locale":"fr_FR","og_type":"article","og_title":"Carte de p\u00eache 2025 - AAPP les 2 truites","og_description":"La carte de p\u00eache 2025 est en vente au prix de 15\u20ac Pour les possesseurs du permis avec une photo il suffit de donner le volet annuel \u00e0 un membre du comit\u00e9. Pour les nouveaux membres, il faut demander une feuille de renseignement aupr\u00e8s d\u2019un membre du comit\u00e9 et y \u2026 Continue reading &rarr;","og_url":"https:\/\/a.a.p.p.les2truites.fr\/?page_id=1682","og_site_name":"AAPP les 2 truites","article_modified_time":"2025-02-26T20:32:50+00:00","twitter_misc":{"Dur\u00e9e de lecture estim\u00e9e":"1 minute"},"schema":{"@context":"https:\/\/schema.org","@graph":[{"@type":"WebPage","@id":"https:\/\/a.a.p.p.les2truites.fr\/?page_id=1682","url":"https:\/\/a.a.p.p.les2truites.fr\/?page_id=1682","name":"Carte de p\u00eache 2025 - AAPP les 2 truites","isPartOf":{"@id":"https:\/\/a.a.p.p.les2truites.fr\/#website"},"datePublished":"2025-02-26T20:27:31+00:00","dateModified":"2025-02-26T20:32:50+00:00","breadcrumb":{"@id":"https:\/\/a.a.p.p.les2truites.fr\/?page_id=1682#breadcrumb"},"inLanguage":"fr-FR","potentialAction":[{"@type":"ReadAction","target":["https:\/\/a.a.p.p.les2truites.fr\/?page_id=1682"]}]},{"@type":"BreadcrumbList","@id":"https:\/\/a.a.p.p.les2truites.fr\/?page_id=1682#breadcrumb","itemListElement":[{"@type":"ListItem","position":1,"name":"Infos pratiques 2025","item":"https:\/\/a.a.p.p.les2truites.fr\/?page_id=1681"},{"@type":"ListItem","position":2,"name":"Carte de p\u00eache 2025"}]},{"@type":"WebSite","@id":"https:\/\/a.a.p.p.les2truites.fr\/#website","url":"https:\/\/a.a.p.p.les2truites.fr\/","name":"AAPP les 2 truites","description":"Tous droits r\u00e9serv\u00e9s \u00a9 2011-2025","potentialAction":[{"@type":"SearchAction","target":{"@type":"EntryPoint","urlTemplate":"https:\/\/a.a.p.p.les2truites.fr\/?s={search_term_string}"},"query-input":{"@type":"PropertyValueSpecification","valueRequired":true,"valueName":"search_term_string"}}],"inLanguage":"fr-FR"}]}},"_links":{"self":[{"href":"http:\/\/a.a.p.p.les2truites.fr\/index.php?rest_route=\/wp\/v2\/pages\/1682","targetHints":{"allow":["GET"]}}],"collection":[{"href":"http:\/\/a.a.p.p.les2truites.fr\/index.php?rest_route=\/wp\/v2\/pages"}],"about":[{"href":"http:\/\/a.a.p.p.les2truites.fr\/index.php?rest_route=\/wp\/v2\/types\/page"}],"author":[{"embeddable":true,"href":"http:\/\/a.a.p.p.les2truites.fr\/index.php?rest_route=\/wp\/v2\/users\/1"}],"replies":[{"embeddable":true,"href":"http:\/\/a.a.p.p.les2truites.fr\/index.php?rest_route=%2Fwp%2Fv2%2Fcomments&post=1682"}],"version-history":[{"count":2,"href":"http:\/\/a.a.p.p.les2truites.fr\/index.php?rest_route=\/wp\/v2\/pages\/1682\/revisions"}],"predecessor-version":[{"id":1689,"href":"http:\/\/a.a.p.p.les2truites.fr\/index.php?rest_route=\/wp\/v2\/pages\/1682\/revisions\/1689"}],"up":[{"embeddable":true,"href":"http:\/\/a.a.p.p.les2truites.fr\/index.php?rest_route=\/wp\/v2\/pages\/1681"}],"wp:attachment":[{"href":"http:\/\/a.a.p.p.les2truites.fr\/index.php?rest_route=%2Fwp%2Fv2%2Fmedia&parent=1682"}],"curies":[{"name":"wp","href":"https:\/\/api.w.org\/{rel}","templated":true}]}}