{"id":1722,"date":"2025-02-26T22:20:58","date_gmt":"2025-02-26T21:20:58","guid":{"rendered":"https:\/\/a.a.p.p.les2truites.fr\/?page_id=1722"},"modified":"2025-02-26T22:27:43","modified_gmt":"2025-02-26T21:27:43","slug":"le-comite-2025","status":"publish","type":"page","link":"http:\/\/a.a.p.p.les2truites.fr\/?page_id=1722","title":{"rendered":"Le comit\u00e9 2025"},"content":{"rendered":"\n<p style=\"text-align: center;\"><strong>Pr\u00e9sident :<\/strong> LEROY DAVID (Fond eq3)<br \/><strong>Vice-pr\u00e9sident<\/strong> : KLAUSS JONATHAN (Fond eq5)<br \/><strong>Secr\u00e9taire<\/strong> : SCHMITT AURORE (B)<br \/><strong>Secr\u00e9taire adjoint :<\/strong> BEYER CHRISTIAN (retrait\u00e9)<br \/><strong>Tr\u00e9sorier :<\/strong> JASPART PIERRE-ANTOINE (retrait\u00e9)<br \/><strong>Tr\u00e9sorier adjoint :<\/strong> JASPART ELIANE (B)<br \/><strong>Responsable machines et entretien :<\/strong> LEROY David (eq 3) <br \/><strong>Suppl\u00e9ant :<\/strong> JASPART P. Antoine (retrait\u00e9) + LEROY David (Fond eq. 3) <br \/><strong>Responsable travaux :<\/strong> GEISLER MARC (Retrait\u00e9) + GILLICH DAVID(FM)<br \/><strong>Responsable boissons :<\/strong> GILLICH DAVID (FM)<br \/><strong>Assesseurs :<\/strong> MARGOT Eddy (eq1), BECK Christian (eq3), SCHMITT Melvin (eq3)<br \/><strong>Garde p\u00eache :<\/strong> GILLICH MATHIAS (FM)<\/p>\n","protected":false},"excerpt":{"rendered":"<p>Pr\u00e9sident : LEROY DAVID (Fond eq3)Vice-pr\u00e9sident : KLAUSS JONATHAN (Fond eq5)Secr\u00e9taire : SCHMITT AURORE (B)Secr\u00e9taire adjoint : BEYER CHRISTIAN (retrait\u00e9)Tr\u00e9sorier : JASPART PIERRE-ANTOINE (retrait\u00e9)Tr\u00e9sorier adjoint : JASPART ELIANE (B)Responsable machines et entretien : LEROY David (eq 3) Suppl\u00e9ant : JASPART P. Antoine (retrait\u00e9) + LEROY David (Fond eq. 3) Responsable \u2026 <a class=\"continue-reading-link\" href=\"http:\/\/a.a.p.p.les2truites.fr\/?page_id=1722\"> Continue reading <span class=\"meta-nav\">&rarr; <\/span><\/a><\/p>\n","protected":false},"author":1,"featured_media":0,"parent":0,"menu_order":9,"comment_status":"closed","ping_status":"closed","template":"","meta":{"_monsterinsights_skip_tracking":false,"_monsterinsights_sitenote_active":false,"_monsterinsights_sitenote_note":"","_monsterinsights_sitenote_category":0,"footnotes":""},"class_list":["post-1722","page","type-page","status-publish","hentry"],"yoast_head":"<!-- This site is optimized with the Yoast SEO plugin v27.3 - https:\/\/yoast.com\/product\/yoast-seo-wordpress\/ -->\n<title>Le comit\u00e9 2025 - AAPP les 2 truites<\/title>\n<meta name=\"robots\" content=\"index, follow, max-snippet:-1, max-image-preview:large, max-video-preview:-1\" \/>\n<link rel=\"canonical\" href=\"http:\/\/a.a.p.p.les2truites.fr\/?page_id=1722\" \/>\n<meta property=\"og:locale\" content=\"fr_FR\" \/>\n<meta property=\"og:type\" content=\"article\" \/>\n<meta property=\"og:title\" content=\"Le comit\u00e9 2025 - AAPP les 2 truites\" \/>\n<meta property=\"og:description\" content=\"Pr\u00e9sident : LEROY DAVID (Fond eq3)Vice-pr\u00e9sident : KLAUSS JONATHAN (Fond eq5)Secr\u00e9taire : SCHMITT AURORE (B)Secr\u00e9taire adjoint : BEYER CHRISTIAN (retrait\u00e9)Tr\u00e9sorier : JASPART PIERRE-ANTOINE (retrait\u00e9)Tr\u00e9sorier adjoint : JASPART ELIANE (B)Responsable machines et entretien : LEROY David (eq 3) Suppl\u00e9ant : JASPART P. Antoine (retrait\u00e9) + LEROY David (Fond eq. 3) Responsable \u2026 Continue reading &rarr;\" \/>\n<meta property=\"og:url\" content=\"http:\/\/a.a.p.p.les2truites.fr\/?page_id=1722\" \/>\n<meta property=\"og:site_name\" content=\"AAPP les 2 truites\" \/>\n<meta property=\"article:modified_time\" content=\"2025-02-26T21:27:43+00:00\" \/>\n<meta name=\"twitter:label1\" content=\"Dur\u00e9e de lecture estim\u00e9e\" \/>\n\t<meta name=\"twitter:data1\" content=\"1 minute\" \/>\n<script type=\"application\/ld+json\" class=\"yoast-schema-graph\">{\"@context\":\"https:\\\/\\\/schema.org\",\"@graph\":[{\"@type\":\"WebPage\",\"@id\":\"http:\\\/\\\/a.a.p.p.les2truites.fr\\\/?page_id=1722\",\"url\":\"http:\\\/\\\/a.a.p.p.les2truites.fr\\\/?page_id=1722\",\"name\":\"Le comit\u00e9 2025 - AAPP les 2 truites\",\"isPartOf\":{\"@id\":\"https:\\\/\\\/a.a.p.p.les2truites.fr\\\/#website\"},\"datePublished\":\"2025-02-26T21:20:58+00:00\",\"dateModified\":\"2025-02-26T21:27:43+00:00\",\"inLanguage\":\"fr-FR\",\"potentialAction\":[{\"@type\":\"ReadAction\",\"target\":[\"http:\\\/\\\/a.a.p.p.les2truites.fr\\\/?page_id=1722\"]}]},{\"@type\":\"WebSite\",\"@id\":\"https:\\\/\\\/a.a.p.p.les2truites.fr\\\/#website\",\"url\":\"https:\\\/\\\/a.a.p.p.les2truites.fr\\\/\",\"name\":\"AAPP les 2 truites\",\"description\":\"Tous droits r\u00e9serv\u00e9s \u00a9 2011-2025\",\"potentialAction\":[{\"@type\":\"SearchAction\",\"target\":{\"@type\":\"EntryPoint\",\"urlTemplate\":\"https:\\\/\\\/a.a.p.p.les2truites.fr\\\/?s={search_term_string}\"},\"query-input\":{\"@type\":\"PropertyValueSpecification\",\"valueRequired\":true,\"valueName\":\"search_term_string\"}}],\"inLanguage\":\"fr-FR\"}]}<\/script>\n<!-- \/ Yoast SEO plugin. -->","yoast_head_json":{"title":"Le comit\u00e9 2025 - AAPP les 2 truites","robots":{"index":"index","follow":"follow","max-snippet":"max-snippet:-1","max-image-preview":"max-image-preview:large","max-video-preview":"max-video-preview:-1"},"canonical":"http:\/\/a.a.p.p.les2truites.fr\/?page_id=1722","og_locale":"fr_FR","og_type":"article","og_title":"Le comit\u00e9 2025 - AAPP les 2 truites","og_description":"Pr\u00e9sident : LEROY DAVID (Fond eq3)Vice-pr\u00e9sident : KLAUSS JONATHAN (Fond eq5)Secr\u00e9taire : SCHMITT AURORE (B)Secr\u00e9taire adjoint : BEYER CHRISTIAN (retrait\u00e9)Tr\u00e9sorier : JASPART PIERRE-ANTOINE (retrait\u00e9)Tr\u00e9sorier adjoint : JASPART ELIANE (B)Responsable machines et entretien : LEROY David (eq 3) Suppl\u00e9ant : JASPART P. Antoine (retrait\u00e9) + LEROY David (Fond eq. 3) Responsable \u2026 Continue reading &rarr;","og_url":"http:\/\/a.a.p.p.les2truites.fr\/?page_id=1722","og_site_name":"AAPP les 2 truites","article_modified_time":"2025-02-26T21:27:43+00:00","twitter_misc":{"Dur\u00e9e de lecture estim\u00e9e":"1 minute"},"schema":{"@context":"https:\/\/schema.org","@graph":[{"@type":"WebPage","@id":"http:\/\/a.a.p.p.les2truites.fr\/?page_id=1722","url":"http:\/\/a.a.p.p.les2truites.fr\/?page_id=1722","name":"Le comit\u00e9 2025 - AAPP les 2 truites","isPartOf":{"@id":"https:\/\/a.a.p.p.les2truites.fr\/#website"},"datePublished":"2025-02-26T21:20:58+00:00","dateModified":"2025-02-26T21:27:43+00:00","inLanguage":"fr-FR","potentialAction":[{"@type":"ReadAction","target":["http:\/\/a.a.p.p.les2truites.fr\/?page_id=1722"]}]},{"@type":"WebSite","@id":"https:\/\/a.a.p.p.les2truites.fr\/#website","url":"https:\/\/a.a.p.p.les2truites.fr\/","name":"AAPP les 2 truites","description":"Tous droits r\u00e9serv\u00e9s \u00a9 2011-2025","potentialAction":[{"@type":"SearchAction","target":{"@type":"EntryPoint","urlTemplate":"https:\/\/a.a.p.p.les2truites.fr\/?s={search_term_string}"},"query-input":{"@type":"PropertyValueSpecification","valueRequired":true,"valueName":"search_term_string"}}],"inLanguage":"fr-FR"}]}},"_links":{"self":[{"href":"http:\/\/a.a.p.p.les2truites.fr\/index.php?rest_route=\/wp\/v2\/pages\/1722","targetHints":{"allow":["GET"]}}],"collection":[{"href":"http:\/\/a.a.p.p.les2truites.fr\/index.php?rest_route=\/wp\/v2\/pages"}],"about":[{"href":"http:\/\/a.a.p.p.les2truites.fr\/index.php?rest_route=\/wp\/v2\/types\/page"}],"author":[{"embeddable":true,"href":"http:\/\/a.a.p.p.les2truites.fr\/index.php?rest_route=\/wp\/v2\/users\/1"}],"replies":[{"embeddable":true,"href":"http:\/\/a.a.p.p.les2truites.fr\/index.php?rest_route=%2Fwp%2Fv2%2Fcomments&post=1722"}],"version-history":[{"count":4,"href":"http:\/\/a.a.p.p.les2truites.fr\/index.php?rest_route=\/wp\/v2\/pages\/1722\/revisions"}],"predecessor-version":[{"id":1749,"href":"http:\/\/a.a.p.p.les2truites.fr\/index.php?rest_route=\/wp\/v2\/pages\/1722\/revisions\/1749"}],"wp:attachment":[{"href":"http:\/\/a.a.p.p.les2truites.fr\/index.php?rest_route=%2Fwp%2Fv2%2Fmedia&parent=1722"}],"curies":[{"name":"wp","href":"https:\/\/api.w.org\/{rel}","templated":true}]}}