{"id":1724,"date":"2025-02-26T21:48:54","date_gmt":"2025-02-26T20:48:54","guid":{"rendered":"https:\/\/a.a.p.p.les2truites.fr\/?page_id=1724"},"modified":"2025-02-26T21:48:55","modified_gmt":"2025-02-26T20:48:55","slug":"reglement-2025","status":"publish","type":"page","link":"http:\/\/a.a.p.p.les2truites.fr\/?page_id=1724","title":{"rendered":"R\u00e8glement 2025"},"content":{"rendered":"<p><em><strong>II. R\u00e8glementation de la p\u00eache :<\/strong><\/em><\/p>\n<ul>\n<li>Pour la p\u00eache aux \u00e9crevisses, le fagot et les balances sont autoris\u00e9s.<\/li>\n<li>L\u2019amor\u00e7age avec tout produit naturel est autoris\u00e9.<\/li>\n<li>La p\u00eache \u00e0 la cuiller ou aux \u00e9crevisses ne doit pas g\u00eaner les p\u00eacheurs au coup.<\/li>\n<li>Rod pod et d\u00e9tecteur interdits au Noyer.<\/li>\n<li>Les bateaux amorceurs sont strictement interdits dans tous les \u00e9tangs.<\/li>\n<li>P\u00eache au poisson rouge interdite.<\/li>\n<li>Sac de conservation interdit.<\/li>\n<\/ul>\n<p><span style=\"color: #ff0000;\"><strong>P\u00eache de la carpe : L&rsquo;utilisation d&rsquo;un tapis de r\u00e9ception, d&rsquo;hame\u00e7on<\/strong><\/span><span style=\"color: #ff0000;\"><strong> sans ardillon et d&rsquo;un produit antiseptique est obligatoire.<\/strong><\/span><\/p>\n<p><em><strong>II.1. Limitation des prises et tailles \u00e0 respecter par jour et par p\u00eacheur :<\/strong><\/em><\/p>\n<ul>\n<li>2 carpes (max 3kgs)<\/li>\n<li>5 tanches (20 cm)<\/li>\n<li>1 sandre (50 cm)<\/li>\n<li>5 truites<\/li>\n<li>2 brochets (70 cm)<\/li>\n<\/ul>\n<p>Toutes les carpes doivent \u00eatre remises \u00e0 l&rsquo;eau imm\u00e9diatement apr\u00e8s la capture \u00e0 l&rsquo;\u00e9tang des Sandres, de la Gravi\u00e8re, de la Fonderie et du Vernissage, quel que soit leurs poids.<\/p>\n<p>Les carpes de plus de 3kgs doivent \u00eatre remise \u00e0 l&rsquo;eau imm\u00e9diatement apr\u00e8s la capture, quel que soit l&rsquo;\u00e9tang.<\/p>\n<p>Toute carpe herbivore, black Bass ou esturgeons doivent \u00eatre remis \u00e0 l\u2019eau imm\u00e9diatement apr\u00e8s la capture.<\/p>\n<p><em><strong>III. Tarifs :<\/strong><\/em><\/p>\n<p>*carte de membre A (membre employ\u00e9 par Alcan ) 15 Euro<br \/>\n*carte de membre B (\u00e9pouse ou enfant) 15 Euro<br \/>\n*carte de membre H (membre retrait\u00e9 d\u2019Alcan ) 15 Euro<br \/>\n*carte de membre E (soci\u00e9t\u00e9 ext\u00e9rieur travaillant pour Alcan ) 25 Euro<br \/>\n*carte int\u00e9rimaire I (membre int\u00e9rimaire) 25 Euro<br \/>\n*carte fils ou fille majeur FM 25 Euro<br \/>\n*carte d\u2019invitation pour une journ\u00e9e (24h) 10 Euro<br \/>\n*carte d\u2019invitation pour 3 jours cons\u00e9cutifs (72h cons\u00e9cutives) 30 Euro<\/p>\n<p><span style=\"color: #ff0000;\"><strong>Rappel : une invitation autoris\u00e9e par sortie.<\/strong><\/span><\/p>\n<p><em><strong>IV. Cartes membres \u00ab B \u00bb :<\/strong><\/em><\/p>\n<p>\u2022 Jusqu\u2019\u00e0 l\u2019\u00e2ge de 12 ans, l\u2019enfant ne poss\u00e9dera pas de carte de p\u00eache.<\/p>\n<p>\u2022 Il devra obligatoirement \u00eatre accompagn\u00e9 d\u2019un membre \u00ab A \u00bb (exclusivement des parents) et pourra p\u00eacher avec une canne de celui-ci.<\/p>\n<p>\u2022 Les prises de l\u2019enfant compteront comme ayants \u00e9t\u00e9 faites par le membre \u00ab A \u00bb.<\/p>\n<p>\u2022 Il ne pourra participer \u00e0 aucun concours interne.<\/p>\n<p>\u2022 La carte de membre \u00ab B \u00bb comportera en plus la mention \u00ab Epouse-Enfant \u00bb.<\/p>\n<p>\u2022 De 12 \u00e0 18 ans, l\u2019enfant aura droit \u00e0 une carte de p\u00eache membre \u00ab B \u00bb avec obligatoirement une autorisation parentale (signature des parents).<\/p>\n<p>\u2022 Il pourra p\u00eacher seul dans tous les \u00e9tangs.<\/p>\n<p>\u2022 Il aura droit de participer aux concours internes.<\/p>\n<p>\u2022 Il sera tenu de respecter le r\u00e8glement au m\u00eame titre que les membres \u00ab A \u00bb.<\/p>\n<p>\u2022 Il encourra les m\u00eames sanctions.<\/p>\n<p>\u2022 Invitations et la p\u00eache de nuit interdites aux membres \u00ab B \u00bb sauf accompagn\u00e9s d\u2019un membre \u00ab A \u00bb.<\/p>\n<p>\u2022 Pour obtenir la carte de membre B, il faut obligatoirement que le membre A de la famille soit en possession de la carte.<\/p>\n<p><strong><em>V. Cartes d\u2019invitations : (r\u00e9serv\u00e9es pour les membres A-E-H-FM)<\/em><\/strong><\/p>\n<p>*Des cartes journali\u00e8res ou hebdomadaires d\u2019invitation seront d\u00e9livr\u00e9es.<\/p>\n<p>*L\u2019invit\u00e9 devra \u00eatre obligatoirement accompagn\u00e9 de l\u2019inviteur.<\/p>\n<p>*L\u2019invit\u00e9 peut p\u00eacher \u00e0 deux ou trois cannes dans tous les \u00e9tangs ouverts.<\/p>\n<p>*Il doit respecter le r\u00e8glement int\u00e9rieur au m\u00eame titre que le membre inviteur et l\u2019inviteur portera la responsabilit\u00e9 du respect du r\u00e8glement par l\u2019invit\u00e9.<\/p>\n<p>*La carte d\u2019invitation est nominative et personnelle.<\/p>\n<p>*En plus, le trou du noyer sera autoris\u00e9 aux invit\u00e9s d\u00e8s l\u2019ouverture.<\/p>\n<p>*L&rsquo;obtention de la carte FM ne se fera que si le membre A de la famille a sa carte.<\/p>\n<p><em><strong>VI. Int\u00e9rimaires \/ Membres ext\u00e9rieurs :<\/strong><\/em><\/p>\n<p>\u2022 Les int\u00e9rimaires devront faire signer leur carte de p\u00eache tous les mois au Comit\u00e9 d&rsquo;Entreprise ou par un membre du Comit\u00e9 de p\u00eache.<\/p>\n<p>\u2022 Les int\u00e9rimaires ne sont pas autoris\u00e9s \u00e0 inviter une tierce personne.<\/p>\n<p>\u2022 Les membres B de 12 \u00e0 18 ans devront toujours avoir une autorisation parentale \u00e0 jour avec eux.<\/p>\n<p><span style=\"color: #ff0000;\"><strong><em>VII. Interdictions :<\/em><\/strong><\/span><\/p>\n<p>\u2022 De p\u00eacher sur les hauts fonds, r\u00e9serves naturelles, berges int\u00e9rieurs de l&rsquo;usine.<\/p>\n<p>\u2022 Allumer des feux de broussailles.<\/p>\n<p>\u2022 La circulation et le stationnement des v\u00e9hicules sur les berges.<\/p>\n<p>\u2022 De d\u00e9poser des ordures sur l&rsquo;ensemble des \u00e9tangs.<\/p>\n<p>\u2022 Faire des constructions sans autorisations.<\/p>\n<p>\u2022 Laisser les chiens en libert\u00e9.<\/p>\n<p>\u2022 D&rsquo;utiliser la tresse, en corps ou en t\u00eate de ligne pour toutes les p\u00eaches.<\/p>\n<p>\u2022 De faire des feux au sol.<\/p>\n<p>\u2022 D&rsquo;utiliser des bourriches m\u00e9talliques.<\/p>\n<p>\u2022 D&rsquo;amorcer et de p\u00eacher aux graines crues.<\/p>\n<p>\u2022 La baignade, le canotage, le camping et caravaning ainsi que le ramassage des roseaux et des n\u00e9nuphars.<\/p>\n<p>\u2022 D&rsquo;utiliser un sac de conservation.<\/p>\n<p>\u2022 D&rsquo;utiliser des bateaux amorceurs.<\/p>\n<p>\u2022 P\u00eacher aux poissons rouges.<\/p>\n<p>\u2022 D&rsquo;utiliser des Rod pod et d\u00e9tecteurs au Noyer.<\/p>\n<p><strong>VIII. <span style=\"color: #000000;\"><em>Consignes :<\/em><\/span><\/strong><\/p>\n<p>\u2022 La p\u00eache est autoris\u00e9e du lever au coucher du soleil.<\/p>\n<p>\u2022 Tous les membres sont autoris\u00e9 \u00e0 p\u00eacher \u00e0 3 cannes.<\/p>\n<p>\u2022 L&#8217;emplacement de p\u00eache ne doit pas exc\u00e9der 5 m\u00e8tres. L&rsquo;amor\u00e7age est autoris\u00e9.<\/p>\n<p>\u2022 Tous les app\u00e2ts naturels et la cuill\u00e8re sont autoris\u00e9s.<\/p>\n<p>\u2022 P\u00eache de nuit \u00e0 la carpe, uniquement Gravi\u00e8re, Vernissage, Fonderie et Sandres.<\/p>\n<p>\u2022 Seuls les barbecues au charbon de bois sont autoris\u00e9s.<\/p>\n<p><span style=\"color: #ff0000;\"><strong>IX. Rappels :<\/strong><\/span><\/p>\n<p><span style=\"color: #ff0000;\">\u2022 Toutes les infractions \u00e0 nos statuts seront sanctionn\u00e9es (suppression du permis de p\u00eache).<\/span><\/p>\n<p><span style=\"color: #ff0000;\">\u2022 Tous les membres du Comit\u00e9 sont mandat\u00e9s pour faire respecter les r\u00e8glements et faire les contr\u00f4les ad\u00e9quats et peuvent \u00e9galement retirer et annuler la carte de p\u00eache.<\/span><\/p>\n<p><span style=\"color: #3366ff;\"><strong>En cas d&rsquo;alevinage ou autres : le Comit\u00e9 se r\u00e9serve le droit de fermer les plans d&rsquo;eau.<\/strong><\/span><\/p>\n","protected":false},"excerpt":{"rendered":"<p>II. R\u00e8glementation de la p\u00eache : Pour la p\u00eache aux \u00e9crevisses, le fagot et les balances sont autoris\u00e9s. L\u2019amor\u00e7age avec tout produit naturel est autoris\u00e9. La p\u00eache \u00e0 la cuiller ou aux \u00e9crevisses ne doit pas g\u00eaner les p\u00eacheurs au coup. Rod pod et d\u00e9tecteur interdits au Noyer. Les bateaux \u2026 <a class=\"continue-reading-link\" href=\"http:\/\/a.a.p.p.les2truites.fr\/?page_id=1724\"> Continue reading <span class=\"meta-nav\">&rarr; <\/span><\/a><\/p>\n","protected":false},"author":1,"featured_media":0,"parent":0,"menu_order":14,"comment_status":"closed","ping_status":"closed","template":"","meta":{"_monsterinsights_skip_tracking":false,"_monsterinsights_sitenote_active":false,"_monsterinsights_sitenote_note":"","_monsterinsights_sitenote_category":0,"footnotes":""},"class_list":["post-1724","page","type-page","status-publish","hentry"],"yoast_head":"<!-- This site is optimized with the Yoast SEO plugin v27.3 - https:\/\/yoast.com\/product\/yoast-seo-wordpress\/ -->\n<title>R\u00e8glement 2025 - AAPP les 2 truites<\/title>\n<meta name=\"robots\" content=\"index, follow, max-snippet:-1, max-image-preview:large, max-video-preview:-1\" \/>\n<link rel=\"canonical\" href=\"http:\/\/a.a.p.p.les2truites.fr\/?page_id=1724\" \/>\n<meta property=\"og:locale\" content=\"fr_FR\" \/>\n<meta property=\"og:type\" content=\"article\" \/>\n<meta property=\"og:title\" content=\"R\u00e8glement 2025 - AAPP les 2 truites\" \/>\n<meta property=\"og:description\" content=\"II. R\u00e8glementation de la p\u00eache : Pour la p\u00eache aux \u00e9crevisses, le fagot et les balances sont autoris\u00e9s. L\u2019amor\u00e7age avec tout produit naturel est autoris\u00e9. La p\u00eache \u00e0 la cuiller ou aux \u00e9crevisses ne doit pas g\u00eaner les p\u00eacheurs au coup. Rod pod et d\u00e9tecteur interdits au Noyer. Les bateaux \u2026 Continue reading &rarr;\" \/>\n<meta property=\"og:url\" content=\"http:\/\/a.a.p.p.les2truites.fr\/?page_id=1724\" \/>\n<meta property=\"og:site_name\" content=\"AAPP les 2 truites\" \/>\n<meta property=\"article:modified_time\" content=\"2025-02-26T20:48:55+00:00\" \/>\n<script type=\"application\/ld+json\" class=\"yoast-schema-graph\">{\"@context\":\"https:\\\/\\\/schema.org\",\"@graph\":[{\"@type\":\"WebPage\",\"@id\":\"http:\\\/\\\/a.a.p.p.les2truites.fr\\\/?page_id=1724\",\"url\":\"http:\\\/\\\/a.a.p.p.les2truites.fr\\\/?page_id=1724\",\"name\":\"R\u00e8glement 2025 - AAPP les 2 truites\",\"isPartOf\":{\"@id\":\"https:\\\/\\\/a.a.p.p.les2truites.fr\\\/#website\"},\"datePublished\":\"2025-02-26T20:48:54+00:00\",\"dateModified\":\"2025-02-26T20:48:55+00:00\",\"inLanguage\":\"fr-FR\",\"potentialAction\":[{\"@type\":\"ReadAction\",\"target\":[\"http:\\\/\\\/a.a.p.p.les2truites.fr\\\/?page_id=1724\"]}]},{\"@type\":\"WebSite\",\"@id\":\"https:\\\/\\\/a.a.p.p.les2truites.fr\\\/#website\",\"url\":\"https:\\\/\\\/a.a.p.p.les2truites.fr\\\/\",\"name\":\"AAPP les 2 truites\",\"description\":\"Tous droits r\u00e9serv\u00e9s \u00a9 2011-2025\",\"potentialAction\":[{\"@type\":\"SearchAction\",\"target\":{\"@type\":\"EntryPoint\",\"urlTemplate\":\"https:\\\/\\\/a.a.p.p.les2truites.fr\\\/?s={search_term_string}\"},\"query-input\":{\"@type\":\"PropertyValueSpecification\",\"valueRequired\":true,\"valueName\":\"search_term_string\"}}],\"inLanguage\":\"fr-FR\"}]}<\/script>\n<!-- \/ Yoast SEO plugin. -->","yoast_head_json":{"title":"R\u00e8glement 2025 - AAPP les 2 truites","robots":{"index":"index","follow":"follow","max-snippet":"max-snippet:-1","max-image-preview":"max-image-preview:large","max-video-preview":"max-video-preview:-1"},"canonical":"http:\/\/a.a.p.p.les2truites.fr\/?page_id=1724","og_locale":"fr_FR","og_type":"article","og_title":"R\u00e8glement 2025 - AAPP les 2 truites","og_description":"II. R\u00e8glementation de la p\u00eache : Pour la p\u00eache aux \u00e9crevisses, le fagot et les balances sont autoris\u00e9s. L\u2019amor\u00e7age avec tout produit naturel est autoris\u00e9. La p\u00eache \u00e0 la cuiller ou aux \u00e9crevisses ne doit pas g\u00eaner les p\u00eacheurs au coup. Rod pod et d\u00e9tecteur interdits au Noyer. Les bateaux \u2026 Continue reading &rarr;","og_url":"http:\/\/a.a.p.p.les2truites.fr\/?page_id=1724","og_site_name":"AAPP les 2 truites","article_modified_time":"2025-02-26T20:48:55+00:00","schema":{"@context":"https:\/\/schema.org","@graph":[{"@type":"WebPage","@id":"http:\/\/a.a.p.p.les2truites.fr\/?page_id=1724","url":"http:\/\/a.a.p.p.les2truites.fr\/?page_id=1724","name":"R\u00e8glement 2025 - AAPP les 2 truites","isPartOf":{"@id":"https:\/\/a.a.p.p.les2truites.fr\/#website"},"datePublished":"2025-02-26T20:48:54+00:00","dateModified":"2025-02-26T20:48:55+00:00","inLanguage":"fr-FR","potentialAction":[{"@type":"ReadAction","target":["http:\/\/a.a.p.p.les2truites.fr\/?page_id=1724"]}]},{"@type":"WebSite","@id":"https:\/\/a.a.p.p.les2truites.fr\/#website","url":"https:\/\/a.a.p.p.les2truites.fr\/","name":"AAPP les 2 truites","description":"Tous droits r\u00e9serv\u00e9s \u00a9 2011-2025","potentialAction":[{"@type":"SearchAction","target":{"@type":"EntryPoint","urlTemplate":"https:\/\/a.a.p.p.les2truites.fr\/?s={search_term_string}"},"query-input":{"@type":"PropertyValueSpecification","valueRequired":true,"valueName":"search_term_string"}}],"inLanguage":"fr-FR"}]}},"_links":{"self":[{"href":"http:\/\/a.a.p.p.les2truites.fr\/index.php?rest_route=\/wp\/v2\/pages\/1724","targetHints":{"allow":["GET"]}}],"collection":[{"href":"http:\/\/a.a.p.p.les2truites.fr\/index.php?rest_route=\/wp\/v2\/pages"}],"about":[{"href":"http:\/\/a.a.p.p.les2truites.fr\/index.php?rest_route=\/wp\/v2\/types\/page"}],"author":[{"embeddable":true,"href":"http:\/\/a.a.p.p.les2truites.fr\/index.php?rest_route=\/wp\/v2\/users\/1"}],"replies":[{"embeddable":true,"href":"http:\/\/a.a.p.p.les2truites.fr\/index.php?rest_route=%2Fwp%2Fv2%2Fcomments&post=1724"}],"version-history":[{"count":1,"href":"http:\/\/a.a.p.p.les2truites.fr\/index.php?rest_route=\/wp\/v2\/pages\/1724\/revisions"}],"predecessor-version":[{"id":1725,"href":"http:\/\/a.a.p.p.les2truites.fr\/index.php?rest_route=\/wp\/v2\/pages\/1724\/revisions\/1725"}],"wp:attachment":[{"href":"http:\/\/a.a.p.p.les2truites.fr\/index.php?rest_route=%2Fwp%2Fv2%2Fmedia&parent=1724"}],"curies":[{"name":"wp","href":"https:\/\/api.w.org\/{rel}","templated":true}]}}