{"id":436,"date":"2015-01-01T15:06:16","date_gmt":"2015-01-01T14:06:16","guid":{"rendered":"http:\/\/a.a.p.p.les2truites.fr\/?page_id=436"},"modified":"2023-02-25T11:57:06","modified_gmt":"2023-02-25T10:57:06","slug":"lundi-de-paques-21-avril","status":"publish","type":"page","link":"http:\/\/a.a.p.p.les2truites.fr\/?page_id=436","title":{"rendered":"Lundi de P\u00e2ques, 21 Avril 2014"},"content":{"rendered":"<p style=\"text-align: center;\"><a href=\"http:\/\/a.a.p.p.les2truites.fr\/wp-content\/uploads\/2014\/04\/DSC00357.jpg\"><img loading=\"lazy\" decoding=\"async\" class=\"size-full wp-image-261 aligncenter\" alt=\"Lundi de P\u00e2ques, 21 Avril\" src=\"http:\/\/a.a.p.p.les2truites.fr\/wp-content\/uploads\/2014\/04\/DSC00357.jpg\" width=\"774\" height=\"600\" srcset=\"http:\/\/a.a.p.p.les2truites.fr\/wp-content\/uploads\/2014\/04\/DSC00357.jpg 774w, http:\/\/a.a.p.p.les2truites.fr\/wp-content\/uploads\/2014\/04\/DSC00357-300x232.jpg 300w, http:\/\/a.a.p.p.les2truites.fr\/wp-content\/uploads\/2014\/04\/DSC00357-193x150.jpg 193w, http:\/\/a.a.p.p.les2truites.fr\/wp-content\/uploads\/2014\/04\/DSC00357-150x116.jpg 150w\" sizes=\"auto, (max-width: 774px) 100vw, 774px\" \/><\/a>Classement du concours<\/p>\n<table border=\"0\" align=\"center\">\n<tbody>\n<tr>\n<td>1<\/td>\n<td>HEYNE<\/td>\n<td>PIERRE<\/td>\n<td>8640<\/td>\n<\/tr>\n<tr>\n<td>2<\/td>\n<td>BOITEUX<\/td>\n<td>YVES<\/td>\n<td>8090<\/td>\n<\/tr>\n<tr>\n<td>3<\/td>\n<td><\/td>\n<td>JULIEN<\/td>\n<td>7570<\/td>\n<\/tr>\n<tr>\n<td>4<\/td>\n<td>SCHWOOB<\/td>\n<td>FLORIAN<\/td>\n<td>6510<\/td>\n<\/tr>\n<tr>\n<td>5<\/td>\n<td>BOHN<\/td>\n<td>ALAIN<\/td>\n<td>6130<\/td>\n<\/tr>\n<tr>\n<td>6<\/td>\n<td>EGENSPERGER<\/td>\n<td>THIERRY<\/td>\n<td>5650<\/td>\n<\/tr>\n<tr>\n<td>7<\/td>\n<td>JASPART<\/td>\n<td>PIERRE-ANTOINE<\/td>\n<td>5650<\/td>\n<\/tr>\n<tr>\n<td>8<\/td>\n<td>HOFER<\/td>\n<td>LUC<\/td>\n<td>4740<\/td>\n<\/tr>\n<tr>\n<td>9<\/td>\n<td>SCWHOOB<\/td>\n<td>ALAIN<\/td>\n<td>4470<\/td>\n<\/tr>\n<tr>\n<td>10<\/td>\n<td>HUENTZ<\/td>\n<td>OLIVIER<\/td>\n<td>3710<\/td>\n<\/tr>\n<tr>\n<td>11<\/td>\n<td>COHU<\/td>\n<td>JOHANN<\/td>\n<td>3450<\/td>\n<\/tr>\n<tr>\n<td>12<\/td>\n<td>BERTSCH<\/td>\n<td>ANDRE<\/td>\n<td>1860<\/td>\n<\/tr>\n<\/tbody>\n<\/table>\n<p style=\"text-align: center;\">(Pr\u00e9sents sur la photo les num\u00e9ros 1 \u00e0 10)<\/p>\n","protected":false},"excerpt":{"rendered":"<p>Classement du concours 1 HEYNE PIERRE 8640 2 BOITEUX YVES 8090 3 JULIEN 7570 4 SCHWOOB FLORIAN 6510 5 BOHN ALAIN 6130 6 EGENSPERGER THIERRY 5650 7 JASPART PIERRE-ANTOINE 5650 8 HOFER LUC 4740 9 SCWHOOB ALAIN 4470 10 HUENTZ OLIVIER 3710 11 COHU JOHANN 3450 12 BERTSCH ANDRE 1860 \u2026 <a class=\"continue-reading-link\" href=\"http:\/\/a.a.p.p.les2truites.fr\/?page_id=436\"> Continue reading <span class=\"meta-nav\">&rarr; <\/span><\/a><\/p>\n","protected":false},"author":1,"featured_media":0,"parent":434,"menu_order":2,"comment_status":"closed","ping_status":"closed","template":"","meta":{"_monsterinsights_skip_tracking":false,"_monsterinsights_sitenote_active":false,"_monsterinsights_sitenote_note":"","_monsterinsights_sitenote_category":0,"footnotes":""},"class_list":["post-436","page","type-page","status-publish","hentry"],"yoast_head":"<!-- This site is optimized with the Yoast SEO plugin v27.3 - https:\/\/yoast.com\/product\/yoast-seo-wordpress\/ -->\n<title>Lundi de P\u00e2ques, 21 Avril 2014 - AAPP les 2 truites<\/title>\n<meta name=\"robots\" content=\"index, follow, max-snippet:-1, max-image-preview:large, max-video-preview:-1\" \/>\n<link rel=\"canonical\" href=\"http:\/\/a.a.p.p.les2truites.fr\/?page_id=436\" \/>\n<meta property=\"og:locale\" content=\"fr_FR\" \/>\n<meta property=\"og:type\" content=\"article\" \/>\n<meta property=\"og:title\" content=\"Lundi de P\u00e2ques, 21 Avril 2014 - AAPP les 2 truites\" \/>\n<meta property=\"og:description\" content=\"Classement du concours 1 HEYNE PIERRE 8640 2 BOITEUX YVES 8090 3 JULIEN 7570 4 SCHWOOB FLORIAN 6510 5 BOHN ALAIN 6130 6 EGENSPERGER THIERRY 5650 7 JASPART PIERRE-ANTOINE 5650 8 HOFER LUC 4740 9 SCWHOOB ALAIN 4470 10 HUENTZ OLIVIER 3710 11 COHU JOHANN 3450 12 BERTSCH ANDRE 1860 \u2026 Continue reading &rarr;\" \/>\n<meta property=\"og:url\" content=\"http:\/\/a.a.p.p.les2truites.fr\/?page_id=436\" \/>\n<meta property=\"og:site_name\" content=\"AAPP les 2 truites\" \/>\n<meta property=\"article:modified_time\" content=\"2023-02-25T10:57:06+00:00\" \/>\n<meta property=\"og:image\" content=\"http:\/\/a.a.p.p.les2truites.fr\/wp-content\/uploads\/2014\/04\/DSC00357.jpg\" \/>\n<script type=\"application\/ld+json\" class=\"yoast-schema-graph\">{\"@context\":\"https:\\\/\\\/schema.org\",\"@graph\":[{\"@type\":\"WebPage\",\"@id\":\"http:\\\/\\\/a.a.p.p.les2truites.fr\\\/?page_id=436\",\"url\":\"http:\\\/\\\/a.a.p.p.les2truites.fr\\\/?page_id=436\",\"name\":\"Lundi de P\u00e2ques, 21 Avril 2014 - AAPP les 2 truites\",\"isPartOf\":{\"@id\":\"https:\\\/\\\/a.a.p.p.les2truites.fr\\\/#website\"},\"primaryImageOfPage\":{\"@id\":\"http:\\\/\\\/a.a.p.p.les2truites.fr\\\/?page_id=436#primaryimage\"},\"image\":{\"@id\":\"http:\\\/\\\/a.a.p.p.les2truites.fr\\\/?page_id=436#primaryimage\"},\"thumbnailUrl\":\"http:\\\/\\\/a.a.p.p.les2truites.fr\\\/wp-content\\\/uploads\\\/2014\\\/04\\\/DSC00357.jpg\",\"datePublished\":\"2015-01-01T14:06:16+00:00\",\"dateModified\":\"2023-02-25T10:57:06+00:00\",\"breadcrumb\":{\"@id\":\"http:\\\/\\\/a.a.p.p.les2truites.fr\\\/?page_id=436#breadcrumb\"},\"inLanguage\":\"fr-FR\",\"potentialAction\":[{\"@type\":\"ReadAction\",\"target\":[\"http:\\\/\\\/a.a.p.p.les2truites.fr\\\/?page_id=436\"]}]},{\"@type\":\"ImageObject\",\"inLanguage\":\"fr-FR\",\"@id\":\"http:\\\/\\\/a.a.p.p.les2truites.fr\\\/?page_id=436#primaryimage\",\"url\":\"http:\\\/\\\/a.a.p.p.les2truites.fr\\\/wp-content\\\/uploads\\\/2014\\\/04\\\/DSC00357.jpg\",\"contentUrl\":\"http:\\\/\\\/a.a.p.p.les2truites.fr\\\/wp-content\\\/uploads\\\/2014\\\/04\\\/DSC00357.jpg\",\"width\":774,\"height\":600},{\"@type\":\"BreadcrumbList\",\"@id\":\"http:\\\/\\\/a.a.p.p.les2truites.fr\\\/?page_id=436#breadcrumb\",\"itemListElement\":[{\"@type\":\"ListItem\",\"position\":1,\"name\":\"Archives\",\"item\":\"http:\\\/\\\/a.a.p.p.les2truites.fr\\\/?page_id=356\"},{\"@type\":\"ListItem\",\"position\":2,\"name\":\"2014\",\"item\":\"http:\\\/\\\/a.a.p.p.les2truites.fr\\\/?page_id=358\"},{\"@type\":\"ListItem\",\"position\":3,\"name\":\"Infos concours 2014\",\"item\":\"http:\\\/\\\/a.a.p.p.les2truites.fr\\\/?page_id=431\"},{\"@type\":\"ListItem\",\"position\":4,\"name\":\"R\u00e9sultats des concours 2014\",\"item\":\"http:\\\/\\\/a.a.p.p.les2truites.fr\\\/?page_id=434\"},{\"@type\":\"ListItem\",\"position\":5,\"name\":\"Lundi de P\u00e2ques, 21 Avril 2014\"}]},{\"@type\":\"WebSite\",\"@id\":\"https:\\\/\\\/a.a.p.p.les2truites.fr\\\/#website\",\"url\":\"https:\\\/\\\/a.a.p.p.les2truites.fr\\\/\",\"name\":\"AAPP les 2 truites\",\"description\":\"Tous droits r\u00e9serv\u00e9s \u00a9 2011-2025\",\"potentialAction\":[{\"@type\":\"SearchAction\",\"target\":{\"@type\":\"EntryPoint\",\"urlTemplate\":\"https:\\\/\\\/a.a.p.p.les2truites.fr\\\/?s={search_term_string}\"},\"query-input\":{\"@type\":\"PropertyValueSpecification\",\"valueRequired\":true,\"valueName\":\"search_term_string\"}}],\"inLanguage\":\"fr-FR\"}]}<\/script>\n<!-- \/ Yoast SEO plugin. -->","yoast_head_json":{"title":"Lundi de P\u00e2ques, 21 Avril 2014 - AAPP les 2 truites","robots":{"index":"index","follow":"follow","max-snippet":"max-snippet:-1","max-image-preview":"max-image-preview:large","max-video-preview":"max-video-preview:-1"},"canonical":"http:\/\/a.a.p.p.les2truites.fr\/?page_id=436","og_locale":"fr_FR","og_type":"article","og_title":"Lundi de P\u00e2ques, 21 Avril 2014 - AAPP les 2 truites","og_description":"Classement du concours 1 HEYNE PIERRE 8640 2 BOITEUX YVES 8090 3 JULIEN 7570 4 SCHWOOB FLORIAN 6510 5 BOHN ALAIN 6130 6 EGENSPERGER THIERRY 5650 7 JASPART PIERRE-ANTOINE 5650 8 HOFER LUC 4740 9 SCWHOOB ALAIN 4470 10 HUENTZ OLIVIER 3710 11 COHU JOHANN 3450 12 BERTSCH ANDRE 1860 \u2026 Continue reading &rarr;","og_url":"http:\/\/a.a.p.p.les2truites.fr\/?page_id=436","og_site_name":"AAPP les 2 truites","article_modified_time":"2023-02-25T10:57:06+00:00","og_image":[{"url":"http:\/\/a.a.p.p.les2truites.fr\/wp-content\/uploads\/2014\/04\/DSC00357.jpg","type":"","width":"","height":""}],"schema":{"@context":"https:\/\/schema.org","@graph":[{"@type":"WebPage","@id":"http:\/\/a.a.p.p.les2truites.fr\/?page_id=436","url":"http:\/\/a.a.p.p.les2truites.fr\/?page_id=436","name":"Lundi de P\u00e2ques, 21 Avril 2014 - AAPP les 2 truites","isPartOf":{"@id":"https:\/\/a.a.p.p.les2truites.fr\/#website"},"primaryImageOfPage":{"@id":"http:\/\/a.a.p.p.les2truites.fr\/?page_id=436#primaryimage"},"image":{"@id":"http:\/\/a.a.p.p.les2truites.fr\/?page_id=436#primaryimage"},"thumbnailUrl":"http:\/\/a.a.p.p.les2truites.fr\/wp-content\/uploads\/2014\/04\/DSC00357.jpg","datePublished":"2015-01-01T14:06:16+00:00","dateModified":"2023-02-25T10:57:06+00:00","breadcrumb":{"@id":"http:\/\/a.a.p.p.les2truites.fr\/?page_id=436#breadcrumb"},"inLanguage":"fr-FR","potentialAction":[{"@type":"ReadAction","target":["http:\/\/a.a.p.p.les2truites.fr\/?page_id=436"]}]},{"@type":"ImageObject","inLanguage":"fr-FR","@id":"http:\/\/a.a.p.p.les2truites.fr\/?page_id=436#primaryimage","url":"http:\/\/a.a.p.p.les2truites.fr\/wp-content\/uploads\/2014\/04\/DSC00357.jpg","contentUrl":"http:\/\/a.a.p.p.les2truites.fr\/wp-content\/uploads\/2014\/04\/DSC00357.jpg","width":774,"height":600},{"@type":"BreadcrumbList","@id":"http:\/\/a.a.p.p.les2truites.fr\/?page_id=436#breadcrumb","itemListElement":[{"@type":"ListItem","position":1,"name":"Archives","item":"http:\/\/a.a.p.p.les2truites.fr\/?page_id=356"},{"@type":"ListItem","position":2,"name":"2014","item":"http:\/\/a.a.p.p.les2truites.fr\/?page_id=358"},{"@type":"ListItem","position":3,"name":"Infos concours 2014","item":"http:\/\/a.a.p.p.les2truites.fr\/?page_id=431"},{"@type":"ListItem","position":4,"name":"R\u00e9sultats des concours 2014","item":"http:\/\/a.a.p.p.les2truites.fr\/?page_id=434"},{"@type":"ListItem","position":5,"name":"Lundi de P\u00e2ques, 21 Avril 2014"}]},{"@type":"WebSite","@id":"https:\/\/a.a.p.p.les2truites.fr\/#website","url":"https:\/\/a.a.p.p.les2truites.fr\/","name":"AAPP les 2 truites","description":"Tous droits r\u00e9serv\u00e9s \u00a9 2011-2025","potentialAction":[{"@type":"SearchAction","target":{"@type":"EntryPoint","urlTemplate":"https:\/\/a.a.p.p.les2truites.fr\/?s={search_term_string}"},"query-input":{"@type":"PropertyValueSpecification","valueRequired":true,"valueName":"search_term_string"}}],"inLanguage":"fr-FR"}]}},"_links":{"self":[{"href":"http:\/\/a.a.p.p.les2truites.fr\/index.php?rest_route=\/wp\/v2\/pages\/436","targetHints":{"allow":["GET"]}}],"collection":[{"href":"http:\/\/a.a.p.p.les2truites.fr\/index.php?rest_route=\/wp\/v2\/pages"}],"about":[{"href":"http:\/\/a.a.p.p.les2truites.fr\/index.php?rest_route=\/wp\/v2\/types\/page"}],"author":[{"embeddable":true,"href":"http:\/\/a.a.p.p.les2truites.fr\/index.php?rest_route=\/wp\/v2\/users\/1"}],"replies":[{"embeddable":true,"href":"http:\/\/a.a.p.p.les2truites.fr\/index.php?rest_route=%2Fwp%2Fv2%2Fcomments&post=436"}],"version-history":[{"count":1,"href":"http:\/\/a.a.p.p.les2truites.fr\/index.php?rest_route=\/wp\/v2\/pages\/436\/revisions"}],"predecessor-version":[{"id":1346,"href":"http:\/\/a.a.p.p.les2truites.fr\/index.php?rest_route=\/wp\/v2\/pages\/436\/revisions\/1346"}],"up":[{"embeddable":true,"href":"http:\/\/a.a.p.p.les2truites.fr\/index.php?rest_route=\/wp\/v2\/pages\/434"}],"wp:attachment":[{"href":"http:\/\/a.a.p.p.les2truites.fr\/index.php?rest_route=%2Fwp%2Fv2%2Fmedia&parent=436"}],"curies":[{"name":"wp","href":"https:\/\/api.w.org\/{rel}","templated":true}]}}