{"id":438,"date":"2015-01-01T15:06:27","date_gmt":"2015-01-01T14:06:27","guid":{"rendered":"http:\/\/a.a.p.p.les2truites.fr\/?page_id=438"},"modified":"2023-02-25T11:56:58","modified_gmt":"2023-02-25T10:56:58","slug":"dimanche-18-mai-2","status":"publish","type":"page","link":"http:\/\/a.a.p.p.les2truites.fr\/?page_id=438","title":{"rendered":"Dimanche 18 mai 2014"},"content":{"rendered":"<p style=\"text-align: center;\"><a href=\"http:\/\/a.a.p.p.les2truites.fr\/wp-content\/uploads\/2014\/05\/DSC00965.jpg\"><img loading=\"lazy\" decoding=\"async\" class=\"aligncenter size-full wp-image-298\" alt=\"DSC00965\" src=\"http:\/\/a.a.p.p.les2truites.fr\/wp-content\/uploads\/2014\/05\/DSC00965.jpg\" width=\"800\" height=\"600\" srcset=\"http:\/\/a.a.p.p.les2truites.fr\/wp-content\/uploads\/2014\/05\/DSC00965.jpg 800w, http:\/\/a.a.p.p.les2truites.fr\/wp-content\/uploads\/2014\/05\/DSC00965-300x225.jpg 300w, http:\/\/a.a.p.p.les2truites.fr\/wp-content\/uploads\/2014\/05\/DSC00965-200x150.jpg 200w, http:\/\/a.a.p.p.les2truites.fr\/wp-content\/uploads\/2014\/05\/DSC00965-150x112.jpg 150w\" sizes=\"auto, (max-width: 800px) 100vw, 800px\" \/><\/a><\/p>\n<p style=\"text-align: center;\">Classement du concours<\/p>\n<table border=\"0\" align=\"center\">\n<tbody>\n<tr>\n<td>1<\/td>\n<td>HOFER<\/td>\n<td>LUC<\/td>\n<td>9950<\/td>\n<\/tr>\n<tr>\n<td>2<\/td>\n<td>BERTSCH<\/td>\n<td>ANDRE<\/td>\n<td>7560<\/td>\n<\/tr>\n<tr>\n<td>3<\/td>\n<td>BOHN<\/td>\n<td>ALAIN<\/td>\n<td>6600<\/td>\n<\/tr>\n<tr>\n<td>4<\/td>\n<td>PONSOT<\/td>\n<td>PASCAL<\/td>\n<td>6320<\/td>\n<\/tr>\n<tr>\n<td>5<\/td>\n<td>BOITEUX<\/td>\n<td>YVES<\/td>\n<td>5830<\/td>\n<\/tr>\n<tr>\n<td>6<\/td>\n<td>BEYER<\/td>\n<td>CHRISTIAN<\/td>\n<td>5300<\/td>\n<\/tr>\n<tr>\n<td>7<\/td>\n<td>NAUD<\/td>\n<td>OLIVIER<\/td>\n<td>4850<\/td>\n<\/tr>\n<tr>\n<td>8<\/td>\n<td>HUENTZ<\/td>\n<td>OLIVIER<\/td>\n<td>4690<\/td>\n<\/tr>\n<tr>\n<td>9<\/td>\n<td>JOSE<\/td>\n<td>BARAHOMA<\/td>\n<td>4500<\/td>\n<\/tr>\n<tr>\n<td>10<\/td>\n<td>MARTINEZ<\/td>\n<td>ARMORIE<\/td>\n<td>4020<\/td>\n<\/tr>\n<tr>\n<td>11<\/td>\n<td>MARTINEZ<\/td>\n<td>CHRISTOPHE<\/td>\n<td>2650<\/td>\n<\/tr>\n<tr>\n<td>12<\/td>\n<td>JASPART<\/td>\n<td>PIERRE-ANTOINE<\/td>\n<td>2550<\/td>\n<\/tr>\n<tr>\n<td>13<\/td>\n<td>DOMINGUEZ<\/td>\n<td>ENRIQUE<\/td>\n<td>2320<\/td>\n<\/tr>\n<tr>\n<td>14<\/td>\n<td>SCHATT<\/td>\n<td>DENIS<\/td>\n<td>100<\/td>\n<\/tr>\n<tr>\n<td>15<\/td>\n<td>MARGOTTE<\/td>\n<td>ROBERT<\/td>\n<td>100<\/td>\n<\/tr>\n<tr>\n<td>16<\/td>\n<td>SCHOEN<\/td>\n<td>ANDRE<\/td>\n<td>100<\/td>\n<\/tr>\n<tr>\n<td>17<\/td>\n<td>JEHL<\/td>\n<td>JEAN-CLAUDE<\/td>\n<td>100<\/td>\n<\/tr>\n<tr>\n<td>18<\/td>\n<td>FREYDERICH<\/td>\n<td>MATTHIEU<\/td>\n<td>100<\/td>\n<\/tr>\n<\/tbody>\n<\/table>\n<p style=\"text-align: center;\">(Pr\u00e9sents sur la photo les num\u00e9ros 1 \u00e0 5)<\/p>\n","protected":false},"excerpt":{"rendered":"<p>Classement du concours 1 HOFER LUC 9950 2 BERTSCH ANDRE 7560 3 BOHN ALAIN 6600 4 PONSOT PASCAL 6320 5 BOITEUX YVES 5830 6 BEYER CHRISTIAN 5300 7 NAUD OLIVIER 4850 8 HUENTZ OLIVIER 4690 9 JOSE BARAHOMA 4500 10 MARTINEZ ARMORIE 4020 11 MARTINEZ CHRISTOPHE 2650 12 JASPART PIERRE-ANTOINE \u2026 <a class=\"continue-reading-link\" href=\"http:\/\/a.a.p.p.les2truites.fr\/?page_id=438\"> Continue reading <span class=\"meta-nav\">&rarr; <\/span><\/a><\/p>\n","protected":false},"author":1,"featured_media":0,"parent":434,"menu_order":4,"comment_status":"closed","ping_status":"closed","template":"","meta":{"_monsterinsights_skip_tracking":false,"_monsterinsights_sitenote_active":false,"_monsterinsights_sitenote_note":"","_monsterinsights_sitenote_category":0,"footnotes":""},"class_list":["post-438","page","type-page","status-publish","hentry"],"yoast_head":"<!-- This site is optimized with the Yoast SEO plugin v27.3 - https:\/\/yoast.com\/product\/yoast-seo-wordpress\/ -->\n<title>Dimanche 18 mai 2014 - AAPP les 2 truites<\/title>\n<meta name=\"robots\" content=\"index, follow, max-snippet:-1, max-image-preview:large, max-video-preview:-1\" \/>\n<link rel=\"canonical\" href=\"http:\/\/a.a.p.p.les2truites.fr\/?page_id=438\" \/>\n<meta property=\"og:locale\" content=\"fr_FR\" \/>\n<meta property=\"og:type\" content=\"article\" \/>\n<meta property=\"og:title\" content=\"Dimanche 18 mai 2014 - AAPP les 2 truites\" \/>\n<meta property=\"og:description\" content=\"Classement du concours 1 HOFER LUC 9950 2 BERTSCH ANDRE 7560 3 BOHN ALAIN 6600 4 PONSOT PASCAL 6320 5 BOITEUX YVES 5830 6 BEYER CHRISTIAN 5300 7 NAUD OLIVIER 4850 8 HUENTZ OLIVIER 4690 9 JOSE BARAHOMA 4500 10 MARTINEZ ARMORIE 4020 11 MARTINEZ CHRISTOPHE 2650 12 JASPART PIERRE-ANTOINE \u2026 Continue reading &rarr;\" \/>\n<meta property=\"og:url\" content=\"http:\/\/a.a.p.p.les2truites.fr\/?page_id=438\" \/>\n<meta property=\"og:site_name\" content=\"AAPP les 2 truites\" \/>\n<meta property=\"article:modified_time\" content=\"2023-02-25T10:56:58+00:00\" \/>\n<meta property=\"og:image\" content=\"http:\/\/a.a.p.p.les2truites.fr\/wp-content\/uploads\/2014\/05\/DSC00965.jpg\" \/>\n<script type=\"application\/ld+json\" class=\"yoast-schema-graph\">{\"@context\":\"https:\\\/\\\/schema.org\",\"@graph\":[{\"@type\":\"WebPage\",\"@id\":\"http:\\\/\\\/a.a.p.p.les2truites.fr\\\/?page_id=438\",\"url\":\"http:\\\/\\\/a.a.p.p.les2truites.fr\\\/?page_id=438\",\"name\":\"Dimanche 18 mai 2014 - AAPP les 2 truites\",\"isPartOf\":{\"@id\":\"https:\\\/\\\/a.a.p.p.les2truites.fr\\\/#website\"},\"primaryImageOfPage\":{\"@id\":\"http:\\\/\\\/a.a.p.p.les2truites.fr\\\/?page_id=438#primaryimage\"},\"image\":{\"@id\":\"http:\\\/\\\/a.a.p.p.les2truites.fr\\\/?page_id=438#primaryimage\"},\"thumbnailUrl\":\"http:\\\/\\\/a.a.p.p.les2truites.fr\\\/wp-content\\\/uploads\\\/2014\\\/05\\\/DSC00965.jpg\",\"datePublished\":\"2015-01-01T14:06:27+00:00\",\"dateModified\":\"2023-02-25T10:56:58+00:00\",\"breadcrumb\":{\"@id\":\"http:\\\/\\\/a.a.p.p.les2truites.fr\\\/?page_id=438#breadcrumb\"},\"inLanguage\":\"fr-FR\",\"potentialAction\":[{\"@type\":\"ReadAction\",\"target\":[\"http:\\\/\\\/a.a.p.p.les2truites.fr\\\/?page_id=438\"]}]},{\"@type\":\"ImageObject\",\"inLanguage\":\"fr-FR\",\"@id\":\"http:\\\/\\\/a.a.p.p.les2truites.fr\\\/?page_id=438#primaryimage\",\"url\":\"http:\\\/\\\/a.a.p.p.les2truites.fr\\\/wp-content\\\/uploads\\\/2014\\\/05\\\/DSC00965.jpg\",\"contentUrl\":\"http:\\\/\\\/a.a.p.p.les2truites.fr\\\/wp-content\\\/uploads\\\/2014\\\/05\\\/DSC00965.jpg\",\"width\":800,\"height\":600},{\"@type\":\"BreadcrumbList\",\"@id\":\"http:\\\/\\\/a.a.p.p.les2truites.fr\\\/?page_id=438#breadcrumb\",\"itemListElement\":[{\"@type\":\"ListItem\",\"position\":1,\"name\":\"Archives\",\"item\":\"http:\\\/\\\/a.a.p.p.les2truites.fr\\\/?page_id=356\"},{\"@type\":\"ListItem\",\"position\":2,\"name\":\"2014\",\"item\":\"http:\\\/\\\/a.a.p.p.les2truites.fr\\\/?page_id=358\"},{\"@type\":\"ListItem\",\"position\":3,\"name\":\"Infos concours 2014\",\"item\":\"http:\\\/\\\/a.a.p.p.les2truites.fr\\\/?page_id=431\"},{\"@type\":\"ListItem\",\"position\":4,\"name\":\"R\u00e9sultats des concours 2014\",\"item\":\"http:\\\/\\\/a.a.p.p.les2truites.fr\\\/?page_id=434\"},{\"@type\":\"ListItem\",\"position\":5,\"name\":\"Dimanche 18 mai 2014\"}]},{\"@type\":\"WebSite\",\"@id\":\"https:\\\/\\\/a.a.p.p.les2truites.fr\\\/#website\",\"url\":\"https:\\\/\\\/a.a.p.p.les2truites.fr\\\/\",\"name\":\"AAPP les 2 truites\",\"description\":\"Tous droits r\u00e9serv\u00e9s \u00a9 2011-2025\",\"potentialAction\":[{\"@type\":\"SearchAction\",\"target\":{\"@type\":\"EntryPoint\",\"urlTemplate\":\"https:\\\/\\\/a.a.p.p.les2truites.fr\\\/?s={search_term_string}\"},\"query-input\":{\"@type\":\"PropertyValueSpecification\",\"valueRequired\":true,\"valueName\":\"search_term_string\"}}],\"inLanguage\":\"fr-FR\"}]}<\/script>\n<!-- \/ Yoast SEO plugin. -->","yoast_head_json":{"title":"Dimanche 18 mai 2014 - AAPP les 2 truites","robots":{"index":"index","follow":"follow","max-snippet":"max-snippet:-1","max-image-preview":"max-image-preview:large","max-video-preview":"max-video-preview:-1"},"canonical":"http:\/\/a.a.p.p.les2truites.fr\/?page_id=438","og_locale":"fr_FR","og_type":"article","og_title":"Dimanche 18 mai 2014 - AAPP les 2 truites","og_description":"Classement du concours 1 HOFER LUC 9950 2 BERTSCH ANDRE 7560 3 BOHN ALAIN 6600 4 PONSOT PASCAL 6320 5 BOITEUX YVES 5830 6 BEYER CHRISTIAN 5300 7 NAUD OLIVIER 4850 8 HUENTZ OLIVIER 4690 9 JOSE BARAHOMA 4500 10 MARTINEZ ARMORIE 4020 11 MARTINEZ CHRISTOPHE 2650 12 JASPART PIERRE-ANTOINE \u2026 Continue reading &rarr;","og_url":"http:\/\/a.a.p.p.les2truites.fr\/?page_id=438","og_site_name":"AAPP les 2 truites","article_modified_time":"2023-02-25T10:56:58+00:00","og_image":[{"url":"http:\/\/a.a.p.p.les2truites.fr\/wp-content\/uploads\/2014\/05\/DSC00965.jpg","type":"","width":"","height":""}],"schema":{"@context":"https:\/\/schema.org","@graph":[{"@type":"WebPage","@id":"http:\/\/a.a.p.p.les2truites.fr\/?page_id=438","url":"http:\/\/a.a.p.p.les2truites.fr\/?page_id=438","name":"Dimanche 18 mai 2014 - AAPP les 2 truites","isPartOf":{"@id":"https:\/\/a.a.p.p.les2truites.fr\/#website"},"primaryImageOfPage":{"@id":"http:\/\/a.a.p.p.les2truites.fr\/?page_id=438#primaryimage"},"image":{"@id":"http:\/\/a.a.p.p.les2truites.fr\/?page_id=438#primaryimage"},"thumbnailUrl":"http:\/\/a.a.p.p.les2truites.fr\/wp-content\/uploads\/2014\/05\/DSC00965.jpg","datePublished":"2015-01-01T14:06:27+00:00","dateModified":"2023-02-25T10:56:58+00:00","breadcrumb":{"@id":"http:\/\/a.a.p.p.les2truites.fr\/?page_id=438#breadcrumb"},"inLanguage":"fr-FR","potentialAction":[{"@type":"ReadAction","target":["http:\/\/a.a.p.p.les2truites.fr\/?page_id=438"]}]},{"@type":"ImageObject","inLanguage":"fr-FR","@id":"http:\/\/a.a.p.p.les2truites.fr\/?page_id=438#primaryimage","url":"http:\/\/a.a.p.p.les2truites.fr\/wp-content\/uploads\/2014\/05\/DSC00965.jpg","contentUrl":"http:\/\/a.a.p.p.les2truites.fr\/wp-content\/uploads\/2014\/05\/DSC00965.jpg","width":800,"height":600},{"@type":"BreadcrumbList","@id":"http:\/\/a.a.p.p.les2truites.fr\/?page_id=438#breadcrumb","itemListElement":[{"@type":"ListItem","position":1,"name":"Archives","item":"http:\/\/a.a.p.p.les2truites.fr\/?page_id=356"},{"@type":"ListItem","position":2,"name":"2014","item":"http:\/\/a.a.p.p.les2truites.fr\/?page_id=358"},{"@type":"ListItem","position":3,"name":"Infos concours 2014","item":"http:\/\/a.a.p.p.les2truites.fr\/?page_id=431"},{"@type":"ListItem","position":4,"name":"R\u00e9sultats des concours 2014","item":"http:\/\/a.a.p.p.les2truites.fr\/?page_id=434"},{"@type":"ListItem","position":5,"name":"Dimanche 18 mai 2014"}]},{"@type":"WebSite","@id":"https:\/\/a.a.p.p.les2truites.fr\/#website","url":"https:\/\/a.a.p.p.les2truites.fr\/","name":"AAPP les 2 truites","description":"Tous droits r\u00e9serv\u00e9s \u00a9 2011-2025","potentialAction":[{"@type":"SearchAction","target":{"@type":"EntryPoint","urlTemplate":"https:\/\/a.a.p.p.les2truites.fr\/?s={search_term_string}"},"query-input":{"@type":"PropertyValueSpecification","valueRequired":true,"valueName":"search_term_string"}}],"inLanguage":"fr-FR"}]}},"_links":{"self":[{"href":"http:\/\/a.a.p.p.les2truites.fr\/index.php?rest_route=\/wp\/v2\/pages\/438","targetHints":{"allow":["GET"]}}],"collection":[{"href":"http:\/\/a.a.p.p.les2truites.fr\/index.php?rest_route=\/wp\/v2\/pages"}],"about":[{"href":"http:\/\/a.a.p.p.les2truites.fr\/index.php?rest_route=\/wp\/v2\/types\/page"}],"author":[{"embeddable":true,"href":"http:\/\/a.a.p.p.les2truites.fr\/index.php?rest_route=\/wp\/v2\/users\/1"}],"replies":[{"embeddable":true,"href":"http:\/\/a.a.p.p.les2truites.fr\/index.php?rest_route=%2Fwp%2Fv2%2Fcomments&post=438"}],"version-history":[{"count":1,"href":"http:\/\/a.a.p.p.les2truites.fr\/index.php?rest_route=\/wp\/v2\/pages\/438\/revisions"}],"predecessor-version":[{"id":1344,"href":"http:\/\/a.a.p.p.les2truites.fr\/index.php?rest_route=\/wp\/v2\/pages\/438\/revisions\/1344"}],"up":[{"embeddable":true,"href":"http:\/\/a.a.p.p.les2truites.fr\/index.php?rest_route=\/wp\/v2\/pages\/434"}],"wp:attachment":[{"href":"http:\/\/a.a.p.p.les2truites.fr\/index.php?rest_route=%2Fwp%2Fv2%2Fmedia&parent=438"}],"curies":[{"name":"wp","href":"https:\/\/api.w.org\/{rel}","templated":true}]}}