{"id":551,"date":"2015-01-25T11:28:18","date_gmt":"2015-01-25T10:28:18","guid":{"rendered":"http:\/\/a.a.p.p.les2truites.fr\/?page_id=551"},"modified":"2024-02-05T11:35:42","modified_gmt":"2024-02-05T10:35:42","slug":"dates-des-travaux-du-comite","status":"publish","type":"page","link":"http:\/\/a.a.p.p.les2truites.fr\/?page_id=551","title":{"rendered":"Dates des travaux du comit\u00e9 2014"},"content":{"rendered":"<p>Afin de faciliter la demande des cartes d&rsquo;invitations, vous trouverez ci-dessous les diff\u00e9rentes dates des travaux du comit\u00e9 ainsi que l&rsquo;\u00e9tang o\u00f9 ceux-ci se d\u00e9roulent.<\/p>\n<ul>\n<li><del>Lundi 20 janvier 2014 \u00e0 13h30 \u00e0 l&rsquo;\u00e9tang du noyer<\/del><\/li>\n<\/ul>\n<ul>\n<li><del>Samedi 15 f\u00e9vrier 2014 \u00e0 8h00 \u00e0 l&rsquo;\u00e9tang du noyer<\/del><\/li>\n<\/ul>\n<ul>\n<li><del>Dimanche 16 f\u00e9vrier 2014 \u00e0 8h00 \u00e0 l&rsquo;\u00e9tang du noyer<\/del><\/li>\n<\/ul>\n<ul>\n<li><del>Lundi 10 mars 2014 \u00e0 13h30 \u00e0 l&rsquo;\u00e9tang du noyer<\/del><\/li>\n<\/ul>\n<ul>\n<li><del>Lundi 31 mars 2014 \u00e0 13h30 \u00e0 l&rsquo;\u00e9tang du peuplier<\/del><\/li>\n<\/ul>\n<ul>\n<li><del>Jeudi 17 avril 2014 \u00e0 13h30 \u00e0 l&rsquo;\u00e9tang du noyer<\/del><\/li>\n<\/ul>\n<ul>\n<li><del>Vendredi 09 mai 2014 \u00e0 13h30 \u00e0 l&rsquo;\u00e9tang du noyer<\/del><\/li>\n<\/ul>\n<ul>\n<li><del>Lundi 12 mai 2014 \u00e0 13h30 \u00e0 l&rsquo;\u00e9tang du noyer<\/del><\/li>\n<\/ul>\n<ul>\n<li><del>Pour info aux membres du comit\u00e9: R\u00e9union ce Vendredi 06 juin 2014 au bungalow. Merci de votre pr\u00e9sence<\/del><\/li>\n<\/ul>\n<ul>\n<li><del>Vendredi 05 d\u00e9cembre 2014 \u00e0 13h30 \u00e0 l&rsquo;\u00e9tang du noyer<\/del><\/li>\n<\/ul>\n<ul>\n<li><del>Samedi 13 d\u00e9cembre 2014 \u00e0 9h, pr\u00e9paration de la salle pour l&rsquo;arbre de No\u00ebl<\/del><\/li>\n<\/ul>\n<ul>\n<li><del>Samedi 13 d\u00e9cembre 2014, rendez-vous pour l&rsquo;arbre de No\u00ebl du C.E. Constellium<\/del><\/li>\n<\/ul>\n<ul>\n<li><del>Dimanche 14 d\u00e9cembre 2014 \u00e0 11h, assembl\u00e9e g\u00e9n\u00e9rale suivie de l&rsquo;assembl\u00e9e g\u00e9n\u00e9rale extraordinaire pour la\u00a0 r\u00e9vision des statuts<\/del><\/li>\n<\/ul>\n","protected":false},"excerpt":{"rendered":"<p>Afin de faciliter la demande des cartes d&rsquo;invitations, vous trouverez ci-dessous les diff\u00e9rentes dates des travaux du comit\u00e9 ainsi que l&rsquo;\u00e9tang o\u00f9 ceux-ci se d\u00e9roulent. Lundi 20 janvier 2014 \u00e0 13h30 \u00e0 l&rsquo;\u00e9tang du noyer Samedi 15 f\u00e9vrier 2014 \u00e0 8h00 \u00e0 l&rsquo;\u00e9tang du noyer Dimanche 16 f\u00e9vrier 2014 \u00e0 \u2026 <a class=\"continue-reading-link\" href=\"http:\/\/a.a.p.p.les2truites.fr\/?page_id=551\"> Continue reading <span class=\"meta-nav\">&rarr; <\/span><\/a><\/p>\n","protected":false},"author":1,"featured_media":0,"parent":358,"menu_order":6,"comment_status":"closed","ping_status":"closed","template":"","meta":{"_monsterinsights_skip_tracking":false,"_monsterinsights_sitenote_active":false,"_monsterinsights_sitenote_note":"","_monsterinsights_sitenote_category":0,"footnotes":""},"class_list":["post-551","page","type-page","status-publish","hentry"],"yoast_head":"<!-- This site is optimized with the Yoast SEO plugin v27.3 - https:\/\/yoast.com\/product\/yoast-seo-wordpress\/ -->\n<title>Dates des travaux du comit\u00e9 2014 - AAPP les 2 truites<\/title>\n<meta name=\"robots\" content=\"index, follow, max-snippet:-1, max-image-preview:large, max-video-preview:-1\" \/>\n<link rel=\"canonical\" href=\"http:\/\/a.a.p.p.les2truites.fr\/?page_id=551\" \/>\n<meta property=\"og:locale\" content=\"fr_FR\" \/>\n<meta property=\"og:type\" content=\"article\" \/>\n<meta property=\"og:title\" content=\"Dates des travaux du comit\u00e9 2014 - AAPP les 2 truites\" \/>\n<meta property=\"og:description\" content=\"Afin de faciliter la demande des cartes d&rsquo;invitations, vous trouverez ci-dessous les diff\u00e9rentes dates des travaux du comit\u00e9 ainsi que l&rsquo;\u00e9tang o\u00f9 ceux-ci se d\u00e9roulent. Lundi 20 janvier 2014 \u00e0 13h30 \u00e0 l&rsquo;\u00e9tang du noyer Samedi 15 f\u00e9vrier 2014 \u00e0 8h00 \u00e0 l&rsquo;\u00e9tang du noyer Dimanche 16 f\u00e9vrier 2014 \u00e0 \u2026 Continue reading &rarr;\" \/>\n<meta property=\"og:url\" content=\"http:\/\/a.a.p.p.les2truites.fr\/?page_id=551\" \/>\n<meta property=\"og:site_name\" content=\"AAPP les 2 truites\" \/>\n<meta property=\"article:modified_time\" content=\"2024-02-05T10:35:42+00:00\" \/>\n<meta name=\"twitter:label1\" content=\"Dur\u00e9e de lecture estim\u00e9e\" \/>\n\t<meta name=\"twitter:data1\" content=\"1 minute\" \/>\n<script type=\"application\/ld+json\" class=\"yoast-schema-graph\">{\"@context\":\"https:\\\/\\\/schema.org\",\"@graph\":[{\"@type\":\"WebPage\",\"@id\":\"http:\\\/\\\/a.a.p.p.les2truites.fr\\\/?page_id=551\",\"url\":\"http:\\\/\\\/a.a.p.p.les2truites.fr\\\/?page_id=551\",\"name\":\"Dates des travaux du comit\u00e9 2014 - AAPP les 2 truites\",\"isPartOf\":{\"@id\":\"https:\\\/\\\/a.a.p.p.les2truites.fr\\\/#website\"},\"datePublished\":\"2015-01-25T10:28:18+00:00\",\"dateModified\":\"2024-02-05T10:35:42+00:00\",\"breadcrumb\":{\"@id\":\"http:\\\/\\\/a.a.p.p.les2truites.fr\\\/?page_id=551#breadcrumb\"},\"inLanguage\":\"fr-FR\",\"potentialAction\":[{\"@type\":\"ReadAction\",\"target\":[\"http:\\\/\\\/a.a.p.p.les2truites.fr\\\/?page_id=551\"]}]},{\"@type\":\"BreadcrumbList\",\"@id\":\"http:\\\/\\\/a.a.p.p.les2truites.fr\\\/?page_id=551#breadcrumb\",\"itemListElement\":[{\"@type\":\"ListItem\",\"position\":1,\"name\":\"Archives\",\"item\":\"http:\\\/\\\/a.a.p.p.les2truites.fr\\\/?page_id=356\"},{\"@type\":\"ListItem\",\"position\":2,\"name\":\"2014\",\"item\":\"http:\\\/\\\/a.a.p.p.les2truites.fr\\\/?page_id=358\"},{\"@type\":\"ListItem\",\"position\":3,\"name\":\"Dates des travaux du comit\u00e9 2014\"}]},{\"@type\":\"WebSite\",\"@id\":\"https:\\\/\\\/a.a.p.p.les2truites.fr\\\/#website\",\"url\":\"https:\\\/\\\/a.a.p.p.les2truites.fr\\\/\",\"name\":\"AAPP les 2 truites\",\"description\":\"Tous droits r\u00e9serv\u00e9s \u00a9 2011-2025\",\"potentialAction\":[{\"@type\":\"SearchAction\",\"target\":{\"@type\":\"EntryPoint\",\"urlTemplate\":\"https:\\\/\\\/a.a.p.p.les2truites.fr\\\/?s={search_term_string}\"},\"query-input\":{\"@type\":\"PropertyValueSpecification\",\"valueRequired\":true,\"valueName\":\"search_term_string\"}}],\"inLanguage\":\"fr-FR\"}]}<\/script>\n<!-- \/ Yoast SEO plugin. -->","yoast_head_json":{"title":"Dates des travaux du comit\u00e9 2014 - AAPP les 2 truites","robots":{"index":"index","follow":"follow","max-snippet":"max-snippet:-1","max-image-preview":"max-image-preview:large","max-video-preview":"max-video-preview:-1"},"canonical":"http:\/\/a.a.p.p.les2truites.fr\/?page_id=551","og_locale":"fr_FR","og_type":"article","og_title":"Dates des travaux du comit\u00e9 2014 - AAPP les 2 truites","og_description":"Afin de faciliter la demande des cartes d&rsquo;invitations, vous trouverez ci-dessous les diff\u00e9rentes dates des travaux du comit\u00e9 ainsi que l&rsquo;\u00e9tang o\u00f9 ceux-ci se d\u00e9roulent. Lundi 20 janvier 2014 \u00e0 13h30 \u00e0 l&rsquo;\u00e9tang du noyer Samedi 15 f\u00e9vrier 2014 \u00e0 8h00 \u00e0 l&rsquo;\u00e9tang du noyer Dimanche 16 f\u00e9vrier 2014 \u00e0 \u2026 Continue reading &rarr;","og_url":"http:\/\/a.a.p.p.les2truites.fr\/?page_id=551","og_site_name":"AAPP les 2 truites","article_modified_time":"2024-02-05T10:35:42+00:00","twitter_misc":{"Dur\u00e9e de lecture estim\u00e9e":"1 minute"},"schema":{"@context":"https:\/\/schema.org","@graph":[{"@type":"WebPage","@id":"http:\/\/a.a.p.p.les2truites.fr\/?page_id=551","url":"http:\/\/a.a.p.p.les2truites.fr\/?page_id=551","name":"Dates des travaux du comit\u00e9 2014 - AAPP les 2 truites","isPartOf":{"@id":"https:\/\/a.a.p.p.les2truites.fr\/#website"},"datePublished":"2015-01-25T10:28:18+00:00","dateModified":"2024-02-05T10:35:42+00:00","breadcrumb":{"@id":"http:\/\/a.a.p.p.les2truites.fr\/?page_id=551#breadcrumb"},"inLanguage":"fr-FR","potentialAction":[{"@type":"ReadAction","target":["http:\/\/a.a.p.p.les2truites.fr\/?page_id=551"]}]},{"@type":"BreadcrumbList","@id":"http:\/\/a.a.p.p.les2truites.fr\/?page_id=551#breadcrumb","itemListElement":[{"@type":"ListItem","position":1,"name":"Archives","item":"http:\/\/a.a.p.p.les2truites.fr\/?page_id=356"},{"@type":"ListItem","position":2,"name":"2014","item":"http:\/\/a.a.p.p.les2truites.fr\/?page_id=358"},{"@type":"ListItem","position":3,"name":"Dates des travaux du comit\u00e9 2014"}]},{"@type":"WebSite","@id":"https:\/\/a.a.p.p.les2truites.fr\/#website","url":"https:\/\/a.a.p.p.les2truites.fr\/","name":"AAPP les 2 truites","description":"Tous droits r\u00e9serv\u00e9s \u00a9 2011-2025","potentialAction":[{"@type":"SearchAction","target":{"@type":"EntryPoint","urlTemplate":"https:\/\/a.a.p.p.les2truites.fr\/?s={search_term_string}"},"query-input":{"@type":"PropertyValueSpecification","valueRequired":true,"valueName":"search_term_string"}}],"inLanguage":"fr-FR"}]}},"_links":{"self":[{"href":"http:\/\/a.a.p.p.les2truites.fr\/index.php?rest_route=\/wp\/v2\/pages\/551","targetHints":{"allow":["GET"]}}],"collection":[{"href":"http:\/\/a.a.p.p.les2truites.fr\/index.php?rest_route=\/wp\/v2\/pages"}],"about":[{"href":"http:\/\/a.a.p.p.les2truites.fr\/index.php?rest_route=\/wp\/v2\/types\/page"}],"author":[{"embeddable":true,"href":"http:\/\/a.a.p.p.les2truites.fr\/index.php?rest_route=\/wp\/v2\/users\/1"}],"replies":[{"embeddable":true,"href":"http:\/\/a.a.p.p.les2truites.fr\/index.php?rest_route=%2Fwp%2Fv2%2Fcomments&post=551"}],"version-history":[{"count":1,"href":"http:\/\/a.a.p.p.les2truites.fr\/index.php?rest_route=\/wp\/v2\/pages\/551\/revisions"}],"predecessor-version":[{"id":1343,"href":"http:\/\/a.a.p.p.les2truites.fr\/index.php?rest_route=\/wp\/v2\/pages\/551\/revisions\/1343"}],"up":[{"embeddable":true,"href":"http:\/\/a.a.p.p.les2truites.fr\/index.php?rest_route=\/wp\/v2\/pages\/358"}],"wp:attachment":[{"href":"http:\/\/a.a.p.p.les2truites.fr\/index.php?rest_route=%2Fwp%2Fv2%2Fmedia&parent=551"}],"curies":[{"name":"wp","href":"https:\/\/api.w.org\/{rel}","templated":true}]}}