{"id":640,"date":"2016-01-01T14:31:25","date_gmt":"2016-01-01T13:31:25","guid":{"rendered":"http:\/\/a.a.p.p.les2truites.fr\/?page_id=640"},"modified":"2024-02-05T11:38:07","modified_gmt":"2024-02-05T10:38:07","slug":"lundi-de-paques-06-avril","status":"publish","type":"page","link":"http:\/\/a.a.p.p.les2truites.fr\/?page_id=640","title":{"rendered":"Lundi de P\u00e2ques, 06 Avril 2015"},"content":{"rendered":"<p style=\"text-align: center;\"><a href=\"http:\/\/a.a.p.p.les2truites.fr\/wp-content\/uploads\/2015\/05\/DSC03070.jpg\"><img loading=\"lazy\" decoding=\"async\" class=\"aligncenter size-full wp-image-580\" src=\"http:\/\/a.a.p.p.les2truites.fr\/wp-content\/uploads\/2015\/05\/DSC03070.jpg\" alt=\"DSC03070\" width=\"800\" height=\"600\" srcset=\"http:\/\/a.a.p.p.les2truites.fr\/wp-content\/uploads\/2015\/05\/DSC03070.jpg 800w, http:\/\/a.a.p.p.les2truites.fr\/wp-content\/uploads\/2015\/05\/DSC03070-300x225.jpg 300w, http:\/\/a.a.p.p.les2truites.fr\/wp-content\/uploads\/2015\/05\/DSC03070-600x450.jpg 600w, http:\/\/a.a.p.p.les2truites.fr\/wp-content\/uploads\/2015\/05\/DSC03070-200x150.jpg 200w, http:\/\/a.a.p.p.les2truites.fr\/wp-content\/uploads\/2015\/05\/DSC03070-150x113.jpg 150w\" sizes=\"auto, (max-width: 800px) 100vw, 800px\" \/><\/a>Classement du concours<\/p>\n<table border=\"0\" align=\"center\">\n<tbody>\n<tr>\n<td>1<\/td>\n<td>MEYER<\/td>\n<td><\/td>\n<td>6440<\/td>\n<\/tr>\n<tr>\n<td>2<\/td>\n<td>BIRMANN<\/td>\n<td><\/td>\n<td>\u00a06340<\/td>\n<\/tr>\n<tr>\n<td>3<\/td>\n<td>KLAUSS<\/td>\n<td>JONATHAN<\/td>\n<td>\u00a05680<\/td>\n<\/tr>\n<tr>\n<td>4<\/td>\n<td>SCHWANDER<\/td>\n<td>DENIS<\/td>\n<td>\u00a05620<\/td>\n<\/tr>\n<tr>\n<td>5<\/td>\n<td>SCHMITT<\/td>\n<td>JEAN-MARC<\/td>\n<td>\u00a05190<\/td>\n<\/tr>\n<tr>\n<td>6<\/td>\n<td>HUENTZ<\/td>\n<td>OLIVIER<\/td>\n<td>\u00a04450<\/td>\n<\/tr>\n<tr>\n<td>7<\/td>\n<td>EGENSPERGER<\/td>\n<td>THIERRY<\/td>\n<td>\u00a04440<\/td>\n<\/tr>\n<tr>\n<td>8<\/td>\n<td>JASPART<\/td>\n<td>PIERRE-ANTOINE<\/td>\n<td>\u00a04430<\/td>\n<\/tr>\n<tr>\n<td>9<\/td>\n<td>HISSUNG<\/td>\n<td>MICHEL<\/td>\n<td>\u00a03690<\/td>\n<\/tr>\n<tr>\n<td>10<\/td>\n<td><\/td>\n<td>ENZO<\/td>\n<td>\u00a03630<\/td>\n<\/tr>\n<tr>\n<td>11<\/td>\n<td>SCHWOOB<\/td>\n<td>ALAIN<\/td>\n<td>\u00a03100<\/td>\n<\/tr>\n<tr>\n<td>12<\/td>\n<td>GILLICH<\/td>\n<td>DAVID<\/td>\n<td>\u00a02700<\/td>\n<\/tr>\n<tr>\n<td>13<\/td>\n<td>MARTINEZ<\/td>\n<td>AMORIE<\/td>\n<td>\u00a02360<\/td>\n<\/tr>\n<tr>\n<td>14<\/td>\n<td>BEYER<\/td>\n<td>CHRISTIAN<\/td>\n<td>\u00a02150<\/td>\n<\/tr>\n<tr>\n<td>15<\/td>\n<td>BERTSCH<\/td>\n<td>ANDRE<\/td>\n<td>\u00a01940<\/td>\n<\/tr>\n<tr>\n<td>16<\/td>\n<td>GEISLER<\/td>\n<td>MARC<\/td>\n<td>\u00a01570<\/td>\n<\/tr>\n<tr>\n<td>17<\/td>\n<td>PONSOT<\/td>\n<td>PASCAL<\/td>\n<td>\u00a01200<\/td>\n<\/tr>\n<tr>\n<td>18<\/td>\n<td>HOFER<\/td>\n<td>LUC<\/td>\n<td>\u00a01200<\/td>\n<\/tr>\n<tr>\n<td>19<\/td>\n<td>FREYDRICH<\/td>\n<td>MATTHIEU<\/td>\n<td>\u00a0800<\/td>\n<\/tr>\n<\/tbody>\n<\/table>\n<p style=\"text-align: center;\">(Pr\u00e9sents sur la photo les num\u00e9ros 1 \u00e0 15)<\/p>\n","protected":false},"excerpt":{"rendered":"<p>Classement du concours 1 MEYER 6440 2 BIRMANN \u00a06340 3 KLAUSS JONATHAN \u00a05680 4 SCHWANDER DENIS \u00a05620 5 SCHMITT JEAN-MARC \u00a05190 6 HUENTZ OLIVIER \u00a04450 7 EGENSPERGER THIERRY \u00a04440 8 JASPART PIERRE-ANTOINE \u00a04430 9 HISSUNG MICHEL \u00a03690 10 ENZO \u00a03630 11 SCHWOOB ALAIN \u00a03100 12 GILLICH DAVID \u00a02700 13 MARTINEZ \u2026 <a class=\"continue-reading-link\" href=\"http:\/\/a.a.p.p.les2truites.fr\/?page_id=640\"> Continue reading <span class=\"meta-nav\">&rarr; <\/span><\/a><\/p>\n","protected":false},"author":1,"featured_media":0,"parent":641,"menu_order":1,"comment_status":"closed","ping_status":"closed","template":"","meta":{"_monsterinsights_skip_tracking":false,"_monsterinsights_sitenote_active":false,"_monsterinsights_sitenote_note":"","_monsterinsights_sitenote_category":0,"footnotes":""},"class_list":["post-640","page","type-page","status-publish","hentry"],"yoast_head":"<!-- This site is optimized with the Yoast SEO plugin v27.3 - https:\/\/yoast.com\/product\/yoast-seo-wordpress\/ -->\n<title>Lundi de P\u00e2ques, 06 Avril 2015 - AAPP les 2 truites<\/title>\n<meta name=\"robots\" content=\"index, follow, max-snippet:-1, max-image-preview:large, max-video-preview:-1\" \/>\n<link rel=\"canonical\" href=\"https:\/\/a.a.p.p.les2truites.fr\/?page_id=640\" \/>\n<meta property=\"og:locale\" content=\"fr_FR\" \/>\n<meta property=\"og:type\" content=\"article\" \/>\n<meta property=\"og:title\" content=\"Lundi de P\u00e2ques, 06 Avril 2015 - AAPP les 2 truites\" \/>\n<meta property=\"og:description\" content=\"Classement du concours 1 MEYER 6440 2 BIRMANN \u00a06340 3 KLAUSS JONATHAN \u00a05680 4 SCHWANDER DENIS \u00a05620 5 SCHMITT JEAN-MARC \u00a05190 6 HUENTZ OLIVIER \u00a04450 7 EGENSPERGER THIERRY \u00a04440 8 JASPART PIERRE-ANTOINE \u00a04430 9 HISSUNG MICHEL \u00a03690 10 ENZO \u00a03630 11 SCHWOOB ALAIN \u00a03100 12 GILLICH DAVID \u00a02700 13 MARTINEZ \u2026 Continue reading &rarr;\" \/>\n<meta property=\"og:url\" content=\"https:\/\/a.a.p.p.les2truites.fr\/?page_id=640\" \/>\n<meta property=\"og:site_name\" content=\"AAPP les 2 truites\" \/>\n<meta property=\"article:modified_time\" content=\"2024-02-05T10:38:07+00:00\" \/>\n<meta property=\"og:image\" content=\"http:\/\/a.a.p.p.les2truites.fr\/wp-content\/uploads\/2015\/05\/DSC03070.jpg\" \/>\n<script type=\"application\/ld+json\" class=\"yoast-schema-graph\">{\"@context\":\"https:\\\/\\\/schema.org\",\"@graph\":[{\"@type\":\"WebPage\",\"@id\":\"https:\\\/\\\/a.a.p.p.les2truites.fr\\\/?page_id=640\",\"url\":\"https:\\\/\\\/a.a.p.p.les2truites.fr\\\/?page_id=640\",\"name\":\"Lundi de P\u00e2ques, 06 Avril 2015 - AAPP les 2 truites\",\"isPartOf\":{\"@id\":\"https:\\\/\\\/a.a.p.p.les2truites.fr\\\/#website\"},\"primaryImageOfPage\":{\"@id\":\"https:\\\/\\\/a.a.p.p.les2truites.fr\\\/?page_id=640#primaryimage\"},\"image\":{\"@id\":\"https:\\\/\\\/a.a.p.p.les2truites.fr\\\/?page_id=640#primaryimage\"},\"thumbnailUrl\":\"http:\\\/\\\/a.a.p.p.les2truites.fr\\\/wp-content\\\/uploads\\\/2015\\\/05\\\/DSC03070.jpg\",\"datePublished\":\"2016-01-01T13:31:25+00:00\",\"dateModified\":\"2024-02-05T10:38:07+00:00\",\"breadcrumb\":{\"@id\":\"https:\\\/\\\/a.a.p.p.les2truites.fr\\\/?page_id=640#breadcrumb\"},\"inLanguage\":\"fr-FR\",\"potentialAction\":[{\"@type\":\"ReadAction\",\"target\":[\"https:\\\/\\\/a.a.p.p.les2truites.fr\\\/?page_id=640\"]}]},{\"@type\":\"ImageObject\",\"inLanguage\":\"fr-FR\",\"@id\":\"https:\\\/\\\/a.a.p.p.les2truites.fr\\\/?page_id=640#primaryimage\",\"url\":\"http:\\\/\\\/a.a.p.p.les2truites.fr\\\/wp-content\\\/uploads\\\/2015\\\/05\\\/DSC03070.jpg\",\"contentUrl\":\"http:\\\/\\\/a.a.p.p.les2truites.fr\\\/wp-content\\\/uploads\\\/2015\\\/05\\\/DSC03070.jpg\",\"width\":800,\"height\":600},{\"@type\":\"BreadcrumbList\",\"@id\":\"https:\\\/\\\/a.a.p.p.les2truites.fr\\\/?page_id=640#breadcrumb\",\"itemListElement\":[{\"@type\":\"ListItem\",\"position\":1,\"name\":\"Archives\",\"item\":\"http:\\\/\\\/a.a.p.p.les2truites.fr\\\/?page_id=356\"},{\"@type\":\"ListItem\",\"position\":2,\"name\":\"2015\",\"item\":\"https:\\\/\\\/a.a.p.p.les2truites.fr\\\/?page_id=630\"},{\"@type\":\"ListItem\",\"position\":3,\"name\":\"Infos concours 2015\",\"item\":\"https:\\\/\\\/a.a.p.p.les2truites.fr\\\/?page_id=636\"},{\"@type\":\"ListItem\",\"position\":4,\"name\":\"R\u00e9sultats des concours 2015\",\"item\":\"https:\\\/\\\/a.a.p.p.les2truites.fr\\\/?page_id=641\"},{\"@type\":\"ListItem\",\"position\":5,\"name\":\"Lundi de P\u00e2ques, 06 Avril 2015\"}]},{\"@type\":\"WebSite\",\"@id\":\"https:\\\/\\\/a.a.p.p.les2truites.fr\\\/#website\",\"url\":\"https:\\\/\\\/a.a.p.p.les2truites.fr\\\/\",\"name\":\"AAPP les 2 truites\",\"description\":\"Tous droits r\u00e9serv\u00e9s \u00a9 2011-2025\",\"potentialAction\":[{\"@type\":\"SearchAction\",\"target\":{\"@type\":\"EntryPoint\",\"urlTemplate\":\"https:\\\/\\\/a.a.p.p.les2truites.fr\\\/?s={search_term_string}\"},\"query-input\":{\"@type\":\"PropertyValueSpecification\",\"valueRequired\":true,\"valueName\":\"search_term_string\"}}],\"inLanguage\":\"fr-FR\"}]}<\/script>\n<!-- \/ Yoast SEO plugin. -->","yoast_head_json":{"title":"Lundi de P\u00e2ques, 06 Avril 2015 - AAPP les 2 truites","robots":{"index":"index","follow":"follow","max-snippet":"max-snippet:-1","max-image-preview":"max-image-preview:large","max-video-preview":"max-video-preview:-1"},"canonical":"https:\/\/a.a.p.p.les2truites.fr\/?page_id=640","og_locale":"fr_FR","og_type":"article","og_title":"Lundi de P\u00e2ques, 06 Avril 2015 - AAPP les 2 truites","og_description":"Classement du concours 1 MEYER 6440 2 BIRMANN \u00a06340 3 KLAUSS JONATHAN \u00a05680 4 SCHWANDER DENIS \u00a05620 5 SCHMITT JEAN-MARC \u00a05190 6 HUENTZ OLIVIER \u00a04450 7 EGENSPERGER THIERRY \u00a04440 8 JASPART PIERRE-ANTOINE \u00a04430 9 HISSUNG MICHEL \u00a03690 10 ENZO \u00a03630 11 SCHWOOB ALAIN \u00a03100 12 GILLICH DAVID \u00a02700 13 MARTINEZ \u2026 Continue reading &rarr;","og_url":"https:\/\/a.a.p.p.les2truites.fr\/?page_id=640","og_site_name":"AAPP les 2 truites","article_modified_time":"2024-02-05T10:38:07+00:00","og_image":[{"url":"http:\/\/a.a.p.p.les2truites.fr\/wp-content\/uploads\/2015\/05\/DSC03070.jpg","type":"","width":"","height":""}],"schema":{"@context":"https:\/\/schema.org","@graph":[{"@type":"WebPage","@id":"https:\/\/a.a.p.p.les2truites.fr\/?page_id=640","url":"https:\/\/a.a.p.p.les2truites.fr\/?page_id=640","name":"Lundi de P\u00e2ques, 06 Avril 2015 - AAPP les 2 truites","isPartOf":{"@id":"https:\/\/a.a.p.p.les2truites.fr\/#website"},"primaryImageOfPage":{"@id":"https:\/\/a.a.p.p.les2truites.fr\/?page_id=640#primaryimage"},"image":{"@id":"https:\/\/a.a.p.p.les2truites.fr\/?page_id=640#primaryimage"},"thumbnailUrl":"http:\/\/a.a.p.p.les2truites.fr\/wp-content\/uploads\/2015\/05\/DSC03070.jpg","datePublished":"2016-01-01T13:31:25+00:00","dateModified":"2024-02-05T10:38:07+00:00","breadcrumb":{"@id":"https:\/\/a.a.p.p.les2truites.fr\/?page_id=640#breadcrumb"},"inLanguage":"fr-FR","potentialAction":[{"@type":"ReadAction","target":["https:\/\/a.a.p.p.les2truites.fr\/?page_id=640"]}]},{"@type":"ImageObject","inLanguage":"fr-FR","@id":"https:\/\/a.a.p.p.les2truites.fr\/?page_id=640#primaryimage","url":"http:\/\/a.a.p.p.les2truites.fr\/wp-content\/uploads\/2015\/05\/DSC03070.jpg","contentUrl":"http:\/\/a.a.p.p.les2truites.fr\/wp-content\/uploads\/2015\/05\/DSC03070.jpg","width":800,"height":600},{"@type":"BreadcrumbList","@id":"https:\/\/a.a.p.p.les2truites.fr\/?page_id=640#breadcrumb","itemListElement":[{"@type":"ListItem","position":1,"name":"Archives","item":"http:\/\/a.a.p.p.les2truites.fr\/?page_id=356"},{"@type":"ListItem","position":2,"name":"2015","item":"https:\/\/a.a.p.p.les2truites.fr\/?page_id=630"},{"@type":"ListItem","position":3,"name":"Infos concours 2015","item":"https:\/\/a.a.p.p.les2truites.fr\/?page_id=636"},{"@type":"ListItem","position":4,"name":"R\u00e9sultats des concours 2015","item":"https:\/\/a.a.p.p.les2truites.fr\/?page_id=641"},{"@type":"ListItem","position":5,"name":"Lundi de P\u00e2ques, 06 Avril 2015"}]},{"@type":"WebSite","@id":"https:\/\/a.a.p.p.les2truites.fr\/#website","url":"https:\/\/a.a.p.p.les2truites.fr\/","name":"AAPP les 2 truites","description":"Tous droits r\u00e9serv\u00e9s \u00a9 2011-2025","potentialAction":[{"@type":"SearchAction","target":{"@type":"EntryPoint","urlTemplate":"https:\/\/a.a.p.p.les2truites.fr\/?s={search_term_string}"},"query-input":{"@type":"PropertyValueSpecification","valueRequired":true,"valueName":"search_term_string"}}],"inLanguage":"fr-FR"}]}},"_links":{"self":[{"href":"http:\/\/a.a.p.p.les2truites.fr\/index.php?rest_route=\/wp\/v2\/pages\/640","targetHints":{"allow":["GET"]}}],"collection":[{"href":"http:\/\/a.a.p.p.les2truites.fr\/index.php?rest_route=\/wp\/v2\/pages"}],"about":[{"href":"http:\/\/a.a.p.p.les2truites.fr\/index.php?rest_route=\/wp\/v2\/types\/page"}],"author":[{"embeddable":true,"href":"http:\/\/a.a.p.p.les2truites.fr\/index.php?rest_route=\/wp\/v2\/users\/1"}],"replies":[{"embeddable":true,"href":"http:\/\/a.a.p.p.les2truites.fr\/index.php?rest_route=%2Fwp%2Fv2%2Fcomments&post=640"}],"version-history":[{"count":4,"href":"http:\/\/a.a.p.p.les2truites.fr\/index.php?rest_route=\/wp\/v2\/pages\/640\/revisions"}],"predecessor-version":[{"id":1339,"href":"http:\/\/a.a.p.p.les2truites.fr\/index.php?rest_route=\/wp\/v2\/pages\/640\/revisions\/1339"}],"up":[{"embeddable":true,"href":"http:\/\/a.a.p.p.les2truites.fr\/index.php?rest_route=\/wp\/v2\/pages\/641"}],"wp:attachment":[{"href":"http:\/\/a.a.p.p.les2truites.fr\/index.php?rest_route=%2Fwp%2Fv2%2Fmedia&parent=640"}],"curies":[{"name":"wp","href":"https:\/\/api.w.org\/{rel}","templated":true}]}}