{"id":643,"date":"2016-01-01T14:31:45","date_gmt":"2016-01-01T13:31:45","guid":{"rendered":"http:\/\/a.a.p.p.les2truites.fr\/?page_id=643"},"modified":"2024-02-05T11:38:02","modified_gmt":"2024-02-05T10:38:02","slug":"vendredi-1-mai","status":"publish","type":"page","link":"http:\/\/a.a.p.p.les2truites.fr\/?page_id=643","title":{"rendered":"Vendredi 1\u00b0 Mai 2015"},"content":{"rendered":"<p style=\"text-align: center;\"><a href=\"http:\/\/a.a.p.p.les2truites.fr\/wp-content\/uploads\/2015\/05\/DSC03156.jpg\"><img loading=\"lazy\" decoding=\"async\" class=\"aligncenter size-full wp-image-591\" src=\"http:\/\/a.a.p.p.les2truites.fr\/wp-content\/uploads\/2015\/05\/DSC03156.jpg\" alt=\"DSC03156\" width=\"800\" height=\"600\" srcset=\"http:\/\/a.a.p.p.les2truites.fr\/wp-content\/uploads\/2015\/05\/DSC03156.jpg 800w, http:\/\/a.a.p.p.les2truites.fr\/wp-content\/uploads\/2015\/05\/DSC03156-300x225.jpg 300w, http:\/\/a.a.p.p.les2truites.fr\/wp-content\/uploads\/2015\/05\/DSC03156-600x450.jpg 600w, http:\/\/a.a.p.p.les2truites.fr\/wp-content\/uploads\/2015\/05\/DSC03156-200x150.jpg 200w, http:\/\/a.a.p.p.les2truites.fr\/wp-content\/uploads\/2015\/05\/DSC03156-150x113.jpg 150w\" sizes=\"auto, (max-width: 800px) 100vw, 800px\" \/><\/a><a href=\"http:\/\/a.a.p.p.les2truites.fr\/wp-content\/uploads\/2014\/05\/DSC00596.jpg\"><br \/>\n<\/a>Classement du concours<\/p>\n<table border=\"0\" align=\"center\">\n<tbody>\n<tr>\n<td>1<\/td>\n<td>BOHN ALAIN<\/td>\n<td>NAUD OLIVIER<\/td>\n<td>16350<\/td>\n<\/tr>\n<tr>\n<td>2<\/td>\n<td>HISSUNG MICHEL<\/td>\n<td>THIERRY<\/td>\n<td>11890<\/td>\n<\/tr>\n<tr>\n<td>3<\/td>\n<td>DUCROCQ JEAN-LOUIS<\/td>\n<td>ALAIN<\/td>\n<td>8870<\/td>\n<\/tr>\n<tr>\n<td>4<\/td>\n<td>SCHMITT JEAN-MARC<\/td>\n<td>LOIC<\/td>\n<td>8490<\/td>\n<\/tr>\n<tr>\n<td>5<\/td>\n<td>SCHWOOB ALAIN<\/td>\n<td>BERNARD<\/td>\n<td>8420<\/td>\n<\/tr>\n<tr>\n<td>6<\/td>\n<td>BONZANNI<\/td>\n<td>GEISSLER MARC<\/td>\n<td>5910<\/td>\n<\/tr>\n<tr>\n<td>7<\/td>\n<td>MARTINEZ AMORIE<\/td>\n<td>CHRISTOPHE<\/td>\n<td>5140<\/td>\n<\/tr>\n<tr>\n<td>8<\/td>\n<td>GEORGES<\/td>\n<td><\/td>\n<td>4750<\/td>\n<\/tr>\n<tr>\n<td>9<\/td>\n<td>FLORIAN<\/td>\n<td>MATTHIEU<\/td>\n<td>4000<\/td>\n<\/tr>\n<tr>\n<td>10<\/td>\n<td>EWEN<\/td>\n<td>ADAM<\/td>\n<td>3260<\/td>\n<\/tr>\n<tr>\n<td>11<\/td>\n<td>MICHEL<\/td>\n<td>MAURICE<\/td>\n<td>3090<\/td>\n<\/tr>\n<tr>\n<td>12<\/td>\n<td>HUENTZ OLIVER<\/td>\n<td><\/td>\n<td>3090<\/td>\n<\/tr>\n<tr>\n<td>13<\/td>\n<td>HOFER LUC<\/td>\n<td>JASPART PIERRE-ANTOINE<\/td>\n<td>1600<\/td>\n<\/tr>\n<\/tbody>\n<\/table>\n<p style=\"text-align: center;\">(Pr\u00e9sents sur la photo les num\u00e9ros 1 \u00e0 6)<\/p>\n","protected":false},"excerpt":{"rendered":"<p>Classement du concours 1 BOHN ALAIN NAUD OLIVIER 16350 2 HISSUNG MICHEL THIERRY 11890 3 DUCROCQ JEAN-LOUIS ALAIN 8870 4 SCHMITT JEAN-MARC LOIC 8490 5 SCHWOOB ALAIN BERNARD 8420 6 BONZANNI GEISSLER MARC 5910 7 MARTINEZ AMORIE CHRISTOPHE 5140 8 GEORGES 4750 9 FLORIAN MATTHIEU 4000 10 EWEN ADAM 3260 \u2026 <a class=\"continue-reading-link\" href=\"http:\/\/a.a.p.p.les2truites.fr\/?page_id=643\"> Continue reading <span class=\"meta-nav\">&rarr; <\/span><\/a><\/p>\n","protected":false},"author":1,"featured_media":0,"parent":641,"menu_order":4,"comment_status":"closed","ping_status":"closed","template":"","meta":{"_monsterinsights_skip_tracking":false,"_monsterinsights_sitenote_active":false,"_monsterinsights_sitenote_note":"","_monsterinsights_sitenote_category":0,"footnotes":""},"class_list":["post-643","page","type-page","status-publish","hentry"],"yoast_head":"<!-- This site is optimized with the Yoast SEO plugin v27.3 - https:\/\/yoast.com\/product\/yoast-seo-wordpress\/ -->\n<title>Vendredi 1\u00b0 Mai 2015 - AAPP les 2 truites<\/title>\n<meta name=\"robots\" content=\"index, follow, max-snippet:-1, max-image-preview:large, max-video-preview:-1\" \/>\n<link rel=\"canonical\" href=\"http:\/\/a.a.p.p.les2truites.fr\/?page_id=643\" \/>\n<meta property=\"og:locale\" content=\"fr_FR\" \/>\n<meta property=\"og:type\" content=\"article\" \/>\n<meta property=\"og:title\" content=\"Vendredi 1\u00b0 Mai 2015 - AAPP les 2 truites\" \/>\n<meta property=\"og:description\" content=\"Classement du concours 1 BOHN ALAIN NAUD OLIVIER 16350 2 HISSUNG MICHEL THIERRY 11890 3 DUCROCQ JEAN-LOUIS ALAIN 8870 4 SCHMITT JEAN-MARC LOIC 8490 5 SCHWOOB ALAIN BERNARD 8420 6 BONZANNI GEISSLER MARC 5910 7 MARTINEZ AMORIE CHRISTOPHE 5140 8 GEORGES 4750 9 FLORIAN MATTHIEU 4000 10 EWEN ADAM 3260 \u2026 Continue reading &rarr;\" \/>\n<meta property=\"og:url\" content=\"http:\/\/a.a.p.p.les2truites.fr\/?page_id=643\" \/>\n<meta property=\"og:site_name\" content=\"AAPP les 2 truites\" \/>\n<meta property=\"article:modified_time\" content=\"2024-02-05T10:38:02+00:00\" \/>\n<meta property=\"og:image\" content=\"http:\/\/a.a.p.p.les2truites.fr\/wp-content\/uploads\/2015\/05\/DSC03156.jpg\" \/>\n<script type=\"application\/ld+json\" class=\"yoast-schema-graph\">{\"@context\":\"https:\\\/\\\/schema.org\",\"@graph\":[{\"@type\":\"WebPage\",\"@id\":\"http:\\\/\\\/a.a.p.p.les2truites.fr\\\/?page_id=643\",\"url\":\"http:\\\/\\\/a.a.p.p.les2truites.fr\\\/?page_id=643\",\"name\":\"Vendredi 1\u00b0 Mai 2015 - AAPP les 2 truites\",\"isPartOf\":{\"@id\":\"https:\\\/\\\/a.a.p.p.les2truites.fr\\\/#website\"},\"primaryImageOfPage\":{\"@id\":\"http:\\\/\\\/a.a.p.p.les2truites.fr\\\/?page_id=643#primaryimage\"},\"image\":{\"@id\":\"http:\\\/\\\/a.a.p.p.les2truites.fr\\\/?page_id=643#primaryimage\"},\"thumbnailUrl\":\"http:\\\/\\\/a.a.p.p.les2truites.fr\\\/wp-content\\\/uploads\\\/2015\\\/05\\\/DSC03156.jpg\",\"datePublished\":\"2016-01-01T13:31:45+00:00\",\"dateModified\":\"2024-02-05T10:38:02+00:00\",\"breadcrumb\":{\"@id\":\"http:\\\/\\\/a.a.p.p.les2truites.fr\\\/?page_id=643#breadcrumb\"},\"inLanguage\":\"fr-FR\",\"potentialAction\":[{\"@type\":\"ReadAction\",\"target\":[\"http:\\\/\\\/a.a.p.p.les2truites.fr\\\/?page_id=643\"]}]},{\"@type\":\"ImageObject\",\"inLanguage\":\"fr-FR\",\"@id\":\"http:\\\/\\\/a.a.p.p.les2truites.fr\\\/?page_id=643#primaryimage\",\"url\":\"http:\\\/\\\/a.a.p.p.les2truites.fr\\\/wp-content\\\/uploads\\\/2015\\\/05\\\/DSC03156.jpg\",\"contentUrl\":\"http:\\\/\\\/a.a.p.p.les2truites.fr\\\/wp-content\\\/uploads\\\/2015\\\/05\\\/DSC03156.jpg\",\"width\":800,\"height\":600},{\"@type\":\"BreadcrumbList\",\"@id\":\"http:\\\/\\\/a.a.p.p.les2truites.fr\\\/?page_id=643#breadcrumb\",\"itemListElement\":[{\"@type\":\"ListItem\",\"position\":1,\"name\":\"Archives\",\"item\":\"http:\\\/\\\/a.a.p.p.les2truites.fr\\\/?page_id=356\"},{\"@type\":\"ListItem\",\"position\":2,\"name\":\"2015\",\"item\":\"https:\\\/\\\/a.a.p.p.les2truites.fr\\\/?page_id=630\"},{\"@type\":\"ListItem\",\"position\":3,\"name\":\"Infos concours 2015\",\"item\":\"https:\\\/\\\/a.a.p.p.les2truites.fr\\\/?page_id=636\"},{\"@type\":\"ListItem\",\"position\":4,\"name\":\"R\u00e9sultats des concours 2015\",\"item\":\"https:\\\/\\\/a.a.p.p.les2truites.fr\\\/?page_id=641\"},{\"@type\":\"ListItem\",\"position\":5,\"name\":\"Vendredi 1\u00b0 Mai 2015\"}]},{\"@type\":\"WebSite\",\"@id\":\"https:\\\/\\\/a.a.p.p.les2truites.fr\\\/#website\",\"url\":\"https:\\\/\\\/a.a.p.p.les2truites.fr\\\/\",\"name\":\"AAPP les 2 truites\",\"description\":\"Tous droits r\u00e9serv\u00e9s \u00a9 2011-2025\",\"potentialAction\":[{\"@type\":\"SearchAction\",\"target\":{\"@type\":\"EntryPoint\",\"urlTemplate\":\"https:\\\/\\\/a.a.p.p.les2truites.fr\\\/?s={search_term_string}\"},\"query-input\":{\"@type\":\"PropertyValueSpecification\",\"valueRequired\":true,\"valueName\":\"search_term_string\"}}],\"inLanguage\":\"fr-FR\"}]}<\/script>\n<!-- \/ Yoast SEO plugin. -->","yoast_head_json":{"title":"Vendredi 1\u00b0 Mai 2015 - AAPP les 2 truites","robots":{"index":"index","follow":"follow","max-snippet":"max-snippet:-1","max-image-preview":"max-image-preview:large","max-video-preview":"max-video-preview:-1"},"canonical":"http:\/\/a.a.p.p.les2truites.fr\/?page_id=643","og_locale":"fr_FR","og_type":"article","og_title":"Vendredi 1\u00b0 Mai 2015 - AAPP les 2 truites","og_description":"Classement du concours 1 BOHN ALAIN NAUD OLIVIER 16350 2 HISSUNG MICHEL THIERRY 11890 3 DUCROCQ JEAN-LOUIS ALAIN 8870 4 SCHMITT JEAN-MARC LOIC 8490 5 SCHWOOB ALAIN BERNARD 8420 6 BONZANNI GEISSLER MARC 5910 7 MARTINEZ AMORIE CHRISTOPHE 5140 8 GEORGES 4750 9 FLORIAN MATTHIEU 4000 10 EWEN ADAM 3260 \u2026 Continue reading &rarr;","og_url":"http:\/\/a.a.p.p.les2truites.fr\/?page_id=643","og_site_name":"AAPP les 2 truites","article_modified_time":"2024-02-05T10:38:02+00:00","og_image":[{"url":"http:\/\/a.a.p.p.les2truites.fr\/wp-content\/uploads\/2015\/05\/DSC03156.jpg","type":"","width":"","height":""}],"schema":{"@context":"https:\/\/schema.org","@graph":[{"@type":"WebPage","@id":"http:\/\/a.a.p.p.les2truites.fr\/?page_id=643","url":"http:\/\/a.a.p.p.les2truites.fr\/?page_id=643","name":"Vendredi 1\u00b0 Mai 2015 - AAPP les 2 truites","isPartOf":{"@id":"https:\/\/a.a.p.p.les2truites.fr\/#website"},"primaryImageOfPage":{"@id":"http:\/\/a.a.p.p.les2truites.fr\/?page_id=643#primaryimage"},"image":{"@id":"http:\/\/a.a.p.p.les2truites.fr\/?page_id=643#primaryimage"},"thumbnailUrl":"http:\/\/a.a.p.p.les2truites.fr\/wp-content\/uploads\/2015\/05\/DSC03156.jpg","datePublished":"2016-01-01T13:31:45+00:00","dateModified":"2024-02-05T10:38:02+00:00","breadcrumb":{"@id":"http:\/\/a.a.p.p.les2truites.fr\/?page_id=643#breadcrumb"},"inLanguage":"fr-FR","potentialAction":[{"@type":"ReadAction","target":["http:\/\/a.a.p.p.les2truites.fr\/?page_id=643"]}]},{"@type":"ImageObject","inLanguage":"fr-FR","@id":"http:\/\/a.a.p.p.les2truites.fr\/?page_id=643#primaryimage","url":"http:\/\/a.a.p.p.les2truites.fr\/wp-content\/uploads\/2015\/05\/DSC03156.jpg","contentUrl":"http:\/\/a.a.p.p.les2truites.fr\/wp-content\/uploads\/2015\/05\/DSC03156.jpg","width":800,"height":600},{"@type":"BreadcrumbList","@id":"http:\/\/a.a.p.p.les2truites.fr\/?page_id=643#breadcrumb","itemListElement":[{"@type":"ListItem","position":1,"name":"Archives","item":"http:\/\/a.a.p.p.les2truites.fr\/?page_id=356"},{"@type":"ListItem","position":2,"name":"2015","item":"https:\/\/a.a.p.p.les2truites.fr\/?page_id=630"},{"@type":"ListItem","position":3,"name":"Infos concours 2015","item":"https:\/\/a.a.p.p.les2truites.fr\/?page_id=636"},{"@type":"ListItem","position":4,"name":"R\u00e9sultats des concours 2015","item":"https:\/\/a.a.p.p.les2truites.fr\/?page_id=641"},{"@type":"ListItem","position":5,"name":"Vendredi 1\u00b0 Mai 2015"}]},{"@type":"WebSite","@id":"https:\/\/a.a.p.p.les2truites.fr\/#website","url":"https:\/\/a.a.p.p.les2truites.fr\/","name":"AAPP les 2 truites","description":"Tous droits r\u00e9serv\u00e9s \u00a9 2011-2025","potentialAction":[{"@type":"SearchAction","target":{"@type":"EntryPoint","urlTemplate":"https:\/\/a.a.p.p.les2truites.fr\/?s={search_term_string}"},"query-input":{"@type":"PropertyValueSpecification","valueRequired":true,"valueName":"search_term_string"}}],"inLanguage":"fr-FR"}]}},"_links":{"self":[{"href":"http:\/\/a.a.p.p.les2truites.fr\/index.php?rest_route=\/wp\/v2\/pages\/643","targetHints":{"allow":["GET"]}}],"collection":[{"href":"http:\/\/a.a.p.p.les2truites.fr\/index.php?rest_route=\/wp\/v2\/pages"}],"about":[{"href":"http:\/\/a.a.p.p.les2truites.fr\/index.php?rest_route=\/wp\/v2\/types\/page"}],"author":[{"embeddable":true,"href":"http:\/\/a.a.p.p.les2truites.fr\/index.php?rest_route=\/wp\/v2\/users\/1"}],"replies":[{"embeddable":true,"href":"http:\/\/a.a.p.p.les2truites.fr\/index.php?rest_route=%2Fwp%2Fv2%2Fcomments&post=643"}],"version-history":[{"count":2,"href":"http:\/\/a.a.p.p.les2truites.fr\/index.php?rest_route=\/wp\/v2\/pages\/643\/revisions"}],"predecessor-version":[{"id":1337,"href":"http:\/\/a.a.p.p.les2truites.fr\/index.php?rest_route=\/wp\/v2\/pages\/643\/revisions\/1337"}],"up":[{"embeddable":true,"href":"http:\/\/a.a.p.p.les2truites.fr\/index.php?rest_route=\/wp\/v2\/pages\/641"}],"wp:attachment":[{"href":"http:\/\/a.a.p.p.les2truites.fr\/index.php?rest_route=%2Fwp%2Fv2%2Fmedia&parent=643"}],"curies":[{"name":"wp","href":"https:\/\/api.w.org\/{rel}","templated":true}]}}