{"id":653,"date":"2016-01-01T14:40:18","date_gmt":"2016-01-01T13:40:18","guid":{"rendered":"http:\/\/a.a.p.p.les2truites.fr\/?page_id=653"},"modified":"2016-01-01T14:45:24","modified_gmt":"2016-01-01T13:45:24","slug":"le-comite-2015","status":"publish","type":"page","link":"http:\/\/a.a.p.p.les2truites.fr\/?page_id=653","title":{"rendered":"Le comit\u00e9 2015"},"content":{"rendered":"<p>&nbsp;<\/p>\n<p><strong><em>1) Pr\u00e9sident :<\/em><\/strong> HOFER Luc ENT-SF \u00e9quipe 4\u00a0<a href=\"http:\/\/a.a.p.p.les2truites.fr\/wp-content\/uploads\/2014\/01\/president.gif\"><img loading=\"lazy\" decoding=\"async\" class=\"aligncenter size-full wp-image-87\" src=\"http:\/\/a.a.p.p.les2truites.fr\/wp-content\/uploads\/2014\/01\/president.gif\" alt=\"president\" width=\"81\" height=\"93\" \/><\/a><\/p>\n<p>&nbsp;<\/p>\n<p><em><strong>2) Vice Pr\u00e9sident :<\/strong><\/em> PONSOT Pascal ENT-SF equipe 5\u00a0<a href=\"http:\/\/a.a.p.p.les2truites.fr\/wp-content\/uploads\/2014\/01\/vice_president.gif\"><img loading=\"lazy\" decoding=\"async\" class=\"aligncenter size-full wp-image-113\" src=\"http:\/\/a.a.p.p.les2truites.fr\/wp-content\/uploads\/2014\/01\/vice_president.gif\" alt=\"vice_president\" width=\"67\" height=\"85\" \/><\/a><\/p>\n<p>&nbsp;<\/p>\n<p><em><strong>3) Tr\u00e9sorier :<\/strong><\/em> JASPART P.Antoine PVD \u00e9quipe 2\u00a0<a href=\"http:\/\/a.a.p.p.les2truites.fr\/wp-content\/uploads\/2014\/01\/tresorier.gif\"><img loading=\"lazy\" decoding=\"async\" class=\"size-full wp-image-80 aligncenter\" src=\"http:\/\/a.a.p.p.les2truites.fr\/wp-content\/uploads\/2014\/01\/tresorier.gif\" alt=\"tresorier\" width=\"83\" height=\"120\" \/><\/a><\/p>\n<p>&nbsp;<\/p>\n<p><em><strong>4) Tr\u00e9sorier adjoint :<\/strong><\/em> JASPART Eliane\u00a0<a href=\"http:\/\/a.a.p.p.les2truites.fr\/wp-content\/uploads\/2014\/01\/tresorier_adjoint1.gif\"><img loading=\"lazy\" decoding=\"async\" class=\"aligncenter size-full wp-image-89\" src=\"http:\/\/a.a.p.p.les2truites.fr\/wp-content\/uploads\/2014\/01\/tresorier_adjoint1.gif\" alt=\"tresorier_adjoint\" width=\"122\" height=\"134\" \/><\/a><\/p>\n<p>&nbsp;<\/p>\n<p><strong><em>5) Secr\u00e9taire :<\/em><\/strong> HOFER Laurence\u00a0<a href=\"http:\/\/a.a.p.p.les2truites.fr\/wp-content\/uploads\/2014\/01\/secretaire.gif\"><img loading=\"lazy\" decoding=\"async\" class=\"aligncenter size-full wp-image-86\" src=\"http:\/\/a.a.p.p.les2truites.fr\/wp-content\/uploads\/2014\/01\/secretaire.gif\" alt=\"secretaire\" width=\"143\" height=\"98\" \/><\/a><\/p>\n<p>&nbsp;<\/p>\n<p><strong><em>6) Secr\u00e9taire adjoint :\u00a0 <\/em><\/strong>FREYDRICH Matthieu ENT-SF \u00e9quipe 5\u00a0<img loading=\"lazy\" decoding=\"async\" class=\"aligncenter size-full wp-image-109\" src=\"http:\/\/a.a.p.p.les2truites.fr\/wp-content\/uploads\/2014\/01\/adjoint_responsable_des_travaux_2.gif\" alt=\"adjoint_responsable_des_travaux_2\" width=\"103\" height=\"91\" \/><\/p>\n<p><a href=\"http:\/\/a.a.p.p.les2truites.fr\/wp-content\/uploads\/2014\/01\/secretaire_adjoint.gif\">\u00a0<\/a><\/p>\n<p><strong><em>7) Responsable entretien machines :<\/em><\/strong> GEISSLER Marc LAC \u00e9quipe 3\u00a0<a href=\"http:\/\/a.a.p.p.les2truites.fr\/wp-content\/uploads\/2014\/01\/responsable_entretien_machines.gif\"><img loading=\"lazy\" decoding=\"async\" class=\"aligncenter size-full wp-image-97\" src=\"http:\/\/a.a.p.p.les2truites.fr\/wp-content\/uploads\/2014\/01\/responsable_entretien_machines.gif\" alt=\"responsable_entretien_machines\" width=\"109\" height=\"86\" \/><\/a><\/p>\n<p><a href=\"http:\/\/a.a.p.p.les2truites.fr\/wp-content\/uploads\/2014\/01\/tresorier.gif\">\u00a0<\/a><\/p>\n<p><strong><em>8) Responsable des travaux :<\/em><\/strong> GERODOLLE Jean-Pierre Retrait\u00e9\u00a0<a href=\"http:\/\/a.a.p.p.les2truites.fr\/wp-content\/uploads\/2014\/01\/responsable_des_travaux.gif\"><img loading=\"lazy\" decoding=\"async\" class=\"aligncenter size-full wp-image-93\" src=\"http:\/\/a.a.p.p.les2truites.fr\/wp-content\/uploads\/2014\/01\/responsable_des_travaux.gif\" alt=\"responsable_des_travaux\" width=\"119\" height=\"65\" \/><\/a><\/p>\n<p>&nbsp;<\/p>\n<p><strong><em>9) Assesseurs :<\/em><\/strong> COHU Andr\u00e9 Retrait\u00e9\u00a0<a href=\"http:\/\/a.a.p.p.les2truites.fr\/wp-content\/uploads\/2014\/01\/assesseur.gif\"><img loading=\"lazy\" decoding=\"async\" class=\"aligncenter size-full wp-image-99\" src=\"http:\/\/a.a.p.p.les2truites.fr\/wp-content\/uploads\/2014\/01\/assesseur.gif\" alt=\"assesseur\" width=\"81\" height=\"110\" \/><\/a><\/p>\n<p>&nbsp;<\/p>\n<p>LEROY David Fond \u00e9quipe 3<\/p>\n<p style=\"text-align: center;\"><a href=\"http:\/\/a.a.p.p.les2truites.fr\/wp-content\/uploads\/2014\/01\/barbecue.gif\"><img loading=\"lazy\" decoding=\"async\" class=\"aligncenter size-full wp-image-523\" src=\"http:\/\/a.a.p.p.les2truites.fr\/wp-content\/uploads\/2014\/01\/barbecue.gif\" alt=\"barbecue\" width=\"90\" height=\"98\" \/><\/a><\/p>\n<p style=\"text-align: left;\">BEYER Christian Magasin journ\u00e9e\u00a0 <img loading=\"lazy\" decoding=\"async\" class=\"aligncenter size-full wp-image-91\" src=\"http:\/\/a.a.p.p.les2truites.fr\/wp-content\/uploads\/2014\/01\/secretaire_adjoint.gif\" alt=\"secretaire_adjoint\" width=\"121\" height=\"99\" \/><\/p>\n<p><em><strong>10) Membre honoraire :<\/strong><\/em><\/p>\n<p>ZANARDINI Giovanni Retrait\u00e9\u00a0<a href=\"http:\/\/a.a.p.p.les2truites.fr\/wp-content\/uploads\/2014\/01\/ancien-President.gif\"><img loading=\"lazy\" decoding=\"async\" class=\"aligncenter size-full wp-image-104\" src=\"http:\/\/a.a.p.p.les2truites.fr\/wp-content\/uploads\/2014\/01\/ancien-President.gif\" alt=\"ancien President\" width=\"77\" height=\"105\" \/><\/a><\/p>\n<p style=\"text-align: center;\">&#8212;&#8212;&#8212;&#8212;&#8212;&#8212;&#8212;&#8212;&#8212;&#8212;&#8212;&#8212;&#8212;&#8212;&#8212;&#8212;<\/p>\n<p><a href=\"http:\/\/a.a.p.p.les2truites.fr\/wp-content\/uploads\/2014\/01\/etoile_sherif.gif\"><img loading=\"lazy\" decoding=\"async\" class=\"aligncenter size-full wp-image-101\" src=\"http:\/\/a.a.p.p.les2truites.fr\/wp-content\/uploads\/2014\/01\/etoile_sherif.gif\" alt=\"etoile_sherif\" width=\"96\" height=\"134\" \/><\/a><\/p>\n<p>&nbsp;<\/p>\n<p><strong><em>11) Gardes de p\u00eache :<\/em><\/strong> LOCQUET Philippe ENT-SF \u00e9quipe 2\u00a0<a href=\"http:\/\/a.a.p.p.les2truites.fr\/wp-content\/uploads\/2014\/01\/garde_de_peche_2.gif\"><img loading=\"lazy\" decoding=\"async\" class=\"aligncenter size-full wp-image-100\" src=\"http:\/\/a.a.p.p.les2truites.fr\/wp-content\/uploads\/2014\/01\/garde_de_peche_2.gif\" alt=\"garde_de_peche_2\" width=\"82\" height=\"154\" \/><\/a><\/p>\n<p>&nbsp;<\/p>\n<p>GILLICH Nicolas<a href=\"http:\/\/a.a.p.p.les2truites.fr\/wp-content\/uploads\/2014\/01\/garde_de_peche_3.gif\"><img loading=\"lazy\" decoding=\"async\" class=\"aligncenter size-full wp-image-103\" src=\"http:\/\/a.a.p.p.les2truites.fr\/wp-content\/uploads\/2014\/01\/garde_de_peche_3.gif\" alt=\"garde_de_peche_3\" width=\"72\" height=\"192\" \/><\/a><\/p>\n<p>&nbsp;<\/p>\n<p>KESSLER BRYAN<a href=\"http:\/\/a.a.p.p.les2truites.fr\/wp-content\/uploads\/2014\/01\/garde_de_peche_4.gif\"><img loading=\"lazy\" decoding=\"async\" class=\"aligncenter size-full wp-image-494\" src=\"http:\/\/a.a.p.p.les2truites.fr\/wp-content\/uploads\/2014\/01\/garde_de_peche_4.gif\" alt=\"garde_de_peche_4\" width=\"224\" height=\"155\" \/><\/a><\/p>\n<p><em><strong>\u00a0<\/strong><\/em><\/p>\n","protected":false},"excerpt":{"rendered":"<p>&nbsp; 1) Pr\u00e9sident : HOFER Luc ENT-SF \u00e9quipe 4\u00a0 &nbsp; 2) Vice Pr\u00e9sident : PONSOT Pascal ENT-SF equipe 5\u00a0 &nbsp; 3) Tr\u00e9sorier : JASPART P.Antoine PVD \u00e9quipe 2\u00a0 &nbsp; 4) Tr\u00e9sorier adjoint : JASPART Eliane\u00a0 &nbsp; 5) Secr\u00e9taire : HOFER Laurence\u00a0 &nbsp; 6) Secr\u00e9taire adjoint :\u00a0 FREYDRICH Matthieu ENT-SF \u00e9quipe \u2026 <a class=\"continue-reading-link\" href=\"http:\/\/a.a.p.p.les2truites.fr\/?page_id=653\"> Continue reading <span class=\"meta-nav\">&rarr; <\/span><\/a><\/p>\n","protected":false},"author":1,"featured_media":0,"parent":630,"menu_order":4,"comment_status":"closed","ping_status":"closed","template":"","meta":{"_monsterinsights_skip_tracking":false,"_monsterinsights_sitenote_active":false,"_monsterinsights_sitenote_note":"","_monsterinsights_sitenote_category":0,"footnotes":""},"class_list":["post-653","page","type-page","status-publish","hentry"],"yoast_head":"<!-- This site is optimized with the Yoast SEO plugin v27.3 - https:\/\/yoast.com\/product\/yoast-seo-wordpress\/ -->\n<title>Le comit\u00e9 2015 - AAPP les 2 truites<\/title>\n<meta name=\"robots\" content=\"index, follow, max-snippet:-1, max-image-preview:large, max-video-preview:-1\" \/>\n<link rel=\"canonical\" href=\"https:\/\/a.a.p.p.les2truites.fr\/?page_id=653\" \/>\n<meta property=\"og:locale\" content=\"fr_FR\" \/>\n<meta property=\"og:type\" content=\"article\" \/>\n<meta property=\"og:title\" content=\"Le comit\u00e9 2015 - AAPP les 2 truites\" \/>\n<meta property=\"og:description\" content=\"&nbsp; 1) Pr\u00e9sident : HOFER Luc ENT-SF \u00e9quipe 4\u00a0 &nbsp; 2) Vice Pr\u00e9sident : PONSOT Pascal ENT-SF equipe 5\u00a0 &nbsp; 3) Tr\u00e9sorier : JASPART P.Antoine PVD \u00e9quipe 2\u00a0 &nbsp; 4) Tr\u00e9sorier adjoint : JASPART Eliane\u00a0 &nbsp; 5) Secr\u00e9taire : HOFER Laurence\u00a0 &nbsp; 6) Secr\u00e9taire adjoint :\u00a0 FREYDRICH Matthieu ENT-SF \u00e9quipe \u2026 Continue reading &rarr;\" \/>\n<meta property=\"og:url\" content=\"https:\/\/a.a.p.p.les2truites.fr\/?page_id=653\" \/>\n<meta property=\"og:site_name\" content=\"AAPP les 2 truites\" \/>\n<meta property=\"article:modified_time\" content=\"2016-01-01T13:45:24+00:00\" \/>\n<meta property=\"og:image\" content=\"http:\/\/a.a.p.p.les2truites.fr\/wp-content\/uploads\/2014\/01\/president.gif\" \/>\n<script type=\"application\/ld+json\" class=\"yoast-schema-graph\">{\"@context\":\"https:\\\/\\\/schema.org\",\"@graph\":[{\"@type\":\"WebPage\",\"@id\":\"https:\\\/\\\/a.a.p.p.les2truites.fr\\\/?page_id=653\",\"url\":\"https:\\\/\\\/a.a.p.p.les2truites.fr\\\/?page_id=653\",\"name\":\"Le comit\u00e9 2015 - AAPP les 2 truites\",\"isPartOf\":{\"@id\":\"https:\\\/\\\/a.a.p.p.les2truites.fr\\\/#website\"},\"primaryImageOfPage\":{\"@id\":\"https:\\\/\\\/a.a.p.p.les2truites.fr\\\/?page_id=653#primaryimage\"},\"image\":{\"@id\":\"https:\\\/\\\/a.a.p.p.les2truites.fr\\\/?page_id=653#primaryimage\"},\"thumbnailUrl\":\"http:\\\/\\\/a.a.p.p.les2truites.fr\\\/wp-content\\\/uploads\\\/2014\\\/01\\\/president.gif\",\"datePublished\":\"2016-01-01T13:40:18+00:00\",\"dateModified\":\"2016-01-01T13:45:24+00:00\",\"breadcrumb\":{\"@id\":\"https:\\\/\\\/a.a.p.p.les2truites.fr\\\/?page_id=653#breadcrumb\"},\"inLanguage\":\"fr-FR\",\"potentialAction\":[{\"@type\":\"ReadAction\",\"target\":[\"https:\\\/\\\/a.a.p.p.les2truites.fr\\\/?page_id=653\"]}]},{\"@type\":\"ImageObject\",\"inLanguage\":\"fr-FR\",\"@id\":\"https:\\\/\\\/a.a.p.p.les2truites.fr\\\/?page_id=653#primaryimage\",\"url\":\"http:\\\/\\\/a.a.p.p.les2truites.fr\\\/wp-content\\\/uploads\\\/2014\\\/01\\\/president.gif\",\"contentUrl\":\"http:\\\/\\\/a.a.p.p.les2truites.fr\\\/wp-content\\\/uploads\\\/2014\\\/01\\\/president.gif\",\"width\":81,\"height\":93},{\"@type\":\"BreadcrumbList\",\"@id\":\"https:\\\/\\\/a.a.p.p.les2truites.fr\\\/?page_id=653#breadcrumb\",\"itemListElement\":[{\"@type\":\"ListItem\",\"position\":1,\"name\":\"Archives\",\"item\":\"http:\\\/\\\/a.a.p.p.les2truites.fr\\\/?page_id=356\"},{\"@type\":\"ListItem\",\"position\":2,\"name\":\"2015\",\"item\":\"https:\\\/\\\/a.a.p.p.les2truites.fr\\\/?page_id=630\"},{\"@type\":\"ListItem\",\"position\":3,\"name\":\"Le comit\u00e9 2015\"}]},{\"@type\":\"WebSite\",\"@id\":\"https:\\\/\\\/a.a.p.p.les2truites.fr\\\/#website\",\"url\":\"https:\\\/\\\/a.a.p.p.les2truites.fr\\\/\",\"name\":\"AAPP les 2 truites\",\"description\":\"Tous droits r\u00e9serv\u00e9s \u00a9 2011-2025\",\"potentialAction\":[{\"@type\":\"SearchAction\",\"target\":{\"@type\":\"EntryPoint\",\"urlTemplate\":\"https:\\\/\\\/a.a.p.p.les2truites.fr\\\/?s={search_term_string}\"},\"query-input\":{\"@type\":\"PropertyValueSpecification\",\"valueRequired\":true,\"valueName\":\"search_term_string\"}}],\"inLanguage\":\"fr-FR\"}]}<\/script>\n<!-- \/ Yoast SEO plugin. -->","yoast_head_json":{"title":"Le comit\u00e9 2015 - AAPP les 2 truites","robots":{"index":"index","follow":"follow","max-snippet":"max-snippet:-1","max-image-preview":"max-image-preview:large","max-video-preview":"max-video-preview:-1"},"canonical":"https:\/\/a.a.p.p.les2truites.fr\/?page_id=653","og_locale":"fr_FR","og_type":"article","og_title":"Le comit\u00e9 2015 - AAPP les 2 truites","og_description":"&nbsp; 1) Pr\u00e9sident : HOFER Luc ENT-SF \u00e9quipe 4\u00a0 &nbsp; 2) Vice Pr\u00e9sident : PONSOT Pascal ENT-SF equipe 5\u00a0 &nbsp; 3) Tr\u00e9sorier : JASPART P.Antoine PVD \u00e9quipe 2\u00a0 &nbsp; 4) Tr\u00e9sorier adjoint : JASPART Eliane\u00a0 &nbsp; 5) Secr\u00e9taire : HOFER Laurence\u00a0 &nbsp; 6) Secr\u00e9taire adjoint :\u00a0 FREYDRICH Matthieu ENT-SF \u00e9quipe \u2026 Continue reading &rarr;","og_url":"https:\/\/a.a.p.p.les2truites.fr\/?page_id=653","og_site_name":"AAPP les 2 truites","article_modified_time":"2016-01-01T13:45:24+00:00","og_image":[{"url":"http:\/\/a.a.p.p.les2truites.fr\/wp-content\/uploads\/2014\/01\/president.gif","type":"","width":"","height":""}],"schema":{"@context":"https:\/\/schema.org","@graph":[{"@type":"WebPage","@id":"https:\/\/a.a.p.p.les2truites.fr\/?page_id=653","url":"https:\/\/a.a.p.p.les2truites.fr\/?page_id=653","name":"Le comit\u00e9 2015 - AAPP les 2 truites","isPartOf":{"@id":"https:\/\/a.a.p.p.les2truites.fr\/#website"},"primaryImageOfPage":{"@id":"https:\/\/a.a.p.p.les2truites.fr\/?page_id=653#primaryimage"},"image":{"@id":"https:\/\/a.a.p.p.les2truites.fr\/?page_id=653#primaryimage"},"thumbnailUrl":"http:\/\/a.a.p.p.les2truites.fr\/wp-content\/uploads\/2014\/01\/president.gif","datePublished":"2016-01-01T13:40:18+00:00","dateModified":"2016-01-01T13:45:24+00:00","breadcrumb":{"@id":"https:\/\/a.a.p.p.les2truites.fr\/?page_id=653#breadcrumb"},"inLanguage":"fr-FR","potentialAction":[{"@type":"ReadAction","target":["https:\/\/a.a.p.p.les2truites.fr\/?page_id=653"]}]},{"@type":"ImageObject","inLanguage":"fr-FR","@id":"https:\/\/a.a.p.p.les2truites.fr\/?page_id=653#primaryimage","url":"http:\/\/a.a.p.p.les2truites.fr\/wp-content\/uploads\/2014\/01\/president.gif","contentUrl":"http:\/\/a.a.p.p.les2truites.fr\/wp-content\/uploads\/2014\/01\/president.gif","width":81,"height":93},{"@type":"BreadcrumbList","@id":"https:\/\/a.a.p.p.les2truites.fr\/?page_id=653#breadcrumb","itemListElement":[{"@type":"ListItem","position":1,"name":"Archives","item":"http:\/\/a.a.p.p.les2truites.fr\/?page_id=356"},{"@type":"ListItem","position":2,"name":"2015","item":"https:\/\/a.a.p.p.les2truites.fr\/?page_id=630"},{"@type":"ListItem","position":3,"name":"Le comit\u00e9 2015"}]},{"@type":"WebSite","@id":"https:\/\/a.a.p.p.les2truites.fr\/#website","url":"https:\/\/a.a.p.p.les2truites.fr\/","name":"AAPP les 2 truites","description":"Tous droits r\u00e9serv\u00e9s \u00a9 2011-2025","potentialAction":[{"@type":"SearchAction","target":{"@type":"EntryPoint","urlTemplate":"https:\/\/a.a.p.p.les2truites.fr\/?s={search_term_string}"},"query-input":{"@type":"PropertyValueSpecification","valueRequired":true,"valueName":"search_term_string"}}],"inLanguage":"fr-FR"}]}},"_links":{"self":[{"href":"http:\/\/a.a.p.p.les2truites.fr\/index.php?rest_route=\/wp\/v2\/pages\/653","targetHints":{"allow":["GET"]}}],"collection":[{"href":"http:\/\/a.a.p.p.les2truites.fr\/index.php?rest_route=\/wp\/v2\/pages"}],"about":[{"href":"http:\/\/a.a.p.p.les2truites.fr\/index.php?rest_route=\/wp\/v2\/types\/page"}],"author":[{"embeddable":true,"href":"http:\/\/a.a.p.p.les2truites.fr\/index.php?rest_route=\/wp\/v2\/users\/1"}],"replies":[{"embeddable":true,"href":"http:\/\/a.a.p.p.les2truites.fr\/index.php?rest_route=%2Fwp%2Fv2%2Fcomments&post=653"}],"version-history":[{"count":1,"href":"http:\/\/a.a.p.p.les2truites.fr\/index.php?rest_route=\/wp\/v2\/pages\/653\/revisions"}],"predecessor-version":[{"id":664,"href":"http:\/\/a.a.p.p.les2truites.fr\/index.php?rest_route=\/wp\/v2\/pages\/653\/revisions\/664"}],"up":[{"embeddable":true,"href":"http:\/\/a.a.p.p.les2truites.fr\/index.php?rest_route=\/wp\/v2\/pages\/630"}],"wp:attachment":[{"href":"http:\/\/a.a.p.p.les2truites.fr\/index.php?rest_route=%2Fwp%2Fv2%2Fmedia&parent=653"}],"curies":[{"name":"wp","href":"https:\/\/api.w.org\/{rel}","templated":true}]}}