{"id":656,"date":"2016-01-01T14:43:00","date_gmt":"2016-01-01T13:43:00","guid":{"rendered":"http:\/\/a.a.p.p.les2truites.fr\/?page_id=656"},"modified":"2023-02-25T11:56:07","modified_gmt":"2023-02-25T10:56:07","slug":"dates-travaux-comite","status":"publish","type":"page","link":"http:\/\/a.a.p.p.les2truites.fr\/?page_id=656","title":{"rendered":"Dates des travaux du comit\u00e9 2015"},"content":{"rendered":"<p>Afin de faciliter la demande des cartes d&rsquo;invitations, vous trouverez ci-dessous les diff\u00e9rentes dates des travaux du comit\u00e9 ainsi que l&rsquo;\u00e9tang o\u00f9 ceux-ci se d\u00e9roulent.<\/p>\n<ul>\n<li><del>Jeudi 22 janvier 2015 \u00e0 13h30, \u00e0 l&rsquo;\u00e9tang du noyer.<\/del><\/li>\n<\/ul>\n<ul>\n<li><del>Mardi 03 f\u00e9vrier 2015 \u00e0 13h30, \u00e0 l&rsquo;\u00e9tang de la fonderie.<\/del><\/li>\n<\/ul>\n<ul>\n<li><del>Vendredi 13 f\u00e9vrier 2015 \u00e0 16h30, r\u00e9union du comit\u00e9.<\/del><\/li>\n<\/ul>\n<ul>\n<li><del>Vendredi 27 f\u00e9vrier 2015 \u00e0 13h30, \u00e0 l\u00e9tang des sandres.<\/del> <strong>ANNULE<\/strong><\/li>\n<\/ul>\n<ul>\n<li><del>Jeudi 5 mars 2015 \u00e0 13h30, \u00e0 l&rsquo;\u00e9tang du noyer.<\/del><\/li>\n<\/ul>\n<ul>\n<li><del>Lundi 16 mars \u00e0 16h30, r\u00e9union du comit\u00e9.<\/del><\/li>\n<\/ul>\n<ul>\n<li>Samedi 4 avril \u00e0 13h30, \u00e0 l&rsquo;\u00e9tang du noyer.<\/li>\n<\/ul>\n<ul>\n<li>Mardi 14 avril \u00e0 13h30, \u00e0 l&rsquo;\u00e9tang du peuplier.<\/li>\n<\/ul>\n<p>&nbsp;<\/p>\n","protected":false},"excerpt":{"rendered":"<p>Afin de faciliter la demande des cartes d&rsquo;invitations, vous trouverez ci-dessous les diff\u00e9rentes dates des travaux du comit\u00e9 ainsi que l&rsquo;\u00e9tang o\u00f9 ceux-ci se d\u00e9roulent. Jeudi 22 janvier 2015 \u00e0 13h30, \u00e0 l&rsquo;\u00e9tang du noyer. Mardi 03 f\u00e9vrier 2015 \u00e0 13h30, \u00e0 l&rsquo;\u00e9tang de la fonderie. Vendredi 13 f\u00e9vrier 2015 \u2026 <a class=\"continue-reading-link\" href=\"http:\/\/a.a.p.p.les2truites.fr\/?page_id=656\"> Continue reading <span class=\"meta-nav\">&rarr; <\/span><\/a><\/p>\n","protected":false},"author":1,"featured_media":0,"parent":630,"menu_order":5,"comment_status":"closed","ping_status":"closed","template":"","meta":{"_monsterinsights_skip_tracking":false,"_monsterinsights_sitenote_active":false,"_monsterinsights_sitenote_note":"","_monsterinsights_sitenote_category":0,"footnotes":""},"class_list":["post-656","page","type-page","status-publish","hentry"],"yoast_head":"<!-- This site is optimized with the Yoast SEO plugin v27.3 - https:\/\/yoast.com\/product\/yoast-seo-wordpress\/ -->\n<title>Dates des travaux du comit\u00e9 2015 - AAPP les 2 truites<\/title>\n<meta name=\"robots\" content=\"index, follow, max-snippet:-1, max-image-preview:large, max-video-preview:-1\" \/>\n<link rel=\"canonical\" href=\"http:\/\/a.a.p.p.les2truites.fr\/?page_id=656\" \/>\n<meta property=\"og:locale\" content=\"fr_FR\" \/>\n<meta property=\"og:type\" content=\"article\" \/>\n<meta property=\"og:title\" content=\"Dates des travaux du comit\u00e9 2015 - AAPP les 2 truites\" \/>\n<meta property=\"og:description\" content=\"Afin de faciliter la demande des cartes d&rsquo;invitations, vous trouverez ci-dessous les diff\u00e9rentes dates des travaux du comit\u00e9 ainsi que l&rsquo;\u00e9tang o\u00f9 ceux-ci se d\u00e9roulent. Jeudi 22 janvier 2015 \u00e0 13h30, \u00e0 l&rsquo;\u00e9tang du noyer. Mardi 03 f\u00e9vrier 2015 \u00e0 13h30, \u00e0 l&rsquo;\u00e9tang de la fonderie. Vendredi 13 f\u00e9vrier 2015 \u2026 Continue reading &rarr;\" \/>\n<meta property=\"og:url\" content=\"http:\/\/a.a.p.p.les2truites.fr\/?page_id=656\" \/>\n<meta property=\"og:site_name\" content=\"AAPP les 2 truites\" \/>\n<meta property=\"article:modified_time\" content=\"2023-02-25T10:56:07+00:00\" \/>\n<script type=\"application\/ld+json\" class=\"yoast-schema-graph\">{\"@context\":\"https:\\\/\\\/schema.org\",\"@graph\":[{\"@type\":\"WebPage\",\"@id\":\"http:\\\/\\\/a.a.p.p.les2truites.fr\\\/?page_id=656\",\"url\":\"http:\\\/\\\/a.a.p.p.les2truites.fr\\\/?page_id=656\",\"name\":\"Dates des travaux du comit\u00e9 2015 - AAPP les 2 truites\",\"isPartOf\":{\"@id\":\"https:\\\/\\\/a.a.p.p.les2truites.fr\\\/#website\"},\"datePublished\":\"2016-01-01T13:43:00+00:00\",\"dateModified\":\"2023-02-25T10:56:07+00:00\",\"breadcrumb\":{\"@id\":\"http:\\\/\\\/a.a.p.p.les2truites.fr\\\/?page_id=656#breadcrumb\"},\"inLanguage\":\"fr-FR\",\"potentialAction\":[{\"@type\":\"ReadAction\",\"target\":[\"http:\\\/\\\/a.a.p.p.les2truites.fr\\\/?page_id=656\"]}]},{\"@type\":\"BreadcrumbList\",\"@id\":\"http:\\\/\\\/a.a.p.p.les2truites.fr\\\/?page_id=656#breadcrumb\",\"itemListElement\":[{\"@type\":\"ListItem\",\"position\":1,\"name\":\"Archives\",\"item\":\"http:\\\/\\\/a.a.p.p.les2truites.fr\\\/?page_id=356\"},{\"@type\":\"ListItem\",\"position\":2,\"name\":\"2015\",\"item\":\"https:\\\/\\\/a.a.p.p.les2truites.fr\\\/?page_id=630\"},{\"@type\":\"ListItem\",\"position\":3,\"name\":\"Dates des travaux du comit\u00e9 2015\"}]},{\"@type\":\"WebSite\",\"@id\":\"https:\\\/\\\/a.a.p.p.les2truites.fr\\\/#website\",\"url\":\"https:\\\/\\\/a.a.p.p.les2truites.fr\\\/\",\"name\":\"AAPP les 2 truites\",\"description\":\"Tous droits r\u00e9serv\u00e9s \u00a9 2011-2025\",\"potentialAction\":[{\"@type\":\"SearchAction\",\"target\":{\"@type\":\"EntryPoint\",\"urlTemplate\":\"https:\\\/\\\/a.a.p.p.les2truites.fr\\\/?s={search_term_string}\"},\"query-input\":{\"@type\":\"PropertyValueSpecification\",\"valueRequired\":true,\"valueName\":\"search_term_string\"}}],\"inLanguage\":\"fr-FR\"}]}<\/script>\n<!-- \/ Yoast SEO plugin. -->","yoast_head_json":{"title":"Dates des travaux du comit\u00e9 2015 - AAPP les 2 truites","robots":{"index":"index","follow":"follow","max-snippet":"max-snippet:-1","max-image-preview":"max-image-preview:large","max-video-preview":"max-video-preview:-1"},"canonical":"http:\/\/a.a.p.p.les2truites.fr\/?page_id=656","og_locale":"fr_FR","og_type":"article","og_title":"Dates des travaux du comit\u00e9 2015 - AAPP les 2 truites","og_description":"Afin de faciliter la demande des cartes d&rsquo;invitations, vous trouverez ci-dessous les diff\u00e9rentes dates des travaux du comit\u00e9 ainsi que l&rsquo;\u00e9tang o\u00f9 ceux-ci se d\u00e9roulent. Jeudi 22 janvier 2015 \u00e0 13h30, \u00e0 l&rsquo;\u00e9tang du noyer. Mardi 03 f\u00e9vrier 2015 \u00e0 13h30, \u00e0 l&rsquo;\u00e9tang de la fonderie. Vendredi 13 f\u00e9vrier 2015 \u2026 Continue reading &rarr;","og_url":"http:\/\/a.a.p.p.les2truites.fr\/?page_id=656","og_site_name":"AAPP les 2 truites","article_modified_time":"2023-02-25T10:56:07+00:00","schema":{"@context":"https:\/\/schema.org","@graph":[{"@type":"WebPage","@id":"http:\/\/a.a.p.p.les2truites.fr\/?page_id=656","url":"http:\/\/a.a.p.p.les2truites.fr\/?page_id=656","name":"Dates des travaux du comit\u00e9 2015 - AAPP les 2 truites","isPartOf":{"@id":"https:\/\/a.a.p.p.les2truites.fr\/#website"},"datePublished":"2016-01-01T13:43:00+00:00","dateModified":"2023-02-25T10:56:07+00:00","breadcrumb":{"@id":"http:\/\/a.a.p.p.les2truites.fr\/?page_id=656#breadcrumb"},"inLanguage":"fr-FR","potentialAction":[{"@type":"ReadAction","target":["http:\/\/a.a.p.p.les2truites.fr\/?page_id=656"]}]},{"@type":"BreadcrumbList","@id":"http:\/\/a.a.p.p.les2truites.fr\/?page_id=656#breadcrumb","itemListElement":[{"@type":"ListItem","position":1,"name":"Archives","item":"http:\/\/a.a.p.p.les2truites.fr\/?page_id=356"},{"@type":"ListItem","position":2,"name":"2015","item":"https:\/\/a.a.p.p.les2truites.fr\/?page_id=630"},{"@type":"ListItem","position":3,"name":"Dates des travaux du comit\u00e9 2015"}]},{"@type":"WebSite","@id":"https:\/\/a.a.p.p.les2truites.fr\/#website","url":"https:\/\/a.a.p.p.les2truites.fr\/","name":"AAPP les 2 truites","description":"Tous droits r\u00e9serv\u00e9s \u00a9 2011-2025","potentialAction":[{"@type":"SearchAction","target":{"@type":"EntryPoint","urlTemplate":"https:\/\/a.a.p.p.les2truites.fr\/?s={search_term_string}"},"query-input":{"@type":"PropertyValueSpecification","valueRequired":true,"valueName":"search_term_string"}}],"inLanguage":"fr-FR"}]}},"_links":{"self":[{"href":"http:\/\/a.a.p.p.les2truites.fr\/index.php?rest_route=\/wp\/v2\/pages\/656","targetHints":{"allow":["GET"]}}],"collection":[{"href":"http:\/\/a.a.p.p.les2truites.fr\/index.php?rest_route=\/wp\/v2\/pages"}],"about":[{"href":"http:\/\/a.a.p.p.les2truites.fr\/index.php?rest_route=\/wp\/v2\/types\/page"}],"author":[{"embeddable":true,"href":"http:\/\/a.a.p.p.les2truites.fr\/index.php?rest_route=\/wp\/v2\/users\/1"}],"replies":[{"embeddable":true,"href":"http:\/\/a.a.p.p.les2truites.fr\/index.php?rest_route=%2Fwp%2Fv2%2Fcomments&post=656"}],"version-history":[{"count":2,"href":"http:\/\/a.a.p.p.les2truites.fr\/index.php?rest_route=\/wp\/v2\/pages\/656\/revisions"}],"predecessor-version":[{"id":1335,"href":"http:\/\/a.a.p.p.les2truites.fr\/index.php?rest_route=\/wp\/v2\/pages\/656\/revisions\/1335"}],"up":[{"embeddable":true,"href":"http:\/\/a.a.p.p.les2truites.fr\/index.php?rest_route=\/wp\/v2\/pages\/630"}],"wp:attachment":[{"href":"http:\/\/a.a.p.p.les2truites.fr\/index.php?rest_route=%2Fwp%2Fv2%2Fmedia&parent=656"}],"curies":[{"name":"wp","href":"https:\/\/api.w.org\/{rel}","templated":true}]}}