{"id":781,"date":"2017-01-01T15:08:40","date_gmt":"2017-01-01T14:08:40","guid":{"rendered":"http:\/\/a.a.p.p.les2truites.fr\/?page_id=781"},"modified":"2017-01-01T15:08:40","modified_gmt":"2017-01-01T14:08:40","slug":"reglement-concours-2016","status":"publish","type":"page","link":"http:\/\/a.a.p.p.les2truites.fr\/?page_id=781","title":{"rendered":"R\u00e8glement des concours 2016"},"content":{"rendered":"<p>&nbsp;<\/p>\n<p><em><strong>1) REGLEMENTATION DE LA PECHE :<\/strong><\/em><\/p>\n<p>-Le concours est r\u00e9serv\u00e9 uniquement aux membres poss\u00e9dant la carte pour l\u2019ann\u00e9e en cours.<br \/>\n-Les emplacements num\u00e9rot\u00e9s sont tir\u00e9s au sort \u00e0 l\u2019inscription.<br \/>\n-Chaque p\u00eacheur est tenu de p\u00eacher \u00e0 l\u2019emplacement correspondant \u00e0 son num\u00e9ro.<br \/>\n-Une seule canne est autoris\u00e9e.<br \/>\n-Une bourriche par p\u00eacheur.<\/p>\n<p><em><strong>Utilisation obligatoire :<\/strong><\/em><\/p>\n<p>-D\u2019un flotteur fixe ou coulissant.<br \/>\n-D\u2019un seul hame\u00e7on simple, sans artifice. Aide autoris\u00e9e dans l\u2019action de p\u00eache pour \u00e9puiser.<\/p>\n<p style=\"text-align: left;\"><em><strong>2) STRICTEMENT INTERDIT :<\/strong><\/em><\/p>\n<p>-Amor\u00e7age.<br \/>\n-Leurres artificiels.<br \/>\n-P\u00eache \u00e0 la cuiller ou au vif.<br \/>\n-Toute forme de p\u00eache \u00e0 la tra\u00eene sans flotteur.<br \/>\n-De mettre les lignes \u00e0 l\u2019eau avant le d\u00e9but du concours.<br \/>\n-D\u2019avoir une deuxi\u00e8me gaule d\u00e9pli\u00e9e et pr\u00e9par\u00e9e au bord de l\u2019\u00e9tang.<\/p>\n<p><em><strong>3) SANCTIONS :<\/strong><\/em><\/p>\n<p>-Les membres du comit\u00e9 veilleront au bon respect du pr\u00e9sent r\u00e8glement.<br \/>\n-Tout p\u00eacheur commettant une infraction sera imm\u00e9diatement disqualifi\u00e9 du concours et du challenge.<br \/>\n-Le comit\u00e9 se r\u00e9serve le droit d\u2019aggraver la sanction \u00e0 l\u2019encontre du ou des p\u00eacheurs ayant enfreint le r\u00e8glement.<br \/>\n-Les sanctions pourront aller jusqu\u2019au retrait de la carte de p\u00eache.<\/p>\n","protected":false},"excerpt":{"rendered":"<p>&nbsp; 1) REGLEMENTATION DE LA PECHE : -Le concours est r\u00e9serv\u00e9 uniquement aux membres poss\u00e9dant la carte pour l\u2019ann\u00e9e en cours. -Les emplacements num\u00e9rot\u00e9s sont tir\u00e9s au sort \u00e0 l\u2019inscription. -Chaque p\u00eacheur est tenu de p\u00eacher \u00e0 l\u2019emplacement correspondant \u00e0 son num\u00e9ro. -Une seule canne est autoris\u00e9e. -Une bourriche par \u2026 <a class=\"continue-reading-link\" href=\"http:\/\/a.a.p.p.les2truites.fr\/?page_id=781\"> Continue reading <span class=\"meta-nav\">&rarr; <\/span><\/a><\/p>\n","protected":false},"author":1,"featured_media":0,"parent":779,"menu_order":2,"comment_status":"closed","ping_status":"closed","template":"","meta":{"_monsterinsights_skip_tracking":false,"_monsterinsights_sitenote_active":false,"_monsterinsights_sitenote_note":"","_monsterinsights_sitenote_category":0,"footnotes":""},"class_list":["post-781","page","type-page","status-publish","hentry"],"yoast_head":"<!-- This site is optimized with the Yoast SEO plugin v27.3 - https:\/\/yoast.com\/product\/yoast-seo-wordpress\/ -->\n<title>R\u00e8glement des concours 2016 - AAPP les 2 truites<\/title>\n<meta name=\"robots\" content=\"index, follow, max-snippet:-1, max-image-preview:large, max-video-preview:-1\" \/>\n<link rel=\"canonical\" href=\"http:\/\/a.a.p.p.les2truites.fr\/?page_id=781\" \/>\n<meta property=\"og:locale\" content=\"fr_FR\" \/>\n<meta property=\"og:type\" content=\"article\" \/>\n<meta property=\"og:title\" content=\"R\u00e8glement des concours 2016 - AAPP les 2 truites\" \/>\n<meta property=\"og:description\" content=\"&nbsp; 1) REGLEMENTATION DE LA PECHE : -Le concours est r\u00e9serv\u00e9 uniquement aux membres poss\u00e9dant la carte pour l\u2019ann\u00e9e en cours. -Les emplacements num\u00e9rot\u00e9s sont tir\u00e9s au sort \u00e0 l\u2019inscription. -Chaque p\u00eacheur est tenu de p\u00eacher \u00e0 l\u2019emplacement correspondant \u00e0 son num\u00e9ro. -Une seule canne est autoris\u00e9e. -Une bourriche par \u2026 Continue reading &rarr;\" \/>\n<meta property=\"og:url\" content=\"http:\/\/a.a.p.p.les2truites.fr\/?page_id=781\" \/>\n<meta property=\"og:site_name\" content=\"AAPP les 2 truites\" \/>\n<meta name=\"twitter:label1\" content=\"Dur\u00e9e de lecture estim\u00e9e\" \/>\n\t<meta name=\"twitter:data1\" content=\"1 minute\" \/>\n<script type=\"application\/ld+json\" class=\"yoast-schema-graph\">{\"@context\":\"https:\\\/\\\/schema.org\",\"@graph\":[{\"@type\":\"WebPage\",\"@id\":\"http:\\\/\\\/a.a.p.p.les2truites.fr\\\/?page_id=781\",\"url\":\"http:\\\/\\\/a.a.p.p.les2truites.fr\\\/?page_id=781\",\"name\":\"R\u00e8glement des concours 2016 - AAPP les 2 truites\",\"isPartOf\":{\"@id\":\"https:\\\/\\\/a.a.p.p.les2truites.fr\\\/#website\"},\"datePublished\":\"2017-01-01T14:08:40+00:00\",\"breadcrumb\":{\"@id\":\"http:\\\/\\\/a.a.p.p.les2truites.fr\\\/?page_id=781#breadcrumb\"},\"inLanguage\":\"fr-FR\",\"potentialAction\":[{\"@type\":\"ReadAction\",\"target\":[\"http:\\\/\\\/a.a.p.p.les2truites.fr\\\/?page_id=781\"]}]},{\"@type\":\"BreadcrumbList\",\"@id\":\"http:\\\/\\\/a.a.p.p.les2truites.fr\\\/?page_id=781#breadcrumb\",\"itemListElement\":[{\"@type\":\"ListItem\",\"position\":1,\"name\":\"Archives\",\"item\":\"http:\\\/\\\/a.a.p.p.les2truites.fr\\\/?page_id=356\"},{\"@type\":\"ListItem\",\"position\":2,\"name\":\"2016\",\"item\":\"https:\\\/\\\/a.a.p.p.les2truites.fr\\\/?page_id=787\"},{\"@type\":\"ListItem\",\"position\":3,\"name\":\"Infos concours 2016\",\"item\":\"https:\\\/\\\/a.a.p.p.les2truites.fr\\\/?page_id=779\"},{\"@type\":\"ListItem\",\"position\":4,\"name\":\"R\u00e8glement des concours 2016\"}]},{\"@type\":\"WebSite\",\"@id\":\"https:\\\/\\\/a.a.p.p.les2truites.fr\\\/#website\",\"url\":\"https:\\\/\\\/a.a.p.p.les2truites.fr\\\/\",\"name\":\"AAPP les 2 truites\",\"description\":\"Tous droits r\u00e9serv\u00e9s \u00a9 2011-2025\",\"potentialAction\":[{\"@type\":\"SearchAction\",\"target\":{\"@type\":\"EntryPoint\",\"urlTemplate\":\"https:\\\/\\\/a.a.p.p.les2truites.fr\\\/?s={search_term_string}\"},\"query-input\":{\"@type\":\"PropertyValueSpecification\",\"valueRequired\":true,\"valueName\":\"search_term_string\"}}],\"inLanguage\":\"fr-FR\"}]}<\/script>\n<!-- \/ Yoast SEO plugin. -->","yoast_head_json":{"title":"R\u00e8glement des concours 2016 - AAPP les 2 truites","robots":{"index":"index","follow":"follow","max-snippet":"max-snippet:-1","max-image-preview":"max-image-preview:large","max-video-preview":"max-video-preview:-1"},"canonical":"http:\/\/a.a.p.p.les2truites.fr\/?page_id=781","og_locale":"fr_FR","og_type":"article","og_title":"R\u00e8glement des concours 2016 - AAPP les 2 truites","og_description":"&nbsp; 1) REGLEMENTATION DE LA PECHE : -Le concours est r\u00e9serv\u00e9 uniquement aux membres poss\u00e9dant la carte pour l\u2019ann\u00e9e en cours. -Les emplacements num\u00e9rot\u00e9s sont tir\u00e9s au sort \u00e0 l\u2019inscription. -Chaque p\u00eacheur est tenu de p\u00eacher \u00e0 l\u2019emplacement correspondant \u00e0 son num\u00e9ro. -Une seule canne est autoris\u00e9e. -Une bourriche par \u2026 Continue reading &rarr;","og_url":"http:\/\/a.a.p.p.les2truites.fr\/?page_id=781","og_site_name":"AAPP les 2 truites","twitter_misc":{"Dur\u00e9e de lecture estim\u00e9e":"1 minute"},"schema":{"@context":"https:\/\/schema.org","@graph":[{"@type":"WebPage","@id":"http:\/\/a.a.p.p.les2truites.fr\/?page_id=781","url":"http:\/\/a.a.p.p.les2truites.fr\/?page_id=781","name":"R\u00e8glement des concours 2016 - AAPP les 2 truites","isPartOf":{"@id":"https:\/\/a.a.p.p.les2truites.fr\/#website"},"datePublished":"2017-01-01T14:08:40+00:00","breadcrumb":{"@id":"http:\/\/a.a.p.p.les2truites.fr\/?page_id=781#breadcrumb"},"inLanguage":"fr-FR","potentialAction":[{"@type":"ReadAction","target":["http:\/\/a.a.p.p.les2truites.fr\/?page_id=781"]}]},{"@type":"BreadcrumbList","@id":"http:\/\/a.a.p.p.les2truites.fr\/?page_id=781#breadcrumb","itemListElement":[{"@type":"ListItem","position":1,"name":"Archives","item":"http:\/\/a.a.p.p.les2truites.fr\/?page_id=356"},{"@type":"ListItem","position":2,"name":"2016","item":"https:\/\/a.a.p.p.les2truites.fr\/?page_id=787"},{"@type":"ListItem","position":3,"name":"Infos concours 2016","item":"https:\/\/a.a.p.p.les2truites.fr\/?page_id=779"},{"@type":"ListItem","position":4,"name":"R\u00e8glement des concours 2016"}]},{"@type":"WebSite","@id":"https:\/\/a.a.p.p.les2truites.fr\/#website","url":"https:\/\/a.a.p.p.les2truites.fr\/","name":"AAPP les 2 truites","description":"Tous droits r\u00e9serv\u00e9s \u00a9 2011-2025","potentialAction":[{"@type":"SearchAction","target":{"@type":"EntryPoint","urlTemplate":"https:\/\/a.a.p.p.les2truites.fr\/?s={search_term_string}"},"query-input":{"@type":"PropertyValueSpecification","valueRequired":true,"valueName":"search_term_string"}}],"inLanguage":"fr-FR"}]}},"_links":{"self":[{"href":"http:\/\/a.a.p.p.les2truites.fr\/index.php?rest_route=\/wp\/v2\/pages\/781","targetHints":{"allow":["GET"]}}],"collection":[{"href":"http:\/\/a.a.p.p.les2truites.fr\/index.php?rest_route=\/wp\/v2\/pages"}],"about":[{"href":"http:\/\/a.a.p.p.les2truites.fr\/index.php?rest_route=\/wp\/v2\/types\/page"}],"author":[{"embeddable":true,"href":"http:\/\/a.a.p.p.les2truites.fr\/index.php?rest_route=\/wp\/v2\/users\/1"}],"replies":[{"embeddable":true,"href":"http:\/\/a.a.p.p.les2truites.fr\/index.php?rest_route=%2Fwp%2Fv2%2Fcomments&post=781"}],"version-history":[{"count":1,"href":"http:\/\/a.a.p.p.les2truites.fr\/index.php?rest_route=\/wp\/v2\/pages\/781\/revisions"}],"predecessor-version":[{"id":811,"href":"http:\/\/a.a.p.p.les2truites.fr\/index.php?rest_route=\/wp\/v2\/pages\/781\/revisions\/811"}],"up":[{"embeddable":true,"href":"http:\/\/a.a.p.p.les2truites.fr\/index.php?rest_route=\/wp\/v2\/pages\/779"}],"wp:attachment":[{"href":"http:\/\/a.a.p.p.les2truites.fr\/index.php?rest_route=%2Fwp%2Fv2%2Fmedia&parent=781"}],"curies":[{"name":"wp","href":"https:\/\/api.w.org\/{rel}","templated":true}]}}